{"id":929,"date":"2013-03-21T16:28:54","date_gmt":"2013-03-21T15:28:54","guid":{"rendered":"http:\/\/www.avocat-bonnet.fr\/lesite\/?page_id=929"},"modified":"2013-03-21T16:28:54","modified_gmt":"2013-03-21T15:28:54","slug":"un-cabinet-davocat-en-droit-medical-lyon7-et-villeurbanne","status":"publish","type":"page","link":"https:\/\/www.avocat-bonnet.fr\/lyon-villeurbanne\/un-cabinet-davocat-en-droit-medical-lyon7-et-villeurbanne\/","title":{"rendered":"Un cabinet d&rsquo;avocat en droit m\u00e9dical (Lyon 7\u00e8me et Villeurbanne)"},"content":{"rendered":"<div>\n<p>&#8230;&#8230;&#8230;&#8230;&#8230;&#8230;&#8230;&#8230;&#8230;&#8230;..<\/p>\n<h2><strong>L\u2019indemnisation des dommages corporels<\/strong><\/h2>\n<p>Que ce soit \u00e0 la suite d&rsquo;un accident de la circulation, d&rsquo;une agression ou d&rsquo;un acte m\u00e9dical manqu\u00e9, divers pr\u00e9judices peuvent \u00eatre indemnis\u00e9s :<br \/>\n<strong>\u2013<\/strong> pr\u00e9judices patrimoniaux et extra-patrimoniaux,<br \/>\n<strong>\u2013<\/strong> pr\u00e9judices temporaires et d\u00e9finitifs,<br \/>\n<strong>\u2013<\/strong> pr\u00e9judices personnels (pr\u00e9judice de douleur, pr\u00e9judice d&rsquo;agr\u00e9ment, pr\u00e9judice esth\u00e9tique, pr\u00e9judice sexuel, pr\u00e9judice d&rsquo;\u00e9tablissement, pr\u00e9judices exceptionnels).<\/p>\n<p>Diverses <a title=\"proc\u00e9dures en droit m\u00e9dical\" href=\"http:\/\/www.avocat-bonnet.fr\/lesite\/le-droit-medical\/ \">proc\u00e9dures<\/a> sont envisageables pour obtenir r\u00e9paration de ces diff\u00e9rents pr\u00e9judices.<\/p>\n<p>&nbsp;<\/p>\n<h2><strong>La responsabilit\u00e9 m\u00e9dicale<\/strong><\/h2>\n<\/div>\n<p><!-- \/ page title -->Trois <a title=\"proc\u00e9dures en droit m\u00e9dical\" href=\"http:\/\/www.avocat-bonnet.fr\/lesite\/le-droit-medical\/ \">voies proc\u00e9durales <\/a>sont envisageables pour se faire indemniser de dommages corporels n\u00e9s d\u2019actes m\u00e9dicaux, qu&rsquo;ils \u00e9manent de m\u00e9decins lib\u00e9raux ou\u00a0d&rsquo;\u00e9tablissements de sant\u00e9, priv\u00e9s (cliniques) ou publiques (h\u00f4pitaux)\u00a0:<br \/>\n<strong>\u2013<\/strong>\u00a0la voie <strong>amiable<\/strong> devant la commission de conciliation et d\u2019indemnisation (C.C.I.) ;<br \/>\n<strong>\u2013<\/strong>\u00a0la voie <strong>contentieuse<\/strong>, devant le tribunal de grande instance lorsqu\u2019est en cause un professionnel de sant\u00e9 lib\u00e9ral ou un \u00e9tablissement de sant\u00e9 priv\u00e9, ou devant le tribunal administratif en pr\u00e9sence d\u2019un h\u00f4pital public,<br \/>\n<strong>\u2013<\/strong>\u00a0la voie <strong>p\u00e9nale<\/strong>, devant le juge d\u2019instruction puis le tribunal correctionnel.<\/p>\n<p>&nbsp;<\/p>\n<div><\/div>\n","protected":false},"excerpt":{"rendered":"<p>&#8230;&#8230;&#8230;&#8230;&#8230;&#8230;&#8230;&#8230;&#8230;&#8230;.. L\u2019indemnisation des dommages corporels Que ce soit \u00e0 la suite d&rsquo;un accident de la circulation, d&rsquo;une agression ou d&rsquo;un acte m\u00e9dical manqu\u00e9, divers pr\u00e9judices peuvent \u00eatre indemnis\u00e9s : \u2013 pr\u00e9judices patrimoniaux et extra-patrimoniaux, \u2013 pr\u00e9judices temporaires et d\u00e9finitifs, \u2013 pr\u00e9judices personnels (pr\u00e9judice de douleur, pr\u00e9judice d&rsquo;agr\u00e9ment, pr\u00e9judice esth\u00e9tique, pr\u00e9judice sexuel, pr\u00e9judice d&rsquo;\u00e9tablissement, pr\u00e9judices exceptionnels). [&hellip;]<\/p>\n","protected":false},"author":4,"featured_media":413,"parent":0,"menu_order":0,"comment_status":"open","ping_status":"closed","template":"","meta":{"_et_pb_use_builder":"","_et_pb_old_content":"","_et_gb_content_width":"","footnotes":""},"yoast_head":"<!-- This site is optimized with the Yoast SEO plugin v22.3 - https:\/\/yoast.com\/wordpress\/plugins\/seo\/ -->\n<title>Un cabinet d&#039;avocat en droit m\u00e9dical (Lyon 7\u00e8me et Villeurbanne) - Nicolas Bonnet - Avocat Lyon et Villeurbanne, divorce, droit m\u00e9dical, travail, litiges de la consommation...<\/title>\n<meta name=\"description\" content=\"Maitre Bonnet est particuli\u00e8rement comp\u00e9tent en droit m\u00e9dial et dans les proc\u00e9dures qui en d\u00e9pendent (responsabilit\u00e9, indemnisation des dommages corporels)\" \/>\n<meta name=\"robots\" content=\"index, follow, max-snippet:-1, max-image-preview:large, max-video-preview:-1\" \/>\n<link rel=\"canonical\" href=\"https:\/\/www.avocat-bonnet.fr\/lyon-villeurbanne\/un-cabinet-davocat-en-droit-medical-lyon7-et-villeurbanne\/\" \/>\n<meta property=\"og:locale\" content=\"fr_FR\" \/>\n<meta property=\"og:type\" content=\"article\" \/>\n<meta property=\"og:title\" content=\"Un cabinet d&#039;avocat en droit m\u00e9dical (Lyon 7\u00e8me et Villeurbanne) - Nicolas Bonnet - Avocat Lyon et Villeurbanne, divorce, droit m\u00e9dical, travail, litiges de la consommation...\" \/>\n<meta property=\"og:description\" content=\"Maitre Bonnet est particuli\u00e8rement comp\u00e9tent en droit m\u00e9dial et dans les proc\u00e9dures qui en d\u00e9pendent (responsabilit\u00e9, indemnisation des dommages corporels)\" \/>\n<meta property=\"og:url\" content=\"https:\/\/www.avocat-bonnet.fr\/lyon-villeurbanne\/un-cabinet-davocat-en-droit-medical-lyon7-et-villeurbanne\/\" \/>\n<meta property=\"og:site_name\" content=\"Nicolas Bonnet - Avocat Lyon et Villeurbanne, divorce, droit m\u00e9dical, travail, litiges de la consommation...\" \/>\n<meta property=\"og:image\" content=\"https:\/\/www.avocat-bonnet.fr\/lyon-villeurbanne\/wp-content\/uploads\/2012\/09\/IMGP6824.jpg\" \/>\n\t<meta property=\"og:image:width\" content=\"2880\" \/>\n\t<meta property=\"og:image:height\" content=\"1913\" \/>\n\t<meta property=\"og:image:type\" content=\"image\/jpeg\" \/>\n<meta name=\"twitter:card\" content=\"summary_large_image\" \/>\n<meta name=\"twitter:label1\" content=\"Dur\u00e9e de lecture estim\u00e9e\" \/>\n\t<meta name=\"twitter:data1\" content=\"1 minute\" \/>\n<script type=\"application\/ld+json\" class=\"yoast-schema-graph\">{\"@context\":\"https:\/\/schema.org\",\"@graph\":[{\"@type\":\"WebPage\",\"@id\":\"https:\/\/www.avocat-bonnet.fr\/lyon-villeurbanne\/un-cabinet-davocat-en-droit-medical-lyon7-et-villeurbanne\/\",\"url\":\"https:\/\/www.avocat-bonnet.fr\/lyon-villeurbanne\/un-cabinet-davocat-en-droit-medical-lyon7-et-villeurbanne\/\",\"name\":\"Un cabinet d'avocat en droit m\u00e9dical (Lyon 7\u00e8me et Villeurbanne) - Nicolas Bonnet - Avocat Lyon et Villeurbanne, divorce, droit m\u00e9dical, travail, litiges de la consommation...\",\"isPartOf\":{\"@id\":\"https:\/\/www.avocat-bonnet.fr\/lyon-villeurbanne\/#website\"},\"primaryImageOfPage\":{\"@id\":\"https:\/\/www.avocat-bonnet.fr\/lyon-villeurbanne\/un-cabinet-davocat-en-droit-medical-lyon7-et-villeurbanne\/#primaryimage\"},\"image\":{\"@id\":\"https:\/\/www.avocat-bonnet.fr\/lyon-villeurbanne\/un-cabinet-davocat-en-droit-medical-lyon7-et-villeurbanne\/#primaryimage\"},\"thumbnailUrl\":\"https:\/\/www.avocat-bonnet.fr\/lyon-villeurbanne\/wp-content\/uploads\/2012\/09\/IMGP6824.jpg\",\"datePublished\":\"2013-03-21T15:28:54+00:00\",\"dateModified\":\"2013-03-21T15:28:54+00:00\",\"description\":\"Maitre Bonnet est particuli\u00e8rement comp\u00e9tent en droit m\u00e9dial et dans les proc\u00e9dures qui en d\u00e9pendent (responsabilit\u00e9, indemnisation des dommages corporels)\",\"breadcrumb\":{\"@id\":\"https:\/\/www.avocat-bonnet.fr\/lyon-villeurbanne\/un-cabinet-davocat-en-droit-medical-lyon7-et-villeurbanne\/#breadcrumb\"},\"inLanguage\":\"fr-FR\",\"potentialAction\":[{\"@type\":\"ReadAction\",\"target\":[\"https:\/\/www.avocat-bonnet.fr\/lyon-villeurbanne\/un-cabinet-davocat-en-droit-medical-lyon7-et-villeurbanne\/\"]}]},{\"@type\":\"ImageObject\",\"inLanguage\":\"fr-FR\",\"@id\":\"https:\/\/www.avocat-bonnet.fr\/lyon-villeurbanne\/un-cabinet-davocat-en-droit-medical-lyon7-et-villeurbanne\/#primaryimage\",\"url\":\"https:\/\/www.avocat-bonnet.fr\/lyon-villeurbanne\/wp-content\/uploads\/2012\/09\/IMGP6824.jpg\",\"contentUrl\":\"https:\/\/www.avocat-bonnet.fr\/lyon-villeurbanne\/wp-content\/uploads\/2012\/09\/IMGP6824.jpg\",\"width\":2880,\"height\":1913},{\"@type\":\"BreadcrumbList\",\"@id\":\"https:\/\/www.avocat-bonnet.fr\/lyon-villeurbanne\/un-cabinet-davocat-en-droit-medical-lyon7-et-villeurbanne\/#breadcrumb\",\"itemListElement\":[{\"@type\":\"ListItem\",\"position\":1,\"name\":\"Accueil\",\"item\":\"https:\/\/www.avocat-bonnet.fr\/lyon-villeurbanne\/\"},{\"@type\":\"ListItem\",\"position\":2,\"name\":\"Un cabinet d&rsquo;avocat en droit m\u00e9dical (Lyon 7\u00e8me et Villeurbanne)\"}]},{\"@type\":\"WebSite\",\"@id\":\"https:\/\/www.avocat-bonnet.fr\/lyon-villeurbanne\/#website\",\"url\":\"https:\/\/www.avocat-bonnet.fr\/lyon-villeurbanne\/\",\"name\":\"Nicolas Bonnet - Avocat Lyon et Villeurbanne, divorce, droit m\u00e9dical, travail, litiges de la consommation...\",\"description\":\"Un cabinet d&#039;avocat d\u00e9di\u00e9 au droit des particuliers, commer\u00e7ants et petites entreprises...\",\"publisher\":{\"@id\":\"https:\/\/www.avocat-bonnet.fr\/lyon-villeurbanne\/#\/schema\/person\/53ccc962871a33e31889adc918b8794d\"},\"potentialAction\":[{\"@type\":\"SearchAction\",\"target\":{\"@type\":\"EntryPoint\",\"urlTemplate\":\"https:\/\/www.avocat-bonnet.fr\/lyon-villeurbanne\/?s={search_term_string}\"},\"query-input\":\"required name=search_term_string\"}],\"inLanguage\":\"fr-FR\"},{\"@type\":[\"Person\",\"Organization\"],\"@id\":\"https:\/\/www.avocat-bonnet.fr\/lyon-villeurbanne\/#\/schema\/person\/53ccc962871a33e31889adc918b8794d\",\"name\":\"Nicolas Bonnet\",\"logo\":{\"@id\":\"https:\/\/www.avocat-bonnet.fr\/lyon-villeurbanne\/#\/schema\/person\/image\/\"}}]}<\/script>\n<!-- \/ Yoast SEO plugin. -->","yoast_head_json":{"title":"Un cabinet d'avocat en droit m\u00e9dical (Lyon 7\u00e8me et Villeurbanne) - Nicolas Bonnet - Avocat Lyon et Villeurbanne, divorce, droit m\u00e9dical, travail, litiges de la consommation...","description":"Maitre Bonnet est particuli\u00e8rement comp\u00e9tent en droit m\u00e9dial et dans les proc\u00e9dures qui en d\u00e9pendent (responsabilit\u00e9, indemnisation des dommages corporels)","robots":{"index":"index","follow":"follow","max-snippet":"max-snippet:-1","max-image-preview":"max-image-preview:large","max-video-preview":"max-video-preview:-1"},"canonical":"https:\/\/www.avocat-bonnet.fr\/lyon-villeurbanne\/un-cabinet-davocat-en-droit-medical-lyon7-et-villeurbanne\/","og_locale":"fr_FR","og_type":"article","og_title":"Un cabinet d'avocat en droit m\u00e9dical (Lyon 7\u00e8me et Villeurbanne) - Nicolas Bonnet - Avocat Lyon et Villeurbanne, divorce, droit m\u00e9dical, travail, litiges de la consommation...","og_description":"Maitre Bonnet est particuli\u00e8rement comp\u00e9tent en droit m\u00e9dial et dans les proc\u00e9dures qui en d\u00e9pendent (responsabilit\u00e9, indemnisation des dommages corporels)","og_url":"https:\/\/www.avocat-bonnet.fr\/lyon-villeurbanne\/un-cabinet-davocat-en-droit-medical-lyon7-et-villeurbanne\/","og_site_name":"Nicolas Bonnet - Avocat Lyon et Villeurbanne, divorce, droit m\u00e9dical, travail, litiges de la consommation...","og_image":[{"width":2880,"height":1913,"url":"https:\/\/www.avocat-bonnet.fr\/lyon-villeurbanne\/wp-content\/uploads\/2012\/09\/IMGP6824.jpg","type":"image\/jpeg"}],"twitter_card":"summary_large_image","twitter_misc":{"Dur\u00e9e de lecture estim\u00e9e":"1 minute"},"schema":{"@context":"https:\/\/schema.org","@graph":[{"@type":"WebPage","@id":"https:\/\/www.avocat-bonnet.fr\/lyon-villeurbanne\/un-cabinet-davocat-en-droit-medical-lyon7-et-villeurbanne\/","url":"https:\/\/www.avocat-bonnet.fr\/lyon-villeurbanne\/un-cabinet-davocat-en-droit-medical-lyon7-et-villeurbanne\/","name":"Un cabinet d'avocat en droit m\u00e9dical (Lyon 7\u00e8me et Villeurbanne) - Nicolas Bonnet - Avocat Lyon et Villeurbanne, divorce, droit m\u00e9dical, travail, litiges de la consommation...","isPartOf":{"@id":"https:\/\/www.avocat-bonnet.fr\/lyon-villeurbanne\/#website"},"primaryImageOfPage":{"@id":"https:\/\/www.avocat-bonnet.fr\/lyon-villeurbanne\/un-cabinet-davocat-en-droit-medical-lyon7-et-villeurbanne\/#primaryimage"},"image":{"@id":"https:\/\/www.avocat-bonnet.fr\/lyon-villeurbanne\/un-cabinet-davocat-en-droit-medical-lyon7-et-villeurbanne\/#primaryimage"},"thumbnailUrl":"https:\/\/www.avocat-bonnet.fr\/lyon-villeurbanne\/wp-content\/uploads\/2012\/09\/IMGP6824.jpg","datePublished":"2013-03-21T15:28:54+00:00","dateModified":"2013-03-21T15:28:54+00:00","description":"Maitre Bonnet est particuli\u00e8rement comp\u00e9tent en droit m\u00e9dial et dans les proc\u00e9dures qui en d\u00e9pendent (responsabilit\u00e9, indemnisation des dommages corporels)","breadcrumb":{"@id":"https:\/\/www.avocat-bonnet.fr\/lyon-villeurbanne\/un-cabinet-davocat-en-droit-medical-lyon7-et-villeurbanne\/#breadcrumb"},"inLanguage":"fr-FR","potentialAction":[{"@type":"ReadAction","target":["https:\/\/www.avocat-bonnet.fr\/lyon-villeurbanne\/un-cabinet-davocat-en-droit-medical-lyon7-et-villeurbanne\/"]}]},{"@type":"ImageObject","inLanguage":"fr-FR","@id":"https:\/\/www.avocat-bonnet.fr\/lyon-villeurbanne\/un-cabinet-davocat-en-droit-medical-lyon7-et-villeurbanne\/#primaryimage","url":"https:\/\/www.avocat-bonnet.fr\/lyon-villeurbanne\/wp-content\/uploads\/2012\/09\/IMGP6824.jpg","contentUrl":"https:\/\/www.avocat-bonnet.fr\/lyon-villeurbanne\/wp-content\/uploads\/2012\/09\/IMGP6824.jpg","width":2880,"height":1913},{"@type":"BreadcrumbList","@id":"https:\/\/www.avocat-bonnet.fr\/lyon-villeurbanne\/un-cabinet-davocat-en-droit-medical-lyon7-et-villeurbanne\/#breadcrumb","itemListElement":[{"@type":"ListItem","position":1,"name":"Accueil","item":"https:\/\/www.avocat-bonnet.fr\/lyon-villeurbanne\/"},{"@type":"ListItem","position":2,"name":"Un cabinet d&rsquo;avocat en droit m\u00e9dical (Lyon 7\u00e8me et Villeurbanne)"}]},{"@type":"WebSite","@id":"https:\/\/www.avocat-bonnet.fr\/lyon-villeurbanne\/#website","url":"https:\/\/www.avocat-bonnet.fr\/lyon-villeurbanne\/","name":"Nicolas Bonnet - Avocat Lyon et Villeurbanne, divorce, droit m\u00e9dical, travail, litiges de la consommation...","description":"Un cabinet d&#039;avocat d\u00e9di\u00e9 au droit des particuliers, commer\u00e7ants et petites entreprises...","publisher":{"@id":"https:\/\/www.avocat-bonnet.fr\/lyon-villeurbanne\/#\/schema\/person\/53ccc962871a33e31889adc918b8794d"},"potentialAction":[{"@type":"SearchAction","target":{"@type":"EntryPoint","urlTemplate":"https:\/\/www.avocat-bonnet.fr\/lyon-villeurbanne\/?s={search_term_string}"},"query-input":"required name=search_term_string"}],"inLanguage":"fr-FR"},{"@type":["Person","Organization"],"@id":"https:\/\/www.avocat-bonnet.fr\/lyon-villeurbanne\/#\/schema\/person\/53ccc962871a33e31889adc918b8794d","name":"Nicolas Bonnet","logo":{"@id":"https:\/\/www.avocat-bonnet.fr\/lyon-villeurbanne\/#\/schema\/person\/image\/"}}]}},"_links":{"self":[{"href":"https:\/\/www.avocat-bonnet.fr\/lyon-villeurbanne\/wp-json\/wp\/v2\/pages\/929"}],"collection":[{"href":"https:\/\/www.avocat-bonnet.fr\/lyon-villeurbanne\/wp-json\/wp\/v2\/pages"}],"about":[{"href":"https:\/\/www.avocat-bonnet.fr\/lyon-villeurbanne\/wp-json\/wp\/v2\/types\/page"}],"author":[{"embeddable":true,"href":"https:\/\/www.avocat-bonnet.fr\/lyon-villeurbanne\/wp-json\/wp\/v2\/users\/4"}],"replies":[{"embeddable":true,"href":"https:\/\/www.avocat-bonnet.fr\/lyon-villeurbanne\/wp-json\/wp\/v2\/comments?post=929"}],"version-history":[{"count":0,"href":"https:\/\/www.avocat-bonnet.fr\/lyon-villeurbanne\/wp-json\/wp\/v2\/pages\/929\/revisions"}],"wp:featuredmedia":[{"embeddable":true,"href":"https:\/\/www.avocat-bonnet.fr\/lyon-villeurbanne\/wp-json\/wp\/v2\/media\/413"}],"wp:attachment":[{"href":"https:\/\/www.avocat-bonnet.fr\/lyon-villeurbanne\/wp-json\/wp\/v2\/media?parent=929"}],"curies":[{"name":"wp","href":"https:\/\/api.w.org\/{rel}","templated":true}]}}