{"id":75,"date":"2012-09-20T14:24:17","date_gmt":"2012-09-20T13:24:17","guid":{"rendered":"http:\/\/cluster015.ovh.net\/~avocatbo\/lesite\/?page_id=75"},"modified":"2018-09-27T09:34:44","modified_gmt":"2018-09-27T07:34:44","slug":"specialisation-et-formations-recentes","status":"publish","type":"page","link":"https:\/\/www.avocat-bonnet.fr\/lyon-villeurbanne\/specialisation-et-formations-recentes\/","title":{"rendered":"Formations de l&rsquo;avocat r\u00e9centes"},"content":{"rendered":"<h4><strong>Les avocats sont tenus de suivre 20 heures au minimum par an de formation professionnelle continue,<\/strong> qui doivent \u00eatre valid\u00e9es par l&rsquo;ordre auquel ils appartiennent. Dans ce cadre, Ma\u00eetre Nicolas Bonnet, comme tout bon avocat, a derni\u00e8rement suivi des formations sur les th\u00e8mes suivants :<\/h4>\n<ul>\n<li>le divorce par consentement mutuel (divorce sans juge) : un an apr\u00e8s (4 heures)<\/li>\n<li>l&rsquo;indemnisation des dommages corporels devant le juge judiciaire et le juge administratif (6 heures)<\/li>\n<li>la proc\u00e9dure participative (3 heures)<\/li>\n<li>module\u00a0de <a title=\"le droit m\u00e9dical\" href=\"http:\/\/www.avocat-bonnet.fr\/lesite\/le-droit-medical\/\">droit m\u00e9dical <\/a>(responsabilit\u00e9 m\u00e9dicale, r\u00e9paration des dommages corporels, accidents m\u00e9dicaux,&#8230;\u00a0\/ 38 heures)<\/li>\n<li>l&rsquo;acte d&rsquo;avocat (3 heures)<\/li>\n<li>nouvelles comp\u00e9tences et proc\u00e9dure devant le juge aux affaires familiales (4 heures)<\/li>\n<li>les violences familiales (5 heures)<\/li>\n<li>la fiscalit\u00e9 du foyer (3 heures)<\/li>\n<li>la nouvelle proc\u00e9dure devant la cour d&rsquo;appel (3 heures)<\/li>\n<\/ul>\n","protected":false},"excerpt":{"rendered":"<p>Ma\u00eetre Nicolas Bonnet, comme tout bon avocat, a derni\u00e8rement suivi des formations sur des th\u00e8mes de droit du particulier&#8230;<\/p>\n","protected":false},"author":4,"featured_media":125,"parent":0,"menu_order":2,"comment_status":"closed","ping_status":"closed","template":"","meta":{"_et_pb_use_builder":"","_et_pb_old_content":"","_et_gb_content_width":"","footnotes":""},"yoast_head":"<!-- This site is optimized with the Yoast SEO plugin v22.3 - https:\/\/yoast.com\/wordpress\/plugins\/seo\/ -->\n<title>Formations de l&#039;avocat r\u00e9centes - Nicolas Bonnet - Avocat Lyon et Villeurbanne, divorce, droit m\u00e9dical, travail, litiges de la consommation...<\/title>\n<meta name=\"description\" content=\"Formations r\u00e9centes : Le divorce par consentement mutuel (sans juge), l\u2019indemnisation des dommages corporels, AEU de droit m\u00e9dical...\" \/>\n<meta name=\"robots\" content=\"index, follow, max-snippet:-1, max-image-preview:large, max-video-preview:-1\" \/>\n<link rel=\"canonical\" href=\"https:\/\/www.avocat-bonnet.fr\/lyon-villeurbanne\/specialisation-et-formations-recentes\/\" \/>\n<meta property=\"og:locale\" content=\"fr_FR\" \/>\n<meta property=\"og:type\" content=\"article\" \/>\n<meta property=\"og:title\" content=\"Formations de l&#039;avocat r\u00e9centes - Nicolas Bonnet - Avocat Lyon et Villeurbanne, divorce, droit m\u00e9dical, travail, litiges de la consommation...\" \/>\n<meta property=\"og:description\" content=\"Formations r\u00e9centes : Le divorce par consentement mutuel (sans juge), l\u2019indemnisation des dommages corporels, AEU de droit m\u00e9dical...\" \/>\n<meta property=\"og:url\" content=\"https:\/\/www.avocat-bonnet.fr\/lyon-villeurbanne\/specialisation-et-formations-recentes\/\" \/>\n<meta property=\"og:site_name\" content=\"Nicolas Bonnet - Avocat Lyon et Villeurbanne, divorce, droit m\u00e9dical, travail, litiges de la consommation...\" \/>\n<meta property=\"article:modified_time\" content=\"2018-09-27T07:34:44+00:00\" \/>\n<meta property=\"og:image\" content=\"https:\/\/www.avocat-bonnet.fr\/lyon-villeurbanne\/wp-content\/uploads\/2012\/09\/IMGP7040-1024x860.jpg\" \/>\n\t<meta property=\"og:image:width\" content=\"1024\" \/>\n\t<meta property=\"og:image:height\" content=\"860\" \/>\n\t<meta property=\"og:image:type\" content=\"image\/jpeg\" \/>\n<meta name=\"twitter:card\" content=\"summary_large_image\" \/>\n<meta name=\"twitter:label1\" content=\"Dur\u00e9e de lecture estim\u00e9e\" \/>\n\t<meta name=\"twitter:data1\" content=\"1 minute\" \/>\n<script type=\"application\/ld+json\" class=\"yoast-schema-graph\">{\"@context\":\"https:\/\/schema.org\",\"@graph\":[{\"@type\":\"WebPage\",\"@id\":\"https:\/\/www.avocat-bonnet.fr\/lyon-villeurbanne\/specialisation-et-formations-recentes\/\",\"url\":\"https:\/\/www.avocat-bonnet.fr\/lyon-villeurbanne\/specialisation-et-formations-recentes\/\",\"name\":\"Formations de l'avocat r\u00e9centes - Nicolas Bonnet - Avocat Lyon et Villeurbanne, divorce, droit m\u00e9dical, travail, litiges de la consommation...\",\"isPartOf\":{\"@id\":\"https:\/\/www.avocat-bonnet.fr\/lyon-villeurbanne\/#website\"},\"primaryImageOfPage\":{\"@id\":\"https:\/\/www.avocat-bonnet.fr\/lyon-villeurbanne\/specialisation-et-formations-recentes\/#primaryimage\"},\"image\":{\"@id\":\"https:\/\/www.avocat-bonnet.fr\/lyon-villeurbanne\/specialisation-et-formations-recentes\/#primaryimage\"},\"thumbnailUrl\":\"https:\/\/www.avocat-bonnet.fr\/lyon-villeurbanne\/wp-content\/uploads\/2012\/09\/IMGP7040-1024x860.jpg\",\"datePublished\":\"2012-09-20T13:24:17+00:00\",\"dateModified\":\"2018-09-27T07:34:44+00:00\",\"description\":\"Formations r\u00e9centes : Le divorce par consentement mutuel (sans juge), l\u2019indemnisation des dommages corporels, AEU de droit m\u00e9dical...\",\"breadcrumb\":{\"@id\":\"https:\/\/www.avocat-bonnet.fr\/lyon-villeurbanne\/specialisation-et-formations-recentes\/#breadcrumb\"},\"inLanguage\":\"fr-FR\",\"potentialAction\":[{\"@type\":\"ReadAction\",\"target\":[\"https:\/\/www.avocat-bonnet.fr\/lyon-villeurbanne\/specialisation-et-formations-recentes\/\"]}]},{\"@type\":\"ImageObject\",\"inLanguage\":\"fr-FR\",\"@id\":\"https:\/\/www.avocat-bonnet.fr\/lyon-villeurbanne\/specialisation-et-formations-recentes\/#primaryimage\",\"url\":\"https:\/\/www.avocat-bonnet.fr\/lyon-villeurbanne\/wp-content\/uploads\/2012\/09\/IMGP7040-1024x860.jpg\",\"contentUrl\":\"https:\/\/www.avocat-bonnet.fr\/lyon-villeurbanne\/wp-content\/uploads\/2012\/09\/IMGP7040-1024x860.jpg\",\"width\":1024,\"height\":860,\"caption\":\"Ma\u00eetre Nicolas Bonnet avocat \u00e0 Lyon 7 et Villeurbanne. Sp\u00e9cialiste droit m\u00e9dical, sant\u00e9, famille, travail, divorce, pension alimentaire, licenciement...\"},{\"@type\":\"BreadcrumbList\",\"@id\":\"https:\/\/www.avocat-bonnet.fr\/lyon-villeurbanne\/specialisation-et-formations-recentes\/#breadcrumb\",\"itemListElement\":[{\"@type\":\"ListItem\",\"position\":1,\"name\":\"Accueil\",\"item\":\"https:\/\/www.avocat-bonnet.fr\/lyon-villeurbanne\/\"},{\"@type\":\"ListItem\",\"position\":2,\"name\":\"Formations de l&rsquo;avocat r\u00e9centes\"}]},{\"@type\":\"WebSite\",\"@id\":\"https:\/\/www.avocat-bonnet.fr\/lyon-villeurbanne\/#website\",\"url\":\"https:\/\/www.avocat-bonnet.fr\/lyon-villeurbanne\/\",\"name\":\"Nicolas Bonnet - Avocat Lyon et Villeurbanne, divorce, droit m\u00e9dical, travail, litiges de la consommation...\",\"description\":\"Un cabinet d&#039;avocat d\u00e9di\u00e9 au droit des particuliers, commer\u00e7ants et petites entreprises...\",\"publisher\":{\"@id\":\"https:\/\/www.avocat-bonnet.fr\/lyon-villeurbanne\/#\/schema\/person\/53ccc962871a33e31889adc918b8794d\"},\"potentialAction\":[{\"@type\":\"SearchAction\",\"target\":{\"@type\":\"EntryPoint\",\"urlTemplate\":\"https:\/\/www.avocat-bonnet.fr\/lyon-villeurbanne\/?s={search_term_string}\"},\"query-input\":\"required name=search_term_string\"}],\"inLanguage\":\"fr-FR\"},{\"@type\":[\"Person\",\"Organization\"],\"@id\":\"https:\/\/www.avocat-bonnet.fr\/lyon-villeurbanne\/#\/schema\/person\/53ccc962871a33e31889adc918b8794d\",\"name\":\"Nicolas Bonnet\",\"logo\":{\"@id\":\"https:\/\/www.avocat-bonnet.fr\/lyon-villeurbanne\/#\/schema\/person\/image\/\"}}]}<\/script>\n<!-- \/ Yoast SEO plugin. -->","yoast_head_json":{"title":"Formations de l'avocat r\u00e9centes - Nicolas Bonnet - Avocat Lyon et Villeurbanne, divorce, droit m\u00e9dical, travail, litiges de la consommation...","description":"Formations r\u00e9centes : Le divorce par consentement mutuel (sans juge), l\u2019indemnisation des dommages corporels, AEU de droit m\u00e9dical...","robots":{"index":"index","follow":"follow","max-snippet":"max-snippet:-1","max-image-preview":"max-image-preview:large","max-video-preview":"max-video-preview:-1"},"canonical":"https:\/\/www.avocat-bonnet.fr\/lyon-villeurbanne\/specialisation-et-formations-recentes\/","og_locale":"fr_FR","og_type":"article","og_title":"Formations de l'avocat r\u00e9centes - Nicolas Bonnet - Avocat Lyon et Villeurbanne, divorce, droit m\u00e9dical, travail, litiges de la consommation...","og_description":"Formations r\u00e9centes : Le divorce par consentement mutuel (sans juge), l\u2019indemnisation des dommages corporels, AEU de droit m\u00e9dical...","og_url":"https:\/\/www.avocat-bonnet.fr\/lyon-villeurbanne\/specialisation-et-formations-recentes\/","og_site_name":"Nicolas Bonnet - Avocat Lyon et Villeurbanne, divorce, droit m\u00e9dical, travail, litiges de la consommation...","article_modified_time":"2018-09-27T07:34:44+00:00","og_image":[{"width":1024,"height":860,"url":"https:\/\/www.avocat-bonnet.fr\/lyon-villeurbanne\/wp-content\/uploads\/2012\/09\/IMGP7040-1024x860.jpg","type":"image\/jpeg"}],"twitter_card":"summary_large_image","twitter_misc":{"Dur\u00e9e de lecture estim\u00e9e":"1 minute"},"schema":{"@context":"https:\/\/schema.org","@graph":[{"@type":"WebPage","@id":"https:\/\/www.avocat-bonnet.fr\/lyon-villeurbanne\/specialisation-et-formations-recentes\/","url":"https:\/\/www.avocat-bonnet.fr\/lyon-villeurbanne\/specialisation-et-formations-recentes\/","name":"Formations de l'avocat r\u00e9centes - Nicolas Bonnet - Avocat Lyon et Villeurbanne, divorce, droit m\u00e9dical, travail, litiges de la consommation...","isPartOf":{"@id":"https:\/\/www.avocat-bonnet.fr\/lyon-villeurbanne\/#website"},"primaryImageOfPage":{"@id":"https:\/\/www.avocat-bonnet.fr\/lyon-villeurbanne\/specialisation-et-formations-recentes\/#primaryimage"},"image":{"@id":"https:\/\/www.avocat-bonnet.fr\/lyon-villeurbanne\/specialisation-et-formations-recentes\/#primaryimage"},"thumbnailUrl":"https:\/\/www.avocat-bonnet.fr\/lyon-villeurbanne\/wp-content\/uploads\/2012\/09\/IMGP7040-1024x860.jpg","datePublished":"2012-09-20T13:24:17+00:00","dateModified":"2018-09-27T07:34:44+00:00","description":"Formations r\u00e9centes : Le divorce par consentement mutuel (sans juge), l\u2019indemnisation des dommages corporels, AEU de droit m\u00e9dical...","breadcrumb":{"@id":"https:\/\/www.avocat-bonnet.fr\/lyon-villeurbanne\/specialisation-et-formations-recentes\/#breadcrumb"},"inLanguage":"fr-FR","potentialAction":[{"@type":"ReadAction","target":["https:\/\/www.avocat-bonnet.fr\/lyon-villeurbanne\/specialisation-et-formations-recentes\/"]}]},{"@type":"ImageObject","inLanguage":"fr-FR","@id":"https:\/\/www.avocat-bonnet.fr\/lyon-villeurbanne\/specialisation-et-formations-recentes\/#primaryimage","url":"https:\/\/www.avocat-bonnet.fr\/lyon-villeurbanne\/wp-content\/uploads\/2012\/09\/IMGP7040-1024x860.jpg","contentUrl":"https:\/\/www.avocat-bonnet.fr\/lyon-villeurbanne\/wp-content\/uploads\/2012\/09\/IMGP7040-1024x860.jpg","width":1024,"height":860,"caption":"Ma\u00eetre Nicolas Bonnet avocat \u00e0 Lyon 7 et Villeurbanne. Sp\u00e9cialiste droit m\u00e9dical, sant\u00e9, famille, travail, divorce, pension alimentaire, licenciement..."},{"@type":"BreadcrumbList","@id":"https:\/\/www.avocat-bonnet.fr\/lyon-villeurbanne\/specialisation-et-formations-recentes\/#breadcrumb","itemListElement":[{"@type":"ListItem","position":1,"name":"Accueil","item":"https:\/\/www.avocat-bonnet.fr\/lyon-villeurbanne\/"},{"@type":"ListItem","position":2,"name":"Formations de l&rsquo;avocat r\u00e9centes"}]},{"@type":"WebSite","@id":"https:\/\/www.avocat-bonnet.fr\/lyon-villeurbanne\/#website","url":"https:\/\/www.avocat-bonnet.fr\/lyon-villeurbanne\/","name":"Nicolas Bonnet - Avocat Lyon et Villeurbanne, divorce, droit m\u00e9dical, travail, litiges de la consommation...","description":"Un cabinet d&#039;avocat d\u00e9di\u00e9 au droit des particuliers, commer\u00e7ants et petites entreprises...","publisher":{"@id":"https:\/\/www.avocat-bonnet.fr\/lyon-villeurbanne\/#\/schema\/person\/53ccc962871a33e31889adc918b8794d"},"potentialAction":[{"@type":"SearchAction","target":{"@type":"EntryPoint","urlTemplate":"https:\/\/www.avocat-bonnet.fr\/lyon-villeurbanne\/?s={search_term_string}"},"query-input":"required name=search_term_string"}],"inLanguage":"fr-FR"},{"@type":["Person","Organization"],"@id":"https:\/\/www.avocat-bonnet.fr\/lyon-villeurbanne\/#\/schema\/person\/53ccc962871a33e31889adc918b8794d","name":"Nicolas Bonnet","logo":{"@id":"https:\/\/www.avocat-bonnet.fr\/lyon-villeurbanne\/#\/schema\/person\/image\/"}}]}},"_links":{"self":[{"href":"https:\/\/www.avocat-bonnet.fr\/lyon-villeurbanne\/wp-json\/wp\/v2\/pages\/75"}],"collection":[{"href":"https:\/\/www.avocat-bonnet.fr\/lyon-villeurbanne\/wp-json\/wp\/v2\/pages"}],"about":[{"href":"https:\/\/www.avocat-bonnet.fr\/lyon-villeurbanne\/wp-json\/wp\/v2\/types\/page"}],"author":[{"embeddable":true,"href":"https:\/\/www.avocat-bonnet.fr\/lyon-villeurbanne\/wp-json\/wp\/v2\/users\/4"}],"replies":[{"embeddable":true,"href":"https:\/\/www.avocat-bonnet.fr\/lyon-villeurbanne\/wp-json\/wp\/v2\/comments?post=75"}],"version-history":[{"count":0,"href":"https:\/\/www.avocat-bonnet.fr\/lyon-villeurbanne\/wp-json\/wp\/v2\/pages\/75\/revisions"}],"wp:featuredmedia":[{"embeddable":true,"href":"https:\/\/www.avocat-bonnet.fr\/lyon-villeurbanne\/wp-json\/wp\/v2\/media\/125"}],"wp:attachment":[{"href":"https:\/\/www.avocat-bonnet.fr\/lyon-villeurbanne\/wp-json\/wp\/v2\/media?parent=75"}],"curies":[{"name":"wp","href":"https:\/\/api.w.org\/{rel}","templated":true}]}}