{"id":53,"date":"2012-09-20T14:10:18","date_gmt":"2012-09-20T13:10:18","guid":{"rendered":"http:\/\/cluster015.ovh.net\/~avocatbo\/lesite\/?page_id=53"},"modified":"2022-04-05T19:24:27","modified_gmt":"2022-04-05T17:24:27","slug":"honoraires-davocat","status":"publish","type":"page","link":"https:\/\/www.avocat-bonnet.fr\/lyon-villeurbanne\/honoraires-davocat\/","title":{"rendered":"Les honoraires de l&rsquo;avocat"},"content":{"rendered":"<p><strong>Les consultations sont facturables<\/strong> lorsqu\u2019elles constituent un acte isol\u00e9, c\u2019est \u00e0 dire qu\u2019elles ne donnent pas lieu \u00e0 l\u2019ouverture d\u2019un dossier (proc\u00e9dure devant une juridiction ou intervention non contentieuse)<strong> :<br \/>\n<\/strong>\u2013 les consultations simples 60 \u20ac (d\u2019une dur\u00e9e d\u2019environ 30mn, ne n\u00e9cessitant pas l\u2019examen de pi\u00e8ces ; montant pr\u00e9conis\u00e9 par l\u2019Ordre des avocats),<br \/>\n\u2013 les consultations d\u00e9taill\u00e9es ou \u00e9crites en fonction du temps pass\u00e9 ou au forfait.<\/p>\n<p>Conform\u00e9ment \u00e0 la r\u00e8glementation, le <strong>montant des honoraires d&rsquo;avocat<\/strong> d\u00e9pend de la difficult\u00e9 de l&rsquo;affaire, de l\u2019importance de l\u2019int\u00e9r\u00eat en cause, du temps consacr\u00e9 par l&rsquo;avocat, de la situation personnelle du client, et \u00e9ventuellement pour partie du r\u00e9sultat obtenu.<\/p>\n<p>Les honoraires sont fix\u00e9s <strong>par accord entre l\u2019avocat et son client<\/strong> selon l&rsquo;une des modalit\u00e9s suivantes :<br \/>\n<strong>\u2022 <\/strong>soit par un <strong>forfait de proc\u00e9dure<\/strong>, lorsque les diligences \u00e0 accomplir sont facilement pr\u00e9visibles (<a title=\"Le divorce par consentement mutuel\" href=\"http:\/\/www.avocat-bonnet.fr\/lesite\/le-divorce-par-consentement-mutuel\/\">divorce par consentement mutuel<\/a>, r\u00e9vision de pension alimentaire),<br \/>\n<strong>\u2022<\/strong> soit <strong>en fonction du temps pass\u00e9<\/strong>, par application d&rsquo;un tarif horaire de 150 \u20ac HT ou de 200 \u20ac HT en droit m\u00e9dical et de la r\u00e9paration des pr\u00e9judices corporels,<br \/>\n<strong>\u2022 <\/strong>soit, en <a title=\"le droit m\u00e9dical\" href=\"http:\/\/www.avocat-bonnet.fr\/lesite\/le-droit-medical\/\">droit m\u00e9dical <\/a>notamment,\u00a0par le panachage d\u2019une partie fixe et d\u2019une partie en proportion du <strong>r\u00e9sultat obtenu<\/strong> (gain ou perte \u00e9vit\u00e9e) ; il doit \u00eatre not\u00e9 que les honoraires seulement de r\u00e9sultat sont interdits.<\/p>\n<p><strong>Ne sont pas compris <\/strong>dans les honoraires<strong> :<\/strong><br \/>\n<strong>\u2022<\/strong> les frais de d\u00e9placement et d\u2019h\u00e9bergement, remboursables sur facture,<br \/>\n<strong>\u2022<\/strong> les frais de proc\u00e9dure : le timbre fiscal obligatoire en appel de 225 \u20ac, les droits de plaidoirie (13 \u20ac par audience), les timbres de notification (2,63 \u20ac par acte et par adversaire),<br \/>\n<strong>\u2022 <\/strong>les r\u00e9mun\u00e9rations des autres professionnels (huissiers, experts, \u2026).<\/p>\n<p>Une<strong> convention d&rsquo;honoraires<\/strong> sera \u00e9tablie.<\/p>\n<p><strong>Une provision<\/strong> (acompte sur les honoraires d\u00e9finitifs) est demand\u00e9e avant toute intervention.<\/p>\n<p><strong>R\u00e8glement de pr\u00e9f\u00e9rence par ch\u00e8que ou virement,<\/strong> \u00e9ventuellement\u00a0en esp\u00e8ces ; possibilit\u00e9s d&rsquo;\u00e9chelonnement \u00e0 convenir en fonction de votre situation.<\/p>\n<p>V\u00e9rifiez si vous avez souscrit une <strong>assurance protection juridique<\/strong> (ou \u00ab\u00a0d\u00e9fense-recours\u00a0\u00bb) susceptible de prendre en charge tout ou partie de vos frais de justice (honoraires d\u2019avocat, mais aussi d\u2019expert) ; sachez que votre assureur ne peut pas vous imposer d&rsquo;avocat.<\/p>\n<p><strong>L&rsquo;aide juridictionnelle <\/strong>(possible uniquement pour agir ou se d\u00e9fendre devant un tribunal) est accept\u00e9e pour les affaires familiales (dans les autres domaines, voir avec Ma\u00eetre BONNET), selon le bar\u00e8me l\u00e9gal de ressources (voir d\u00e9tails sur <a href=\"http:\/\/www.justice.gouv.fr\/publication\/fp_aide_juridictionnelle.pdf\">www.justice.gouv.fr\/publication\/fp_aide_juridictionnelle.pdf<\/a>).<br \/>\n<em>Attention :<\/em> aucune prestation ne sera effectu\u00e9e tant qu&rsquo;un dossier de demande d&rsquo;aide juridictionnelle complet n&rsquo;aura pas \u00e9t\u00e9 fourni (formulaire disponible au cabinet, au nouveau palais de justice de Lyon et dans les Maisons de Justice et du Droit, ou sur <a href=\"http:\/\/www.formulaires.modernisation.gouv.fr\/gf\/cerfa_12467.do\">http:\/\/www.formulaires.modernisation.gouv.fr\/gf\/cerfa_12467.do<\/a>).<\/p>\n<p><strong>Les contestations<\/strong> relatives aux honoraires sont tranch\u00e9es par le b\u00e2tonnier de l&rsquo;ordre des avocats et, en appel, par le premier pr\u00e9sident de la cour d&rsquo;appel (voir sur <a href=\"http:\/\/www.barreaulyon.com\">www.barreaulyon.com<\/a>).<\/p>\n<p>Il vous est toutefois possible, au pr\u00e9alable et apr\u00e8s une demande \u00e9crite faite \u00e0 Ma\u00eetre BONNET, de saisir <strong>le m\u00e9diateur de la consommation de la profession d\u2019avocat :<\/strong><br \/>\nAdresse postale : 22 rue de Londres, 75009 Paris<br \/>\nAdresse email : mediateur@mediateur-consommation-avocat.fr<br \/>\nSite Internet : <a href=\"http:\/\/mediateur-consommation-avocat.fr\">https:\/\/mediateur-consommation-avocat.fr<\/a><\/p>\n<p><em><strong>A savoir :<\/strong><\/em> <strong>la r\u00e9mun\u00e9ration personnelle de l&rsquo;avocat est constitu\u00e9e<\/strong> des honoraires apr\u00e8s d\u00e9duction de la TVA (20%), des frais\u00a0g\u00e9n\u00e9raux du cabinet et des charges sociales de l&rsquo;avocat (environ 50% des honoraires nets de TVA pour ces deux postes), soit<strong> seulement d&rsquo;\u00e0 peine 40% des sommes encaiss\u00e9es<\/strong>.<\/p>\n","protected":false},"excerpt":{"rendered":"<p>Les consultations sont facturables lorsqu\u2019elles constituent un acte isol\u00e9, c\u2019est \u00e0 dire qu\u2019elles ne donnent pas lieu \u00e0 l\u2019ouverture d\u2019un dossier (proc\u00e9dure devant une juridiction ou intervention non contentieuse) : \u2013 les consultations simples 60 \u20ac (d\u2019une dur\u00e9e d\u2019environ 30mn, ne n\u00e9cessitant pas l\u2019examen de pi\u00e8ces ; montant pr\u00e9conis\u00e9 par l\u2019Ordre des avocats), \u2013 les [&hellip;]<\/p>\n","protected":false},"author":4,"featured_media":461,"parent":0,"menu_order":3,"comment_status":"closed","ping_status":"open","template":"","meta":{"_et_pb_use_builder":"","_et_pb_old_content":"","_et_gb_content_width":"","footnotes":""},"yoast_head":"<!-- This site is optimized with the Yoast SEO plugin v22.3 - https:\/\/yoast.com\/wordpress\/plugins\/seo\/ -->\n<title>Les honoraires de l&#039;avocat - Nicolas Bonnet - Avocat Lyon et Villeurbanne, divorce, droit m\u00e9dical, travail, litiges de la consommation...<\/title>\n<meta name=\"description\" content=\"Les consultations d&#039;avocat sont facturables (honoraires) lorsqu\u2019elles constituent un acte isol\u00e9, qu\u2019elles ne donnent pas lieu \u00e0 l\u2019ouverture d\u2019un dossier\" \/>\n<meta name=\"robots\" content=\"index, follow, max-snippet:-1, max-image-preview:large, max-video-preview:-1\" \/>\n<link rel=\"canonical\" href=\"https:\/\/www.avocat-bonnet.fr\/lyon-villeurbanne\/honoraires-davocat\/\" \/>\n<meta property=\"og:locale\" content=\"fr_FR\" \/>\n<meta property=\"og:type\" content=\"article\" \/>\n<meta property=\"og:title\" content=\"Les honoraires de l&#039;avocat - Nicolas Bonnet - Avocat Lyon et Villeurbanne, divorce, droit m\u00e9dical, travail, litiges de la consommation...\" \/>\n<meta property=\"og:description\" content=\"Les consultations d&#039;avocat sont facturables (honoraires) lorsqu\u2019elles constituent un acte isol\u00e9, qu\u2019elles ne donnent pas lieu \u00e0 l\u2019ouverture d\u2019un dossier\" \/>\n<meta property=\"og:url\" content=\"https:\/\/www.avocat-bonnet.fr\/lyon-villeurbanne\/honoraires-davocat\/\" \/>\n<meta property=\"og:site_name\" content=\"Nicolas Bonnet - Avocat Lyon et Villeurbanne, divorce, droit m\u00e9dical, travail, litiges de la consommation...\" \/>\n<meta property=\"article:modified_time\" content=\"2022-04-05T17:24:27+00:00\" \/>\n<meta property=\"og:image\" content=\"https:\/\/www.avocat-bonnet.fr\/lyon-villeurbanne\/wp-content\/uploads\/2012\/09\/arrhes_fotolia.com_40952023-e1352903613446.jpg\" \/>\n\t<meta property=\"og:image:width\" content=\"313\" \/>\n\t<meta property=\"og:image:height\" content=\"300\" \/>\n\t<meta property=\"og:image:type\" content=\"image\/jpeg\" \/>\n<meta name=\"twitter:card\" content=\"summary_large_image\" \/>\n<meta name=\"twitter:label1\" content=\"Dur\u00e9e de lecture estim\u00e9e\" \/>\n\t<meta name=\"twitter:data1\" content=\"3 minutes\" \/>\n<script type=\"application\/ld+json\" class=\"yoast-schema-graph\">{\"@context\":\"https:\/\/schema.org\",\"@graph\":[{\"@type\":\"WebPage\",\"@id\":\"https:\/\/www.avocat-bonnet.fr\/lyon-villeurbanne\/honoraires-davocat\/\",\"url\":\"https:\/\/www.avocat-bonnet.fr\/lyon-villeurbanne\/honoraires-davocat\/\",\"name\":\"Les honoraires de l'avocat - Nicolas Bonnet - Avocat Lyon et Villeurbanne, divorce, droit m\u00e9dical, travail, litiges de la consommation...\",\"isPartOf\":{\"@id\":\"https:\/\/www.avocat-bonnet.fr\/lyon-villeurbanne\/#website\"},\"primaryImageOfPage\":{\"@id\":\"https:\/\/www.avocat-bonnet.fr\/lyon-villeurbanne\/honoraires-davocat\/#primaryimage\"},\"image\":{\"@id\":\"https:\/\/www.avocat-bonnet.fr\/lyon-villeurbanne\/honoraires-davocat\/#primaryimage\"},\"thumbnailUrl\":\"https:\/\/www.avocat-bonnet.fr\/lyon-villeurbanne\/wp-content\/uploads\/2012\/09\/arrhes_fotolia.com_40952023-e1352903613446.jpg\",\"datePublished\":\"2012-09-20T13:10:18+00:00\",\"dateModified\":\"2022-04-05T17:24:27+00:00\",\"description\":\"Les consultations d'avocat sont facturables (honoraires) lorsqu\u2019elles constituent un acte isol\u00e9, qu\u2019elles ne donnent pas lieu \u00e0 l\u2019ouverture d\u2019un dossier\",\"breadcrumb\":{\"@id\":\"https:\/\/www.avocat-bonnet.fr\/lyon-villeurbanne\/honoraires-davocat\/#breadcrumb\"},\"inLanguage\":\"fr-FR\",\"potentialAction\":[{\"@type\":\"ReadAction\",\"target\":[\"https:\/\/www.avocat-bonnet.fr\/lyon-villeurbanne\/honoraires-davocat\/\"]}]},{\"@type\":\"ImageObject\",\"inLanguage\":\"fr-FR\",\"@id\":\"https:\/\/www.avocat-bonnet.fr\/lyon-villeurbanne\/honoraires-davocat\/#primaryimage\",\"url\":\"https:\/\/www.avocat-bonnet.fr\/lyon-villeurbanne\/wp-content\/uploads\/2012\/09\/arrhes_fotolia.com_40952023-e1352903613446.jpg\",\"contentUrl\":\"https:\/\/www.avocat-bonnet.fr\/lyon-villeurbanne\/wp-content\/uploads\/2012\/09\/arrhes_fotolia.com_40952023-e1352903613446.jpg\",\"width\":313,\"height\":300,\"caption\":\"Honoraires d'avocat sur Lyon ou Villeurbanne\"},{\"@type\":\"BreadcrumbList\",\"@id\":\"https:\/\/www.avocat-bonnet.fr\/lyon-villeurbanne\/honoraires-davocat\/#breadcrumb\",\"itemListElement\":[{\"@type\":\"ListItem\",\"position\":1,\"name\":\"Accueil\",\"item\":\"https:\/\/www.avocat-bonnet.fr\/lyon-villeurbanne\/\"},{\"@type\":\"ListItem\",\"position\":2,\"name\":\"Les honoraires de l&rsquo;avocat\"}]},{\"@type\":\"WebSite\",\"@id\":\"https:\/\/www.avocat-bonnet.fr\/lyon-villeurbanne\/#website\",\"url\":\"https:\/\/www.avocat-bonnet.fr\/lyon-villeurbanne\/\",\"name\":\"Nicolas Bonnet - Avocat Lyon et Villeurbanne, divorce, droit m\u00e9dical, travail, litiges de la consommation...\",\"description\":\"Un cabinet d&#039;avocat d\u00e9di\u00e9 au droit des particuliers, commer\u00e7ants et petites entreprises...\",\"publisher\":{\"@id\":\"https:\/\/www.avocat-bonnet.fr\/lyon-villeurbanne\/#\/schema\/person\/53ccc962871a33e31889adc918b8794d\"},\"potentialAction\":[{\"@type\":\"SearchAction\",\"target\":{\"@type\":\"EntryPoint\",\"urlTemplate\":\"https:\/\/www.avocat-bonnet.fr\/lyon-villeurbanne\/?s={search_term_string}\"},\"query-input\":\"required name=search_term_string\"}],\"inLanguage\":\"fr-FR\"},{\"@type\":[\"Person\",\"Organization\"],\"@id\":\"https:\/\/www.avocat-bonnet.fr\/lyon-villeurbanne\/#\/schema\/person\/53ccc962871a33e31889adc918b8794d\",\"name\":\"Nicolas Bonnet\",\"logo\":{\"@id\":\"https:\/\/www.avocat-bonnet.fr\/lyon-villeurbanne\/#\/schema\/person\/image\/\"}}]}<\/script>\n<!-- \/ Yoast SEO plugin. -->","yoast_head_json":{"title":"Les honoraires de l'avocat - Nicolas Bonnet - Avocat Lyon et Villeurbanne, divorce, droit m\u00e9dical, travail, litiges de la consommation...","description":"Les consultations d'avocat sont facturables (honoraires) lorsqu\u2019elles constituent un acte isol\u00e9, qu\u2019elles ne donnent pas lieu \u00e0 l\u2019ouverture d\u2019un dossier","robots":{"index":"index","follow":"follow","max-snippet":"max-snippet:-1","max-image-preview":"max-image-preview:large","max-video-preview":"max-video-preview:-1"},"canonical":"https:\/\/www.avocat-bonnet.fr\/lyon-villeurbanne\/honoraires-davocat\/","og_locale":"fr_FR","og_type":"article","og_title":"Les honoraires de l'avocat - Nicolas Bonnet - Avocat Lyon et Villeurbanne, divorce, droit m\u00e9dical, travail, litiges de la consommation...","og_description":"Les consultations d'avocat sont facturables (honoraires) lorsqu\u2019elles constituent un acte isol\u00e9, qu\u2019elles ne donnent pas lieu \u00e0 l\u2019ouverture d\u2019un dossier","og_url":"https:\/\/www.avocat-bonnet.fr\/lyon-villeurbanne\/honoraires-davocat\/","og_site_name":"Nicolas Bonnet - Avocat Lyon et Villeurbanne, divorce, droit m\u00e9dical, travail, litiges de la consommation...","article_modified_time":"2022-04-05T17:24:27+00:00","og_image":[{"width":313,"height":300,"url":"https:\/\/www.avocat-bonnet.fr\/lyon-villeurbanne\/wp-content\/uploads\/2012\/09\/arrhes_fotolia.com_40952023-e1352903613446.jpg","type":"image\/jpeg"}],"twitter_card":"summary_large_image","twitter_misc":{"Dur\u00e9e de lecture estim\u00e9e":"3 minutes"},"schema":{"@context":"https:\/\/schema.org","@graph":[{"@type":"WebPage","@id":"https:\/\/www.avocat-bonnet.fr\/lyon-villeurbanne\/honoraires-davocat\/","url":"https:\/\/www.avocat-bonnet.fr\/lyon-villeurbanne\/honoraires-davocat\/","name":"Les honoraires de l'avocat - Nicolas Bonnet - Avocat Lyon et Villeurbanne, divorce, droit m\u00e9dical, travail, litiges de la consommation...","isPartOf":{"@id":"https:\/\/www.avocat-bonnet.fr\/lyon-villeurbanne\/#website"},"primaryImageOfPage":{"@id":"https:\/\/www.avocat-bonnet.fr\/lyon-villeurbanne\/honoraires-davocat\/#primaryimage"},"image":{"@id":"https:\/\/www.avocat-bonnet.fr\/lyon-villeurbanne\/honoraires-davocat\/#primaryimage"},"thumbnailUrl":"https:\/\/www.avocat-bonnet.fr\/lyon-villeurbanne\/wp-content\/uploads\/2012\/09\/arrhes_fotolia.com_40952023-e1352903613446.jpg","datePublished":"2012-09-20T13:10:18+00:00","dateModified":"2022-04-05T17:24:27+00:00","description":"Les consultations d'avocat sont facturables (honoraires) lorsqu\u2019elles constituent un acte isol\u00e9, qu\u2019elles ne donnent pas lieu \u00e0 l\u2019ouverture d\u2019un dossier","breadcrumb":{"@id":"https:\/\/www.avocat-bonnet.fr\/lyon-villeurbanne\/honoraires-davocat\/#breadcrumb"},"inLanguage":"fr-FR","potentialAction":[{"@type":"ReadAction","target":["https:\/\/www.avocat-bonnet.fr\/lyon-villeurbanne\/honoraires-davocat\/"]}]},{"@type":"ImageObject","inLanguage":"fr-FR","@id":"https:\/\/www.avocat-bonnet.fr\/lyon-villeurbanne\/honoraires-davocat\/#primaryimage","url":"https:\/\/www.avocat-bonnet.fr\/lyon-villeurbanne\/wp-content\/uploads\/2012\/09\/arrhes_fotolia.com_40952023-e1352903613446.jpg","contentUrl":"https:\/\/www.avocat-bonnet.fr\/lyon-villeurbanne\/wp-content\/uploads\/2012\/09\/arrhes_fotolia.com_40952023-e1352903613446.jpg","width":313,"height":300,"caption":"Honoraires d'avocat sur Lyon ou Villeurbanne"},{"@type":"BreadcrumbList","@id":"https:\/\/www.avocat-bonnet.fr\/lyon-villeurbanne\/honoraires-davocat\/#breadcrumb","itemListElement":[{"@type":"ListItem","position":1,"name":"Accueil","item":"https:\/\/www.avocat-bonnet.fr\/lyon-villeurbanne\/"},{"@type":"ListItem","position":2,"name":"Les honoraires de l&rsquo;avocat"}]},{"@type":"WebSite","@id":"https:\/\/www.avocat-bonnet.fr\/lyon-villeurbanne\/#website","url":"https:\/\/www.avocat-bonnet.fr\/lyon-villeurbanne\/","name":"Nicolas Bonnet - Avocat Lyon et Villeurbanne, divorce, droit m\u00e9dical, travail, litiges de la consommation...","description":"Un cabinet d&#039;avocat d\u00e9di\u00e9 au droit des particuliers, commer\u00e7ants et petites entreprises...","publisher":{"@id":"https:\/\/www.avocat-bonnet.fr\/lyon-villeurbanne\/#\/schema\/person\/53ccc962871a33e31889adc918b8794d"},"potentialAction":[{"@type":"SearchAction","target":{"@type":"EntryPoint","urlTemplate":"https:\/\/www.avocat-bonnet.fr\/lyon-villeurbanne\/?s={search_term_string}"},"query-input":"required name=search_term_string"}],"inLanguage":"fr-FR"},{"@type":["Person","Organization"],"@id":"https:\/\/www.avocat-bonnet.fr\/lyon-villeurbanne\/#\/schema\/person\/53ccc962871a33e31889adc918b8794d","name":"Nicolas Bonnet","logo":{"@id":"https:\/\/www.avocat-bonnet.fr\/lyon-villeurbanne\/#\/schema\/person\/image\/"}}]}},"_links":{"self":[{"href":"https:\/\/www.avocat-bonnet.fr\/lyon-villeurbanne\/wp-json\/wp\/v2\/pages\/53"}],"collection":[{"href":"https:\/\/www.avocat-bonnet.fr\/lyon-villeurbanne\/wp-json\/wp\/v2\/pages"}],"about":[{"href":"https:\/\/www.avocat-bonnet.fr\/lyon-villeurbanne\/wp-json\/wp\/v2\/types\/page"}],"author":[{"embeddable":true,"href":"https:\/\/www.avocat-bonnet.fr\/lyon-villeurbanne\/wp-json\/wp\/v2\/users\/4"}],"replies":[{"embeddable":true,"href":"https:\/\/www.avocat-bonnet.fr\/lyon-villeurbanne\/wp-json\/wp\/v2\/comments?post=53"}],"version-history":[{"count":4,"href":"https:\/\/www.avocat-bonnet.fr\/lyon-villeurbanne\/wp-json\/wp\/v2\/pages\/53\/revisions"}],"predecessor-version":[{"id":3847,"href":"https:\/\/www.avocat-bonnet.fr\/lyon-villeurbanne\/wp-json\/wp\/v2\/pages\/53\/revisions\/3847"}],"wp:featuredmedia":[{"embeddable":true,"href":"https:\/\/www.avocat-bonnet.fr\/lyon-villeurbanne\/wp-json\/wp\/v2\/media\/461"}],"wp:attachment":[{"href":"https:\/\/www.avocat-bonnet.fr\/lyon-villeurbanne\/wp-json\/wp\/v2\/media?parent=53"}],"curies":[{"name":"wp","href":"https:\/\/api.w.org\/{rel}","templated":true}]}}