{"id":507,"date":"2012-11-14T21:13:27","date_gmt":"2012-11-14T20:13:27","guid":{"rendered":"http:\/\/www.avocat-bonnet.fr\/lesite\/?page_id=507"},"modified":"2012-11-14T21:13:27","modified_gmt":"2012-11-14T20:13:27","slug":"le-droit-de-la-consommation","status":"publish","type":"page","link":"https:\/\/www.avocat-bonnet.fr\/lyon-villeurbanne\/le-droit-de-la-consommation\/","title":{"rendered":"Le droit de la consommation"},"content":{"rendered":"<p>Devant le tribunal d&rsquo;instance, la repr\u00e9sentation par avocat n&rsquo;est pas obligatoire, mais s&rsquo;av\u00e9rer fortement utile.<br \/>\nLa proc\u00e9dure au fond, apr\u00e8s des \u00e9changes de conclusions \u00e9crites entre avocats, au bout d\u2019environ 10 mois \u00e0 Lyon et \u00e0 Villeurbanne, donne lieu \u00e0 un jugement.<br \/>\nChacune des parties dispose d\u2019un droit d\u2019appel, puis du pourvoi en cassation.<\/p>\n","protected":false},"excerpt":{"rendered":"<p>Devant le tribunal d&rsquo;instance, la repr\u00e9sentation par avocat n&rsquo;est pas obligatoire, mais s&rsquo;av\u00e9rer fortement utile. La proc\u00e9dure au fond, apr\u00e8s des \u00e9changes de conclusions \u00e9crites entre avocats, au bout d\u2019environ 10 mois \u00e0 Lyon et \u00e0 Villeurbanne, donne lieu \u00e0 un jugement. Chacune des parties dispose d\u2019un droit d\u2019appel, puis du pourvoi en cassation.<\/p>\n","protected":false},"author":4,"featured_media":1562,"parent":0,"menu_order":2,"comment_status":"closed","ping_status":"open","template":"","meta":{"_et_pb_use_builder":"","_et_pb_old_content":"","_et_gb_content_width":"","footnotes":""},"yoast_head":"<!-- This site is optimized with the Yoast SEO plugin v22.3 - https:\/\/yoast.com\/wordpress\/plugins\/seo\/ -->\n<title>Le droit de la consommation - Nicolas Bonnet - Avocat Lyon et Villeurbanne, divorce, droit m\u00e9dical, travail, litiges de la consommation...<\/title>\n<meta name=\"robots\" content=\"index, follow, max-snippet:-1, max-image-preview:large, max-video-preview:-1\" \/>\n<link rel=\"canonical\" href=\"https:\/\/www.avocat-bonnet.fr\/lyon-villeurbanne\/le-droit-de-la-consommation\/\" \/>\n<meta property=\"og:locale\" content=\"fr_FR\" \/>\n<meta property=\"og:type\" content=\"article\" \/>\n<meta property=\"og:title\" content=\"Le droit de la consommation - Nicolas Bonnet - Avocat Lyon et Villeurbanne, divorce, droit m\u00e9dical, travail, litiges de la consommation...\" \/>\n<meta property=\"og:description\" content=\"Devant le tribunal d&rsquo;instance, la repr\u00e9sentation par avocat n&rsquo;est pas obligatoire, mais s&rsquo;av\u00e9rer fortement utile. La proc\u00e9dure au fond, apr\u00e8s des \u00e9changes de conclusions \u00e9crites entre avocats, au bout d\u2019environ 10 mois \u00e0 Lyon et \u00e0 Villeurbanne, donne lieu \u00e0 un jugement. Chacune des parties dispose d\u2019un droit d\u2019appel, puis du pourvoi en cassation.\" \/>\n<meta property=\"og:url\" content=\"https:\/\/www.avocat-bonnet.fr\/lyon-villeurbanne\/le-droit-de-la-consommation\/\" \/>\n<meta property=\"og:site_name\" content=\"Nicolas Bonnet - Avocat Lyon et Villeurbanne, divorce, droit m\u00e9dical, travail, litiges de la consommation...\" \/>\n<meta property=\"og:image\" content=\"https:\/\/www.avocat-bonnet.fr\/lyon-villeurbanne\/wp-content\/uploads\/2018\/06\/Defaut-image.jpg\" \/>\n\t<meta property=\"og:image:width\" content=\"300\" \/>\n\t<meta property=\"og:image:height\" content=\"200\" \/>\n\t<meta property=\"og:image:type\" content=\"image\/jpeg\" \/>\n<meta name=\"twitter:card\" content=\"summary_large_image\" \/>\n<script type=\"application\/ld+json\" class=\"yoast-schema-graph\">{\"@context\":\"https:\/\/schema.org\",\"@graph\":[{\"@type\":\"WebPage\",\"@id\":\"https:\/\/www.avocat-bonnet.fr\/lyon-villeurbanne\/le-droit-de-la-consommation\/\",\"url\":\"https:\/\/www.avocat-bonnet.fr\/lyon-villeurbanne\/le-droit-de-la-consommation\/\",\"name\":\"Le droit de la consommation - Nicolas Bonnet - Avocat Lyon et Villeurbanne, divorce, droit m\u00e9dical, travail, litiges de la consommation...\",\"isPartOf\":{\"@id\":\"https:\/\/www.avocat-bonnet.fr\/lyon-villeurbanne\/#website\"},\"primaryImageOfPage\":{\"@id\":\"https:\/\/www.avocat-bonnet.fr\/lyon-villeurbanne\/le-droit-de-la-consommation\/#primaryimage\"},\"image\":{\"@id\":\"https:\/\/www.avocat-bonnet.fr\/lyon-villeurbanne\/le-droit-de-la-consommation\/#primaryimage\"},\"thumbnailUrl\":\"https:\/\/www.avocat-bonnet.fr\/lyon-villeurbanne\/wp-content\/uploads\/2018\/06\/Defaut-image.jpg\",\"datePublished\":\"2012-11-14T20:13:27+00:00\",\"dateModified\":\"2012-11-14T20:13:27+00:00\",\"breadcrumb\":{\"@id\":\"https:\/\/www.avocat-bonnet.fr\/lyon-villeurbanne\/le-droit-de-la-consommation\/#breadcrumb\"},\"inLanguage\":\"fr-FR\",\"potentialAction\":[{\"@type\":\"ReadAction\",\"target\":[\"https:\/\/www.avocat-bonnet.fr\/lyon-villeurbanne\/le-droit-de-la-consommation\/\"]}]},{\"@type\":\"ImageObject\",\"inLanguage\":\"fr-FR\",\"@id\":\"https:\/\/www.avocat-bonnet.fr\/lyon-villeurbanne\/le-droit-de-la-consommation\/#primaryimage\",\"url\":\"https:\/\/www.avocat-bonnet.fr\/lyon-villeurbanne\/wp-content\/uploads\/2018\/06\/Defaut-image.jpg\",\"contentUrl\":\"https:\/\/www.avocat-bonnet.fr\/lyon-villeurbanne\/wp-content\/uploads\/2018\/06\/Defaut-image.jpg\",\"width\":300,\"height\":200},{\"@type\":\"BreadcrumbList\",\"@id\":\"https:\/\/www.avocat-bonnet.fr\/lyon-villeurbanne\/le-droit-de-la-consommation\/#breadcrumb\",\"itemListElement\":[{\"@type\":\"ListItem\",\"position\":1,\"name\":\"Accueil\",\"item\":\"https:\/\/www.avocat-bonnet.fr\/lyon-villeurbanne\/\"},{\"@type\":\"ListItem\",\"position\":2,\"name\":\"Le droit de la consommation\"}]},{\"@type\":\"WebSite\",\"@id\":\"https:\/\/www.avocat-bonnet.fr\/lyon-villeurbanne\/#website\",\"url\":\"https:\/\/www.avocat-bonnet.fr\/lyon-villeurbanne\/\",\"name\":\"Nicolas Bonnet - Avocat Lyon et Villeurbanne, divorce, droit m\u00e9dical, travail, litiges de la consommation...\",\"description\":\"Un cabinet d&#039;avocat d\u00e9di\u00e9 au droit des particuliers, commer\u00e7ants et petites entreprises...\",\"publisher\":{\"@id\":\"https:\/\/www.avocat-bonnet.fr\/lyon-villeurbanne\/#\/schema\/person\/53ccc962871a33e31889adc918b8794d\"},\"potentialAction\":[{\"@type\":\"SearchAction\",\"target\":{\"@type\":\"EntryPoint\",\"urlTemplate\":\"https:\/\/www.avocat-bonnet.fr\/lyon-villeurbanne\/?s={search_term_string}\"},\"query-input\":\"required name=search_term_string\"}],\"inLanguage\":\"fr-FR\"},{\"@type\":[\"Person\",\"Organization\"],\"@id\":\"https:\/\/www.avocat-bonnet.fr\/lyon-villeurbanne\/#\/schema\/person\/53ccc962871a33e31889adc918b8794d\",\"name\":\"Nicolas Bonnet\",\"logo\":{\"@id\":\"https:\/\/www.avocat-bonnet.fr\/lyon-villeurbanne\/#\/schema\/person\/image\/\"}}]}<\/script>\n<!-- \/ Yoast SEO plugin. -->","yoast_head_json":{"title":"Le droit de la consommation - Nicolas Bonnet - Avocat Lyon et Villeurbanne, divorce, droit m\u00e9dical, travail, litiges de la consommation...","robots":{"index":"index","follow":"follow","max-snippet":"max-snippet:-1","max-image-preview":"max-image-preview:large","max-video-preview":"max-video-preview:-1"},"canonical":"https:\/\/www.avocat-bonnet.fr\/lyon-villeurbanne\/le-droit-de-la-consommation\/","og_locale":"fr_FR","og_type":"article","og_title":"Le droit de la consommation - Nicolas Bonnet - Avocat Lyon et Villeurbanne, divorce, droit m\u00e9dical, travail, litiges de la consommation...","og_description":"Devant le tribunal d&rsquo;instance, la repr\u00e9sentation par avocat n&rsquo;est pas obligatoire, mais s&rsquo;av\u00e9rer fortement utile. La proc\u00e9dure au fond, apr\u00e8s des \u00e9changes de conclusions \u00e9crites entre avocats, au bout d\u2019environ 10 mois \u00e0 Lyon et \u00e0 Villeurbanne, donne lieu \u00e0 un jugement. Chacune des parties dispose d\u2019un droit d\u2019appel, puis du pourvoi en cassation.","og_url":"https:\/\/www.avocat-bonnet.fr\/lyon-villeurbanne\/le-droit-de-la-consommation\/","og_site_name":"Nicolas Bonnet - Avocat Lyon et Villeurbanne, divorce, droit m\u00e9dical, travail, litiges de la consommation...","og_image":[{"width":300,"height":200,"url":"https:\/\/www.avocat-bonnet.fr\/lyon-villeurbanne\/wp-content\/uploads\/2018\/06\/Defaut-image.jpg","type":"image\/jpeg"}],"twitter_card":"summary_large_image","schema":{"@context":"https:\/\/schema.org","@graph":[{"@type":"WebPage","@id":"https:\/\/www.avocat-bonnet.fr\/lyon-villeurbanne\/le-droit-de-la-consommation\/","url":"https:\/\/www.avocat-bonnet.fr\/lyon-villeurbanne\/le-droit-de-la-consommation\/","name":"Le droit de la consommation - Nicolas Bonnet - Avocat Lyon et Villeurbanne, divorce, droit m\u00e9dical, travail, litiges de la consommation...","isPartOf":{"@id":"https:\/\/www.avocat-bonnet.fr\/lyon-villeurbanne\/#website"},"primaryImageOfPage":{"@id":"https:\/\/www.avocat-bonnet.fr\/lyon-villeurbanne\/le-droit-de-la-consommation\/#primaryimage"},"image":{"@id":"https:\/\/www.avocat-bonnet.fr\/lyon-villeurbanne\/le-droit-de-la-consommation\/#primaryimage"},"thumbnailUrl":"https:\/\/www.avocat-bonnet.fr\/lyon-villeurbanne\/wp-content\/uploads\/2018\/06\/Defaut-image.jpg","datePublished":"2012-11-14T20:13:27+00:00","dateModified":"2012-11-14T20:13:27+00:00","breadcrumb":{"@id":"https:\/\/www.avocat-bonnet.fr\/lyon-villeurbanne\/le-droit-de-la-consommation\/#breadcrumb"},"inLanguage":"fr-FR","potentialAction":[{"@type":"ReadAction","target":["https:\/\/www.avocat-bonnet.fr\/lyon-villeurbanne\/le-droit-de-la-consommation\/"]}]},{"@type":"ImageObject","inLanguage":"fr-FR","@id":"https:\/\/www.avocat-bonnet.fr\/lyon-villeurbanne\/le-droit-de-la-consommation\/#primaryimage","url":"https:\/\/www.avocat-bonnet.fr\/lyon-villeurbanne\/wp-content\/uploads\/2018\/06\/Defaut-image.jpg","contentUrl":"https:\/\/www.avocat-bonnet.fr\/lyon-villeurbanne\/wp-content\/uploads\/2018\/06\/Defaut-image.jpg","width":300,"height":200},{"@type":"BreadcrumbList","@id":"https:\/\/www.avocat-bonnet.fr\/lyon-villeurbanne\/le-droit-de-la-consommation\/#breadcrumb","itemListElement":[{"@type":"ListItem","position":1,"name":"Accueil","item":"https:\/\/www.avocat-bonnet.fr\/lyon-villeurbanne\/"},{"@type":"ListItem","position":2,"name":"Le droit de la consommation"}]},{"@type":"WebSite","@id":"https:\/\/www.avocat-bonnet.fr\/lyon-villeurbanne\/#website","url":"https:\/\/www.avocat-bonnet.fr\/lyon-villeurbanne\/","name":"Nicolas Bonnet - Avocat Lyon et Villeurbanne, divorce, droit m\u00e9dical, travail, litiges de la consommation...","description":"Un cabinet d&#039;avocat d\u00e9di\u00e9 au droit des particuliers, commer\u00e7ants et petites entreprises...","publisher":{"@id":"https:\/\/www.avocat-bonnet.fr\/lyon-villeurbanne\/#\/schema\/person\/53ccc962871a33e31889adc918b8794d"},"potentialAction":[{"@type":"SearchAction","target":{"@type":"EntryPoint","urlTemplate":"https:\/\/www.avocat-bonnet.fr\/lyon-villeurbanne\/?s={search_term_string}"},"query-input":"required name=search_term_string"}],"inLanguage":"fr-FR"},{"@type":["Person","Organization"],"@id":"https:\/\/www.avocat-bonnet.fr\/lyon-villeurbanne\/#\/schema\/person\/53ccc962871a33e31889adc918b8794d","name":"Nicolas Bonnet","logo":{"@id":"https:\/\/www.avocat-bonnet.fr\/lyon-villeurbanne\/#\/schema\/person\/image\/"}}]}},"_links":{"self":[{"href":"https:\/\/www.avocat-bonnet.fr\/lyon-villeurbanne\/wp-json\/wp\/v2\/pages\/507"}],"collection":[{"href":"https:\/\/www.avocat-bonnet.fr\/lyon-villeurbanne\/wp-json\/wp\/v2\/pages"}],"about":[{"href":"https:\/\/www.avocat-bonnet.fr\/lyon-villeurbanne\/wp-json\/wp\/v2\/types\/page"}],"author":[{"embeddable":true,"href":"https:\/\/www.avocat-bonnet.fr\/lyon-villeurbanne\/wp-json\/wp\/v2\/users\/4"}],"replies":[{"embeddable":true,"href":"https:\/\/www.avocat-bonnet.fr\/lyon-villeurbanne\/wp-json\/wp\/v2\/comments?post=507"}],"version-history":[{"count":0,"href":"https:\/\/www.avocat-bonnet.fr\/lyon-villeurbanne\/wp-json\/wp\/v2\/pages\/507\/revisions"}],"wp:featuredmedia":[{"embeddable":true,"href":"https:\/\/www.avocat-bonnet.fr\/lyon-villeurbanne\/wp-json\/wp\/v2\/media\/1562"}],"wp:attachment":[{"href":"https:\/\/www.avocat-bonnet.fr\/lyon-villeurbanne\/wp-json\/wp\/v2\/media?parent=507"}],"curies":[{"name":"wp","href":"https:\/\/api.w.org\/{rel}","templated":true}]}}