{"id":501,"date":"2012-11-14T21:12:22","date_gmt":"2012-11-14T20:12:22","guid":{"rendered":"http:\/\/www.avocat-bonnet.fr\/lesite\/?page_id=501"},"modified":"2012-11-14T21:12:22","modified_gmt":"2012-11-14T20:12:22","slug":"la-rupture-conventionnelle","status":"publish","type":"page","link":"https:\/\/www.avocat-bonnet.fr\/lyon-villeurbanne\/la-rupture-conventionnelle\/","title":{"rendered":"La rupture conventionnelle"},"content":{"rendered":"<h5>Principe<\/h5>\n<p>Il s\u2019agit d\u2019un mode de rupture du contrat de travail interm\u00e9diaire entre le licenciement et la d\u00e9mission, selon lequel le salari\u00e9 et l\u2019employeur li\u00e9s par un contrat de travail \u00e0 dur\u00e9e ind\u00e9termin\u00e9e conviennent, par la signature d\u2019un \u00e9crit soumis \u00e0 l&rsquo;homologation de l&rsquo;administration, de la cessation du contrat, moyennant une indemnit\u00e9 sp\u00e9cifique au moins \u00e9gale \u00e0 l\u2019indemnit\u00e9 l\u00e9gale de licenciement (soit actuellement d\u2019au moins 1\/5\u00e8me de salaire mensuel par ann\u00e9e compl\u00e8te d\u2019anciennet\u00e9) ; comme il ne s\u2019agit pas d\u2019une d\u00e9mission, le salari\u00e9 ne perd pas le b\u00e9n\u00e9fice des allocations ch\u00f4mage.<\/p>\n<h5>Proc\u00e9dure<\/h5>\n<p>La signature de la rupture conventionnelle est subordonn\u00e9e \u00e0 au moins un <strong>entretien<\/strong>, auquel les deux parties peuvent se faire assister par une personne appartenant au personnel de l\u2019entreprise, mais pas par un avocat ; l\u2019employeur ne peut se faire assister que si le salari\u00e9 l\u2019est, ce dernier devant faire conna\u00eetre son intention \u00e0 ce sujet dans un d\u00e9lai raisonnable.<\/p>\n<p><em><strong>A savoir :<\/strong><\/em> si l\u2019<strong>assistance par un avocat<\/strong> lors de l&rsquo;entretien n\u2019est pas possible, il est loisible au salari\u00e9 de demander un d\u00e9lai de r\u00e9flexion et dans ce d\u00e9lai de consulter un avocat, pour donner sa position au cours d&rsquo;un nouvel entretien.<\/p>\n<p>La rupture conventionnelle est <strong>act\u00e9e par un formulaire<\/strong> \u00e9tabli en trois exemplaires, contenant un certain nombre d\u2019informations, indiquant la date envisag\u00e9e de fin du contrat et le montant de l\u2019indemnit\u00e9 sp\u00e9cifique et sign\u00e9 par les parties.<\/p>\n<p><strong><em>A noter :<\/em> un droit de r\u00e9tractation<\/strong> est ouvert aux parties dans les 15 jours calendaires (tous les jours, m\u00eame f\u00e9ri\u00e9s, comptent) \u00e0 compter du jour suivant celui de la signature, qui s&rsquo;exerce par courrier recommand\u00e9 avec demande d\u2019accus\u00e9 de r\u00e9ception ou remis en main propre contre signature d\u2019un double ; en cas de r\u00e9tractation d\u2019une partie, le contrat de travail se poursuit.<\/p>\n<p>A d\u00e9faut de r\u00e9tractation, la convention de rupture conventionnelle est soumise \u00e0 l\u2019<strong>homologation<\/strong> du directeur d\u00e9partemental du travail, lequel v\u00e9rifie le respect des conditions l\u00e9gales et la libert\u00e9 de consentement des parties.<br \/>\nL\u2019acceptation de l\u2019homologation r\u00e9sulte soit d\u2019une d\u00e9cision \u00e9crite, soit du d\u00e9faut de notification aux parties par l\u2019administration d\u2019une d\u00e9cision de refus dans les 15 jours ouvrables du d\u00e9p\u00f4t de la demande d\u2019homologation.<br \/>\nLe refus d\u2019homologation doit \u00eatre motiv\u00e9 en fait et en droit ; dans cette hypoth\u00e8se, le contrat se poursuit.<\/p>\n<p>Le contrat de travail peut \u00eatre rompu d\u00e8s le lendemain du jour o\u00f9 l\u2019homologation est acquise, sauf si la convention de rupture conventionnelle pr\u00e9voit un pr\u00e9avis.<\/p>\n<h5>Contentieux<\/h5>\n<p>Toutes les contestations relatives \u00e0 la rupture conventionnelle \u2013 validit\u00e9 du consentement, contenu de la convention, refus d\u2019homologation &#8211; rel\u00e8vent de la comp\u00e9tence exclusive du <strong>conseil de prud\u2019hommes<\/strong> du lieu de conclusion ou d\u2019ex\u00e9cution du contrat de travail, puis, en appel de la cour d\u2019appel et en cassation, de la cour de cassation.<\/p>\n<p>&nbsp;<\/p>\n<h6><em>L\u2019avis de ma\u00eetre Nicolas Bonnet<\/em><\/h6>\n<p><em>La rupture conventionnelle peut \u00eatre pour le salari\u00e9 un moyen de sortir d\u2019une situation conflictuelle sans avoir ni \u00e0 engager un bras de fer usant avec son employeur ni \u00e0 se r\u00e9signer \u00e0 d\u00e9missionner. Mais elle peut aussi repr\u00e9senter pour l\u2019employeur une opportunit\u00e9 de se d\u00e9faire \u00e0 bon compte d\u2019un salari\u00e9 qui lui co\u00fbte cher \u2013 notamment en raison de son anciennet\u00e9 \u2013 mais \u00e0 qui il n\u2019a rien \u00e0 reprocher. La prudence est donc de mise et la consultation de son avocat n\u2019est pas superflue.<\/em><\/p>\n<p>&nbsp;<\/p>\n","protected":false},"excerpt":{"rendered":"<p>Principe Il s\u2019agit d\u2019un mode de rupture du contrat de travail interm\u00e9diaire entre le licenciement et la d\u00e9mission, selon lequel le salari\u00e9 et l\u2019employeur li\u00e9s par un contrat de travail \u00e0 dur\u00e9e ind\u00e9termin\u00e9e conviennent, par la signature d\u2019un \u00e9crit soumis \u00e0 l&rsquo;homologation de l&rsquo;administration, de la cessation du contrat, moyennant une indemnit\u00e9 sp\u00e9cifique au moins [&hellip;]<\/p>\n","protected":false},"author":4,"featured_media":1562,"parent":0,"menu_order":2,"comment_status":"closed","ping_status":"open","template":"","meta":{"_et_pb_use_builder":"","_et_pb_old_content":"","_et_gb_content_width":"","footnotes":""},"yoast_head":"<!-- This site is optimized with the Yoast SEO plugin v22.3 - https:\/\/yoast.com\/wordpress\/plugins\/seo\/ -->\n<title>La rupture conventionnelle - Nicolas Bonnet - Avocat Lyon et Villeurbanne, divorce, droit m\u00e9dical, travail, litiges de la consommation...<\/title>\n<meta name=\"robots\" content=\"index, follow, max-snippet:-1, max-image-preview:large, max-video-preview:-1\" \/>\n<link rel=\"canonical\" href=\"https:\/\/www.avocat-bonnet.fr\/lyon-villeurbanne\/la-rupture-conventionnelle\/\" \/>\n<meta property=\"og:locale\" content=\"fr_FR\" \/>\n<meta property=\"og:type\" content=\"article\" \/>\n<meta property=\"og:title\" content=\"La rupture conventionnelle - Nicolas Bonnet - Avocat Lyon et Villeurbanne, divorce, droit m\u00e9dical, travail, litiges de la consommation...\" \/>\n<meta property=\"og:description\" content=\"Principe Il s\u2019agit d\u2019un mode de rupture du contrat de travail interm\u00e9diaire entre le licenciement et la d\u00e9mission, selon lequel le salari\u00e9 et l\u2019employeur li\u00e9s par un contrat de travail \u00e0 dur\u00e9e ind\u00e9termin\u00e9e conviennent, par la signature d\u2019un \u00e9crit soumis \u00e0 l&rsquo;homologation de l&rsquo;administration, de la cessation du contrat, moyennant une indemnit\u00e9 sp\u00e9cifique au moins [&hellip;]\" \/>\n<meta property=\"og:url\" content=\"https:\/\/www.avocat-bonnet.fr\/lyon-villeurbanne\/la-rupture-conventionnelle\/\" \/>\n<meta property=\"og:site_name\" content=\"Nicolas Bonnet - Avocat Lyon et Villeurbanne, divorce, droit m\u00e9dical, travail, litiges de la consommation...\" \/>\n<meta property=\"og:image\" content=\"https:\/\/www.avocat-bonnet.fr\/lyon-villeurbanne\/wp-content\/uploads\/2018\/06\/Defaut-image.jpg\" \/>\n\t<meta property=\"og:image:width\" content=\"300\" \/>\n\t<meta property=\"og:image:height\" content=\"200\" \/>\n\t<meta property=\"og:image:type\" content=\"image\/jpeg\" \/>\n<meta name=\"twitter:card\" content=\"summary_large_image\" \/>\n<meta name=\"twitter:label1\" content=\"Dur\u00e9e de lecture estim\u00e9e\" \/>\n\t<meta name=\"twitter:data1\" content=\"3 minutes\" \/>\n<script type=\"application\/ld+json\" class=\"yoast-schema-graph\">{\"@context\":\"https:\/\/schema.org\",\"@graph\":[{\"@type\":\"WebPage\",\"@id\":\"https:\/\/www.avocat-bonnet.fr\/lyon-villeurbanne\/la-rupture-conventionnelle\/\",\"url\":\"https:\/\/www.avocat-bonnet.fr\/lyon-villeurbanne\/la-rupture-conventionnelle\/\",\"name\":\"La rupture conventionnelle - Nicolas Bonnet - Avocat Lyon et Villeurbanne, divorce, droit m\u00e9dical, travail, litiges de la consommation...\",\"isPartOf\":{\"@id\":\"https:\/\/www.avocat-bonnet.fr\/lyon-villeurbanne\/#website\"},\"primaryImageOfPage\":{\"@id\":\"https:\/\/www.avocat-bonnet.fr\/lyon-villeurbanne\/la-rupture-conventionnelle\/#primaryimage\"},\"image\":{\"@id\":\"https:\/\/www.avocat-bonnet.fr\/lyon-villeurbanne\/la-rupture-conventionnelle\/#primaryimage\"},\"thumbnailUrl\":\"https:\/\/www.avocat-bonnet.fr\/lyon-villeurbanne\/wp-content\/uploads\/2018\/06\/Defaut-image.jpg\",\"datePublished\":\"2012-11-14T20:12:22+00:00\",\"dateModified\":\"2012-11-14T20:12:22+00:00\",\"breadcrumb\":{\"@id\":\"https:\/\/www.avocat-bonnet.fr\/lyon-villeurbanne\/la-rupture-conventionnelle\/#breadcrumb\"},\"inLanguage\":\"fr-FR\",\"potentialAction\":[{\"@type\":\"ReadAction\",\"target\":[\"https:\/\/www.avocat-bonnet.fr\/lyon-villeurbanne\/la-rupture-conventionnelle\/\"]}]},{\"@type\":\"ImageObject\",\"inLanguage\":\"fr-FR\",\"@id\":\"https:\/\/www.avocat-bonnet.fr\/lyon-villeurbanne\/la-rupture-conventionnelle\/#primaryimage\",\"url\":\"https:\/\/www.avocat-bonnet.fr\/lyon-villeurbanne\/wp-content\/uploads\/2018\/06\/Defaut-image.jpg\",\"contentUrl\":\"https:\/\/www.avocat-bonnet.fr\/lyon-villeurbanne\/wp-content\/uploads\/2018\/06\/Defaut-image.jpg\",\"width\":300,\"height\":200},{\"@type\":\"BreadcrumbList\",\"@id\":\"https:\/\/www.avocat-bonnet.fr\/lyon-villeurbanne\/la-rupture-conventionnelle\/#breadcrumb\",\"itemListElement\":[{\"@type\":\"ListItem\",\"position\":1,\"name\":\"Accueil\",\"item\":\"https:\/\/www.avocat-bonnet.fr\/lyon-villeurbanne\/\"},{\"@type\":\"ListItem\",\"position\":2,\"name\":\"La rupture conventionnelle\"}]},{\"@type\":\"WebSite\",\"@id\":\"https:\/\/www.avocat-bonnet.fr\/lyon-villeurbanne\/#website\",\"url\":\"https:\/\/www.avocat-bonnet.fr\/lyon-villeurbanne\/\",\"name\":\"Nicolas Bonnet - Avocat Lyon et Villeurbanne, divorce, droit m\u00e9dical, travail, litiges de la consommation...\",\"description\":\"Un cabinet d&#039;avocat d\u00e9di\u00e9 au droit des particuliers, commer\u00e7ants et petites entreprises...\",\"publisher\":{\"@id\":\"https:\/\/www.avocat-bonnet.fr\/lyon-villeurbanne\/#\/schema\/person\/53ccc962871a33e31889adc918b8794d\"},\"potentialAction\":[{\"@type\":\"SearchAction\",\"target\":{\"@type\":\"EntryPoint\",\"urlTemplate\":\"https:\/\/www.avocat-bonnet.fr\/lyon-villeurbanne\/?s={search_term_string}\"},\"query-input\":\"required name=search_term_string\"}],\"inLanguage\":\"fr-FR\"},{\"@type\":[\"Person\",\"Organization\"],\"@id\":\"https:\/\/www.avocat-bonnet.fr\/lyon-villeurbanne\/#\/schema\/person\/53ccc962871a33e31889adc918b8794d\",\"name\":\"Nicolas Bonnet\",\"logo\":{\"@id\":\"https:\/\/www.avocat-bonnet.fr\/lyon-villeurbanne\/#\/schema\/person\/image\/\"}}]}<\/script>\n<!-- \/ Yoast SEO plugin. -->","yoast_head_json":{"title":"La rupture conventionnelle - Nicolas Bonnet - Avocat Lyon et Villeurbanne, divorce, droit m\u00e9dical, travail, litiges de la consommation...","robots":{"index":"index","follow":"follow","max-snippet":"max-snippet:-1","max-image-preview":"max-image-preview:large","max-video-preview":"max-video-preview:-1"},"canonical":"https:\/\/www.avocat-bonnet.fr\/lyon-villeurbanne\/la-rupture-conventionnelle\/","og_locale":"fr_FR","og_type":"article","og_title":"La rupture conventionnelle - Nicolas Bonnet - Avocat Lyon et Villeurbanne, divorce, droit m\u00e9dical, travail, litiges de la consommation...","og_description":"Principe Il s\u2019agit d\u2019un mode de rupture du contrat de travail interm\u00e9diaire entre le licenciement et la d\u00e9mission, selon lequel le salari\u00e9 et l\u2019employeur li\u00e9s par un contrat de travail \u00e0 dur\u00e9e ind\u00e9termin\u00e9e conviennent, par la signature d\u2019un \u00e9crit soumis \u00e0 l&rsquo;homologation de l&rsquo;administration, de la cessation du contrat, moyennant une indemnit\u00e9 sp\u00e9cifique au moins [&hellip;]","og_url":"https:\/\/www.avocat-bonnet.fr\/lyon-villeurbanne\/la-rupture-conventionnelle\/","og_site_name":"Nicolas Bonnet - Avocat Lyon et Villeurbanne, divorce, droit m\u00e9dical, travail, litiges de la consommation...","og_image":[{"width":300,"height":200,"url":"https:\/\/www.avocat-bonnet.fr\/lyon-villeurbanne\/wp-content\/uploads\/2018\/06\/Defaut-image.jpg","type":"image\/jpeg"}],"twitter_card":"summary_large_image","twitter_misc":{"Dur\u00e9e de lecture estim\u00e9e":"3 minutes"},"schema":{"@context":"https:\/\/schema.org","@graph":[{"@type":"WebPage","@id":"https:\/\/www.avocat-bonnet.fr\/lyon-villeurbanne\/la-rupture-conventionnelle\/","url":"https:\/\/www.avocat-bonnet.fr\/lyon-villeurbanne\/la-rupture-conventionnelle\/","name":"La rupture conventionnelle - Nicolas Bonnet - Avocat Lyon et Villeurbanne, divorce, droit m\u00e9dical, travail, litiges de la consommation...","isPartOf":{"@id":"https:\/\/www.avocat-bonnet.fr\/lyon-villeurbanne\/#website"},"primaryImageOfPage":{"@id":"https:\/\/www.avocat-bonnet.fr\/lyon-villeurbanne\/la-rupture-conventionnelle\/#primaryimage"},"image":{"@id":"https:\/\/www.avocat-bonnet.fr\/lyon-villeurbanne\/la-rupture-conventionnelle\/#primaryimage"},"thumbnailUrl":"https:\/\/www.avocat-bonnet.fr\/lyon-villeurbanne\/wp-content\/uploads\/2018\/06\/Defaut-image.jpg","datePublished":"2012-11-14T20:12:22+00:00","dateModified":"2012-11-14T20:12:22+00:00","breadcrumb":{"@id":"https:\/\/www.avocat-bonnet.fr\/lyon-villeurbanne\/la-rupture-conventionnelle\/#breadcrumb"},"inLanguage":"fr-FR","potentialAction":[{"@type":"ReadAction","target":["https:\/\/www.avocat-bonnet.fr\/lyon-villeurbanne\/la-rupture-conventionnelle\/"]}]},{"@type":"ImageObject","inLanguage":"fr-FR","@id":"https:\/\/www.avocat-bonnet.fr\/lyon-villeurbanne\/la-rupture-conventionnelle\/#primaryimage","url":"https:\/\/www.avocat-bonnet.fr\/lyon-villeurbanne\/wp-content\/uploads\/2018\/06\/Defaut-image.jpg","contentUrl":"https:\/\/www.avocat-bonnet.fr\/lyon-villeurbanne\/wp-content\/uploads\/2018\/06\/Defaut-image.jpg","width":300,"height":200},{"@type":"BreadcrumbList","@id":"https:\/\/www.avocat-bonnet.fr\/lyon-villeurbanne\/la-rupture-conventionnelle\/#breadcrumb","itemListElement":[{"@type":"ListItem","position":1,"name":"Accueil","item":"https:\/\/www.avocat-bonnet.fr\/lyon-villeurbanne\/"},{"@type":"ListItem","position":2,"name":"La rupture conventionnelle"}]},{"@type":"WebSite","@id":"https:\/\/www.avocat-bonnet.fr\/lyon-villeurbanne\/#website","url":"https:\/\/www.avocat-bonnet.fr\/lyon-villeurbanne\/","name":"Nicolas Bonnet - Avocat Lyon et Villeurbanne, divorce, droit m\u00e9dical, travail, litiges de la consommation...","description":"Un cabinet d&#039;avocat d\u00e9di\u00e9 au droit des particuliers, commer\u00e7ants et petites entreprises...","publisher":{"@id":"https:\/\/www.avocat-bonnet.fr\/lyon-villeurbanne\/#\/schema\/person\/53ccc962871a33e31889adc918b8794d"},"potentialAction":[{"@type":"SearchAction","target":{"@type":"EntryPoint","urlTemplate":"https:\/\/www.avocat-bonnet.fr\/lyon-villeurbanne\/?s={search_term_string}"},"query-input":"required name=search_term_string"}],"inLanguage":"fr-FR"},{"@type":["Person","Organization"],"@id":"https:\/\/www.avocat-bonnet.fr\/lyon-villeurbanne\/#\/schema\/person\/53ccc962871a33e31889adc918b8794d","name":"Nicolas Bonnet","logo":{"@id":"https:\/\/www.avocat-bonnet.fr\/lyon-villeurbanne\/#\/schema\/person\/image\/"}}]}},"_links":{"self":[{"href":"https:\/\/www.avocat-bonnet.fr\/lyon-villeurbanne\/wp-json\/wp\/v2\/pages\/501"}],"collection":[{"href":"https:\/\/www.avocat-bonnet.fr\/lyon-villeurbanne\/wp-json\/wp\/v2\/pages"}],"about":[{"href":"https:\/\/www.avocat-bonnet.fr\/lyon-villeurbanne\/wp-json\/wp\/v2\/types\/page"}],"author":[{"embeddable":true,"href":"https:\/\/www.avocat-bonnet.fr\/lyon-villeurbanne\/wp-json\/wp\/v2\/users\/4"}],"replies":[{"embeddable":true,"href":"https:\/\/www.avocat-bonnet.fr\/lyon-villeurbanne\/wp-json\/wp\/v2\/comments?post=501"}],"version-history":[{"count":0,"href":"https:\/\/www.avocat-bonnet.fr\/lyon-villeurbanne\/wp-json\/wp\/v2\/pages\/501\/revisions"}],"wp:featuredmedia":[{"embeddable":true,"href":"https:\/\/www.avocat-bonnet.fr\/lyon-villeurbanne\/wp-json\/wp\/v2\/media\/1562"}],"wp:attachment":[{"href":"https:\/\/www.avocat-bonnet.fr\/lyon-villeurbanne\/wp-json\/wp\/v2\/media?parent=501"}],"curies":[{"name":"wp","href":"https:\/\/api.w.org\/{rel}","templated":true}]}}