{"id":498,"date":"2012-11-14T21:11:54","date_gmt":"2012-11-14T20:11:54","guid":{"rendered":"http:\/\/www.avocat-bonnet.fr\/lesite\/?page_id=498"},"modified":"2012-11-14T21:11:54","modified_gmt":"2012-11-14T20:11:54","slug":"la-contestation-du-licenciement","status":"publish","type":"page","link":"https:\/\/www.avocat-bonnet.fr\/lyon-villeurbanne\/la-contestation-du-licenciement\/","title":{"rendered":"La contestation du licenciement"},"content":{"rendered":"<p>Les licenciements peuvent \u00eatre fond\u00e9s sur deux types de cause\u00a0:<br \/>\n&#8211; le licenciement pour cause personnelle, qu&rsquo;elle soit fautive ou non\u00a0(inaptitude) ;<br \/>\n&#8211; le licenciement \u00e9conomique.<\/p>\n<h5>Le conseil de prud&rsquo;hommes<\/h5>\n<p>Le conseil de prud\u2019hommes a une comp\u00e9tence exclusive pour conna\u00eetre des litiges n\u00e9s de l\u2019ex\u00e9cution du contrat de travail, dont la contestation des licenciements. Le conseil de prud\u2019hommes est compos\u00e9 \u00e0 <strong>parit\u00e9<\/strong> de conseillers \u00e9lus dans les coll\u00e8ges employeurs et salari\u00e9s\u00a0: un de chaque coll\u00e8ge en bureau de conciliation et deux de chaque coll\u00e8ge en bureau de jugement\u00a0; un juge professionnel dit \u00ab\u00a0d\u00e9partiteur\u00a0\u00bb pr\u00e9side la formation de d\u00e9partition lorsqu\u2019est rendu un jugement de partage (deux voies contre deux).<\/p>\n<p>Le conseil de prud\u2019hommes peut \u00eatre saisi par le salari\u00e9 seul, ou assist\u00e9, soit par un repr\u00e9sentant syndical, soit par un avocat\u00a0; la comparution des parties est obligatoire, sauf motif l\u00e9gitime.<\/p>\n<h5>La phase de conciliation<\/h5>\n<p>La premi\u00e8re phase de la proc\u00e9dure est une tentative de conciliation, devant le <strong>bureau de conciliation<\/strong>\u00a0; elle a pour but de rechercher une solution n\u00e9goci\u00e9e au litige, par la fixation d&rsquo;une indemnit\u00e9 forfaitaire au profit du salari\u00e9.<br \/>\nDepuis la loi du 14 juin 2013 relative \u00e0 la s\u00e9curisation de l&#8217;emploi, les parties peuvent, pour fixer l&rsquo;indemnit\u00e9 forfaitaire due au salari\u00e9, se r\u00e9f\u00e9rer \u00e0 un bar\u00e8me, fix\u00e9 par d\u00e9cret, qui est fonction de l&rsquo;anciennet\u00e9 du salari\u00e9 :<br \/>\n&#8211; deux mois de salaire pour une anciennet\u00e9 inf\u00e9rieure \u00e0 deux ans,<br \/>\n&#8211; quatre mois de salaire pour une anciennet\u00e9 de deux ans \u00e0 huit ans,<br \/>\n&#8211; huit mois de salaire pour une anciennet\u00e9 de huit \u00e0 quinze ans,<br \/>\n&#8211; dix mois de salaire pour une anciennet\u00e9 de quinze \u00e0 vingt cinq ans,<br \/>\n&#8211; quatorze mois de salaire pour une anciennet\u00e9 sup\u00e9rieure \u00e0 vingt cinq ans.<br \/>\nEn cas de conciliation, il est dress\u00e9 un proc\u00e8s-verbal de conciliation qui vaut jugement.<\/p>\n<p><em><strong>A savoir\u00a0:<\/strong><\/em> le bureau de conciliation a des <strong>pouvoirs de r\u00e9f\u00e9r\u00e9<\/strong>\u00a0et peut par exemple ordonner le paiement de rappels de salaire si la cr\u00e9ance n\u2019est pas s\u00e9rieusement contestable.<\/p>\n<h5>La phase de jugement<\/h5>\n<p>A d\u00e9faut de conciliation, l\u2019affaire est renvoy\u00e9e devant le <strong>bureau de jugement<\/strong>, avec \u00e9tablissement d\u2019un calendrier de proc\u00e9dure, lequel fixe des dates auxquelles le salari\u00e9 demandeur ou son conseil puis l\u2019employeur ou son conseil doivent d\u00e9poser leurs conclusions (argumentaire \u00e9crit) et communiquer leurs pi\u00e8ces. A la date fix\u00e9e par le bureau de conciliation, l\u2019affaire est plaid\u00e9e devant le bureau de jugement\u00a0; en cas de partage des voies, l\u2019affaire est de nouveau de plaid\u00e9e, devant la <strong>formation de d\u00e9partition<\/strong> (pr\u00e9sid\u00e9e par un juge professionnel).<\/p>\n<h5>Les voies de recours<\/h5>\n<p>Deux voies de recours sont successivement ouvertes :<br \/>\n<strong>&#8211; l\u2019appel<\/strong>, qui doit \u00eatre form\u00e9 dans le d\u00e9lai d\u2019un mois de la notification du jugement, devant la cour d\u2019appel,<br \/>\n<strong>&#8211; le pourvoi en cassation<\/strong>, dans les deux mois de l\u2019arr\u00eat de la cour d\u2019appel, devant la Cour de cassation.<\/p>\n","protected":false},"excerpt":{"rendered":"<p>Les licenciements peuvent \u00eatre fond\u00e9s sur deux types de cause\u00a0: &#8211; le licenciement pour cause personnelle, qu&rsquo;elle soit fautive ou non\u00a0(inaptitude) ; &#8211; le licenciement \u00e9conomique. Le conseil de prud&rsquo;hommes Le conseil de prud\u2019hommes a une comp\u00e9tence exclusive pour conna\u00eetre des litiges n\u00e9s de l\u2019ex\u00e9cution du contrat de travail, dont la contestation des licenciements. Le [&hellip;]<\/p>\n","protected":false},"author":4,"featured_media":1562,"parent":0,"menu_order":1,"comment_status":"closed","ping_status":"open","template":"","meta":{"_et_pb_use_builder":"","_et_pb_old_content":"","_et_gb_content_width":"","footnotes":""},"yoast_head":"<!-- This site is optimized with the Yoast SEO plugin v22.3 - https:\/\/yoast.com\/wordpress\/plugins\/seo\/ -->\n<title>La contestation du licenciement - Nicolas Bonnet - Avocat Lyon et Villeurbanne, divorce, droit m\u00e9dical, travail, litiges de la consommation...<\/title>\n<meta name=\"robots\" content=\"index, follow, max-snippet:-1, max-image-preview:large, max-video-preview:-1\" \/>\n<link rel=\"canonical\" href=\"https:\/\/www.avocat-bonnet.fr\/lyon-villeurbanne\/la-contestation-du-licenciement\/\" \/>\n<meta property=\"og:locale\" content=\"fr_FR\" \/>\n<meta property=\"og:type\" content=\"article\" \/>\n<meta property=\"og:title\" content=\"La contestation du licenciement - Nicolas Bonnet - Avocat Lyon et Villeurbanne, divorce, droit m\u00e9dical, travail, litiges de la consommation...\" \/>\n<meta property=\"og:description\" content=\"Les licenciements peuvent \u00eatre fond\u00e9s sur deux types de cause\u00a0: &#8211; le licenciement pour cause personnelle, qu&rsquo;elle soit fautive ou non\u00a0(inaptitude) ; &#8211; le licenciement \u00e9conomique. Le conseil de prud&rsquo;hommes Le conseil de prud\u2019hommes a une comp\u00e9tence exclusive pour conna\u00eetre des litiges n\u00e9s de l\u2019ex\u00e9cution du contrat de travail, dont la contestation des licenciements. Le [&hellip;]\" \/>\n<meta property=\"og:url\" content=\"https:\/\/www.avocat-bonnet.fr\/lyon-villeurbanne\/la-contestation-du-licenciement\/\" \/>\n<meta property=\"og:site_name\" content=\"Nicolas Bonnet - Avocat Lyon et Villeurbanne, divorce, droit m\u00e9dical, travail, litiges de la consommation...\" \/>\n<meta property=\"og:image\" content=\"https:\/\/www.avocat-bonnet.fr\/lyon-villeurbanne\/wp-content\/uploads\/2018\/06\/Defaut-image.jpg\" \/>\n\t<meta property=\"og:image:width\" content=\"300\" \/>\n\t<meta property=\"og:image:height\" content=\"200\" \/>\n\t<meta property=\"og:image:type\" content=\"image\/jpeg\" \/>\n<meta name=\"twitter:card\" content=\"summary_large_image\" \/>\n<meta name=\"twitter:label1\" content=\"Dur\u00e9e de lecture estim\u00e9e\" \/>\n\t<meta name=\"twitter:data1\" content=\"3 minutes\" \/>\n<script type=\"application\/ld+json\" class=\"yoast-schema-graph\">{\"@context\":\"https:\/\/schema.org\",\"@graph\":[{\"@type\":\"WebPage\",\"@id\":\"https:\/\/www.avocat-bonnet.fr\/lyon-villeurbanne\/la-contestation-du-licenciement\/\",\"url\":\"https:\/\/www.avocat-bonnet.fr\/lyon-villeurbanne\/la-contestation-du-licenciement\/\",\"name\":\"La contestation du licenciement - Nicolas Bonnet - Avocat Lyon et Villeurbanne, divorce, droit m\u00e9dical, travail, litiges de la consommation...\",\"isPartOf\":{\"@id\":\"https:\/\/www.avocat-bonnet.fr\/lyon-villeurbanne\/#website\"},\"primaryImageOfPage\":{\"@id\":\"https:\/\/www.avocat-bonnet.fr\/lyon-villeurbanne\/la-contestation-du-licenciement\/#primaryimage\"},\"image\":{\"@id\":\"https:\/\/www.avocat-bonnet.fr\/lyon-villeurbanne\/la-contestation-du-licenciement\/#primaryimage\"},\"thumbnailUrl\":\"https:\/\/www.avocat-bonnet.fr\/lyon-villeurbanne\/wp-content\/uploads\/2018\/06\/Defaut-image.jpg\",\"datePublished\":\"2012-11-14T20:11:54+00:00\",\"dateModified\":\"2012-11-14T20:11:54+00:00\",\"breadcrumb\":{\"@id\":\"https:\/\/www.avocat-bonnet.fr\/lyon-villeurbanne\/la-contestation-du-licenciement\/#breadcrumb\"},\"inLanguage\":\"fr-FR\",\"potentialAction\":[{\"@type\":\"ReadAction\",\"target\":[\"https:\/\/www.avocat-bonnet.fr\/lyon-villeurbanne\/la-contestation-du-licenciement\/\"]}]},{\"@type\":\"ImageObject\",\"inLanguage\":\"fr-FR\",\"@id\":\"https:\/\/www.avocat-bonnet.fr\/lyon-villeurbanne\/la-contestation-du-licenciement\/#primaryimage\",\"url\":\"https:\/\/www.avocat-bonnet.fr\/lyon-villeurbanne\/wp-content\/uploads\/2018\/06\/Defaut-image.jpg\",\"contentUrl\":\"https:\/\/www.avocat-bonnet.fr\/lyon-villeurbanne\/wp-content\/uploads\/2018\/06\/Defaut-image.jpg\",\"width\":300,\"height\":200},{\"@type\":\"BreadcrumbList\",\"@id\":\"https:\/\/www.avocat-bonnet.fr\/lyon-villeurbanne\/la-contestation-du-licenciement\/#breadcrumb\",\"itemListElement\":[{\"@type\":\"ListItem\",\"position\":1,\"name\":\"Accueil\",\"item\":\"https:\/\/www.avocat-bonnet.fr\/lyon-villeurbanne\/\"},{\"@type\":\"ListItem\",\"position\":2,\"name\":\"La contestation du licenciement\"}]},{\"@type\":\"WebSite\",\"@id\":\"https:\/\/www.avocat-bonnet.fr\/lyon-villeurbanne\/#website\",\"url\":\"https:\/\/www.avocat-bonnet.fr\/lyon-villeurbanne\/\",\"name\":\"Nicolas Bonnet - Avocat Lyon et Villeurbanne, divorce, droit m\u00e9dical, travail, litiges de la consommation...\",\"description\":\"Un cabinet d&#039;avocat d\u00e9di\u00e9 au droit des particuliers, commer\u00e7ants et petites entreprises...\",\"publisher\":{\"@id\":\"https:\/\/www.avocat-bonnet.fr\/lyon-villeurbanne\/#\/schema\/person\/53ccc962871a33e31889adc918b8794d\"},\"potentialAction\":[{\"@type\":\"SearchAction\",\"target\":{\"@type\":\"EntryPoint\",\"urlTemplate\":\"https:\/\/www.avocat-bonnet.fr\/lyon-villeurbanne\/?s={search_term_string}\"},\"query-input\":\"required name=search_term_string\"}],\"inLanguage\":\"fr-FR\"},{\"@type\":[\"Person\",\"Organization\"],\"@id\":\"https:\/\/www.avocat-bonnet.fr\/lyon-villeurbanne\/#\/schema\/person\/53ccc962871a33e31889adc918b8794d\",\"name\":\"Nicolas Bonnet\",\"logo\":{\"@id\":\"https:\/\/www.avocat-bonnet.fr\/lyon-villeurbanne\/#\/schema\/person\/image\/\"}}]}<\/script>\n<!-- \/ Yoast SEO plugin. -->","yoast_head_json":{"title":"La contestation du licenciement - Nicolas Bonnet - Avocat Lyon et Villeurbanne, divorce, droit m\u00e9dical, travail, litiges de la consommation...","robots":{"index":"index","follow":"follow","max-snippet":"max-snippet:-1","max-image-preview":"max-image-preview:large","max-video-preview":"max-video-preview:-1"},"canonical":"https:\/\/www.avocat-bonnet.fr\/lyon-villeurbanne\/la-contestation-du-licenciement\/","og_locale":"fr_FR","og_type":"article","og_title":"La contestation du licenciement - Nicolas Bonnet - Avocat Lyon et Villeurbanne, divorce, droit m\u00e9dical, travail, litiges de la consommation...","og_description":"Les licenciements peuvent \u00eatre fond\u00e9s sur deux types de cause\u00a0: &#8211; le licenciement pour cause personnelle, qu&rsquo;elle soit fautive ou non\u00a0(inaptitude) ; &#8211; le licenciement \u00e9conomique. Le conseil de prud&rsquo;hommes Le conseil de prud\u2019hommes a une comp\u00e9tence exclusive pour conna\u00eetre des litiges n\u00e9s de l\u2019ex\u00e9cution du contrat de travail, dont la contestation des licenciements. Le [&hellip;]","og_url":"https:\/\/www.avocat-bonnet.fr\/lyon-villeurbanne\/la-contestation-du-licenciement\/","og_site_name":"Nicolas Bonnet - Avocat Lyon et Villeurbanne, divorce, droit m\u00e9dical, travail, litiges de la consommation...","og_image":[{"width":300,"height":200,"url":"https:\/\/www.avocat-bonnet.fr\/lyon-villeurbanne\/wp-content\/uploads\/2018\/06\/Defaut-image.jpg","type":"image\/jpeg"}],"twitter_card":"summary_large_image","twitter_misc":{"Dur\u00e9e de lecture estim\u00e9e":"3 minutes"},"schema":{"@context":"https:\/\/schema.org","@graph":[{"@type":"WebPage","@id":"https:\/\/www.avocat-bonnet.fr\/lyon-villeurbanne\/la-contestation-du-licenciement\/","url":"https:\/\/www.avocat-bonnet.fr\/lyon-villeurbanne\/la-contestation-du-licenciement\/","name":"La contestation du licenciement - Nicolas Bonnet - Avocat Lyon et Villeurbanne, divorce, droit m\u00e9dical, travail, litiges de la consommation...","isPartOf":{"@id":"https:\/\/www.avocat-bonnet.fr\/lyon-villeurbanne\/#website"},"primaryImageOfPage":{"@id":"https:\/\/www.avocat-bonnet.fr\/lyon-villeurbanne\/la-contestation-du-licenciement\/#primaryimage"},"image":{"@id":"https:\/\/www.avocat-bonnet.fr\/lyon-villeurbanne\/la-contestation-du-licenciement\/#primaryimage"},"thumbnailUrl":"https:\/\/www.avocat-bonnet.fr\/lyon-villeurbanne\/wp-content\/uploads\/2018\/06\/Defaut-image.jpg","datePublished":"2012-11-14T20:11:54+00:00","dateModified":"2012-11-14T20:11:54+00:00","breadcrumb":{"@id":"https:\/\/www.avocat-bonnet.fr\/lyon-villeurbanne\/la-contestation-du-licenciement\/#breadcrumb"},"inLanguage":"fr-FR","potentialAction":[{"@type":"ReadAction","target":["https:\/\/www.avocat-bonnet.fr\/lyon-villeurbanne\/la-contestation-du-licenciement\/"]}]},{"@type":"ImageObject","inLanguage":"fr-FR","@id":"https:\/\/www.avocat-bonnet.fr\/lyon-villeurbanne\/la-contestation-du-licenciement\/#primaryimage","url":"https:\/\/www.avocat-bonnet.fr\/lyon-villeurbanne\/wp-content\/uploads\/2018\/06\/Defaut-image.jpg","contentUrl":"https:\/\/www.avocat-bonnet.fr\/lyon-villeurbanne\/wp-content\/uploads\/2018\/06\/Defaut-image.jpg","width":300,"height":200},{"@type":"BreadcrumbList","@id":"https:\/\/www.avocat-bonnet.fr\/lyon-villeurbanne\/la-contestation-du-licenciement\/#breadcrumb","itemListElement":[{"@type":"ListItem","position":1,"name":"Accueil","item":"https:\/\/www.avocat-bonnet.fr\/lyon-villeurbanne\/"},{"@type":"ListItem","position":2,"name":"La contestation du licenciement"}]},{"@type":"WebSite","@id":"https:\/\/www.avocat-bonnet.fr\/lyon-villeurbanne\/#website","url":"https:\/\/www.avocat-bonnet.fr\/lyon-villeurbanne\/","name":"Nicolas Bonnet - Avocat Lyon et Villeurbanne, divorce, droit m\u00e9dical, travail, litiges de la consommation...","description":"Un cabinet d&#039;avocat d\u00e9di\u00e9 au droit des particuliers, commer\u00e7ants et petites entreprises...","publisher":{"@id":"https:\/\/www.avocat-bonnet.fr\/lyon-villeurbanne\/#\/schema\/person\/53ccc962871a33e31889adc918b8794d"},"potentialAction":[{"@type":"SearchAction","target":{"@type":"EntryPoint","urlTemplate":"https:\/\/www.avocat-bonnet.fr\/lyon-villeurbanne\/?s={search_term_string}"},"query-input":"required name=search_term_string"}],"inLanguage":"fr-FR"},{"@type":["Person","Organization"],"@id":"https:\/\/www.avocat-bonnet.fr\/lyon-villeurbanne\/#\/schema\/person\/53ccc962871a33e31889adc918b8794d","name":"Nicolas Bonnet","logo":{"@id":"https:\/\/www.avocat-bonnet.fr\/lyon-villeurbanne\/#\/schema\/person\/image\/"}}]}},"_links":{"self":[{"href":"https:\/\/www.avocat-bonnet.fr\/lyon-villeurbanne\/wp-json\/wp\/v2\/pages\/498"}],"collection":[{"href":"https:\/\/www.avocat-bonnet.fr\/lyon-villeurbanne\/wp-json\/wp\/v2\/pages"}],"about":[{"href":"https:\/\/www.avocat-bonnet.fr\/lyon-villeurbanne\/wp-json\/wp\/v2\/types\/page"}],"author":[{"embeddable":true,"href":"https:\/\/www.avocat-bonnet.fr\/lyon-villeurbanne\/wp-json\/wp\/v2\/users\/4"}],"replies":[{"embeddable":true,"href":"https:\/\/www.avocat-bonnet.fr\/lyon-villeurbanne\/wp-json\/wp\/v2\/comments?post=498"}],"version-history":[{"count":0,"href":"https:\/\/www.avocat-bonnet.fr\/lyon-villeurbanne\/wp-json\/wp\/v2\/pages\/498\/revisions"}],"wp:featuredmedia":[{"embeddable":true,"href":"https:\/\/www.avocat-bonnet.fr\/lyon-villeurbanne\/wp-json\/wp\/v2\/media\/1562"}],"wp:attachment":[{"href":"https:\/\/www.avocat-bonnet.fr\/lyon-villeurbanne\/wp-json\/wp\/v2\/media?parent=498"}],"curies":[{"name":"wp","href":"https:\/\/api.w.org\/{rel}","templated":true}]}}