{"id":491,"date":"2012-11-14T21:09:46","date_gmt":"2012-11-14T20:09:46","guid":{"rendered":"http:\/\/www.avocat-bonnet.fr\/lesite\/?page_id=491"},"modified":"2020-12-08T19:00:50","modified_gmt":"2020-12-08T18:00:50","slug":"avocat-cas-divorces-lyon-villeurbanne","status":"publish","type":"page","link":"https:\/\/www.avocat-bonnet.fr\/lyon-villeurbanne\/avocat-cas-divorces-lyon-villeurbanne\/","title":{"rendered":"Les autres cas de divorce"},"content":{"rendered":"<p>Il s\u2019agit\u00a0:<br \/>\n&#8211; du divorce par acceptation du principe de la rupture du mariage,<br \/>\n&#8211; du divorce pour alt\u00e9ration d\u00e9finitive du lien conjugal,<br \/>\n&#8211; du divorce pour faute.<\/p>\n<p>Ces divorces suivent la m\u00eame proc\u00e9dure, mais se distinguent par leur cause.<\/p>\n<p>&nbsp;<\/p>\n<h4>Proc\u00e9dure commune<\/h4>\n<p>En ex\u00e9cution de la loi de r\u00e9forme de la justice du 23 mars 2019, \u00e0 compter du 1<sup>er<\/sup> janvier 2021, la proc\u00e9dure de divorce judiciaire (par opposition au divorce conventionnel par consentement mutuel ou \u00ab\u00a0amiable\u00a0\u00bb ou \u00ab\u00a0sans juge\u00a0\u00bb) s&rsquo;est vue modifier, dans le sens d&rsquo;une apparente simplification.<\/p>\n<p>La r\u00e9forme consiste dans la suppression de la premi\u00e8re phase &#8211; orale &#8211; de la proc\u00e9dure, qui donnait lieu \u00e0 une audience de tentative de conciliation devant le juge aux affaires familiales, au terme de laquelle ce dernier prenais des mesures provisoires, valables pour la dur\u00e9e du reste de la proc\u00e9dure, et portant sur le sort du logement familial, les rapports p\u00e9cuniaires entre les \u00e9poux et les questions relatives aux enfants (garde, pension alimentaire,\u2026).<\/p>\n<p>D\u00e9sormais, ne reste que l&rsquo;\u00e9quivalent de la seconde phase &#8211; \u00e9crite &#8211; conduite par les avocats des parties (la repr\u00e9sentation est obligatoire pour les deux).<\/p>\n<p>L&rsquo;avocat de l&rsquo;\u00e9poux demandeur doit faire adresser au conjoint une \u00ab\u00a0demande introductive d&rsquo;instance\u00a0\u00bb sous forme d&rsquo;acte d&rsquo;huissier, indiquant ou non la cause de divorce (acceptation du principe de la rupture du mariage, alt\u00e9ration d\u00e9finitive du lien conjugal, ou faute), mais pr\u00e9cisant les \u00ab\u00a0propositions de r\u00e8glement des int\u00e9r\u00eats p\u00e9cuniaires et patrimoniaux des \u00e9poux\u00a0\u00bb du demandeur.<\/p>\n<p>L&rsquo;\u00e9poux d\u00e9fendeur, s&rsquo;il veut pouvoir d\u00e9fendre ses int\u00e9r\u00eats, doit constituer avocat pour le repr\u00e9senter dans la proc\u00e9dure.<\/p>\n<p>\u00ab\u00a0D\u00e8s le d\u00e9but de la proc\u00e9dure\u00a0\u00bb selon la loi, le juge aux affaires familiales tient, sauf accord des parties pour qu&rsquo;il n&rsquo;y en ait pas, une audience portant sur les mesures provisoires similaire \u00e0 l&rsquo;ancienne audience de tentative de conciliation, pour laquelle le juge pourra ordonner la comparution des \u00e9poux, essentiellement aux fins de rechercher des accords &#8211; notamment \u00e0 propos des enfants.<\/p>\n<p>L&rsquo;ensemble des questions relatives \u00e0 la cause du divorce et \u00e0 ses effets d\u00e9finitifs sont, comme auparavant, tranch\u00e9es au terme d&rsquo;un \u00e9change d&rsquo;\u00e9critures (les conclusions) et de pi\u00e8ces entre les avocats.<\/p>\n<p><strong><em>A savoir\u00a0:<\/em><\/strong> \u00c0 tout moment de la proc\u00e9dure, les \u00e9poux peuvent soumettre \u00e0 l&rsquo;homologation du juge des <strong>accords r\u00e9glant tout ou partie des effets du divorce<\/strong> (sort des enfants, prestation compensatoire, liquidation des int\u00e9r\u00eats patrimoniaux&#8230;). Le juge homologue cette convention en pronon\u00e7ant le divorce d\u00e8s lors que les int\u00e9r\u00eats des \u00e9poux et des enfants sont pr\u00e9serv\u00e9s.<\/p>\n<p>Hors ce cas de \u00ab\u00a0passerelle\u00a0\u00bb, dans son jugement, le juge statut sur la cause de divorce qui lui est soumise, ainsi que sur les cons\u00e9quences du divorce.<\/p>\n<p><strong>L\u2019appel<\/strong> est ouvert dans le d\u00e9lai d\u2019un mois \u00e0 compter de la signification du jugement par voie d&rsquo;huissier. Il est suspensif mais les mesures provisoires prises par le juge restent alors applicables.<br \/>\nL&rsquo;arr\u00eat de la cour d&rsquo;appel peut \u00e9galement faire l&rsquo;objet d&rsquo;un <strong>pourvoi en cassation<\/strong>, devant la cour de Cassation, dans un d\u00e9lai de 2 mois \u00e0 compter de sa signification. Ce recours est \u00e9galement suspensif.<\/p>\n<p>&nbsp;<\/p>\n<h4>Le divorce par acceptation du principe de la rupture du mariage<\/h4>\n<p>Dans ce cas de divorce, si l\u2019\u00e9poux qui n\u2019a pas demand\u00e9 le divorce, assist\u00e9 par un avocat, d\u00e9clare au juge accepter le principe de la rupture du mariage, il peut \u00eatre \u00e9tabli un <strong>proc\u00e8s verbal constatant le double accord des \u00e9poux<\/strong>, sign\u00e9 par eux et leurs avocats\u00a0; dans ce cas, les \u00e9poux ne\u00a0peuvent plus se r\u00e9tracter, m\u00eame par la voie de l&rsquo;appel.<\/p>\n<p>Au terme de la phase \u00e9crite de la proc\u00e9dure (cf. ci-dessus), le juge prononce le divorce sur le fondement du double consentement des \u00e9poux au divorce et statue sur les points de d\u00e9saccord pouvant subsister relativement aux mesures accessoires.<\/p>\n<p>L\u2019appel est possible mais ne peut pas porter sur le principe m\u00eame du divorce, seulement sur ses cons\u00e9quences.<\/p>\n<p><strong><em>L\u2019avis de Ma\u00eetre Nicolas Bonnet\u00a0:<\/em><\/strong> <em>c\u2019est une bonne formule lorsque les \u00e9poux sont d\u2019accord sur le principe de la rupture, ne souhaitent pas de \u00ab\u00a0grand d\u00e9ballage\u00a0\u00bb quant aux motifs de l\u2019un et de l\u2019autre de vouloir divorcer, mais que des diff\u00e9rents subsistent sur les mesures accessoires.<\/em><\/p>\n<p>&nbsp;<\/p>\n<h4>Le divorce pour alt\u00e9ration d\u00e9finitive du lien conjugal<\/h4>\n<p>Le motif de la demande de divorce est ici l\u2019alt\u00e9ration d\u00e9finitive du lien conjugal, cette alt\u00e9ration r\u00e9sultant de la <strong>cessation de la communaut\u00e9 de vie entre les \u00e9poux depuis au moins un an<\/strong>.<\/p>\n<p>L\u2019\u00e9poux demandeur doit donc \u00e9tablir que les \u00e9poux vivent s\u00e9par\u00e9s depuis au moins un an \u00e0 la date du prononc\u00e9 du divorce\u00a0; le cas \u00e9ch\u00e9ant, le divorce est alors prononc\u00e9 <em>de jure<\/em>, le juge ne statuant alors que sur les cons\u00e9quences du divorce.<\/p>\n<p>La proc\u00e9dure de divorce et la p\u00e9riode de s\u00e9paration de fait pourrons se superposer \u00e0 peu pr\u00e8s exactement, ce qui pourra faire gagner beaucoup de temps \u00e0 l&rsquo;\u00e9poux demandeur.<\/p>\n<p>A noter que le juge peut accorder des <strong>dommages-int\u00e9r\u00eats <\/strong>\u00e0 un \u00e9poux en r\u00e9paration des cons\u00e9quences d\u2019une particuli\u00e8re gravit\u00e9 qu\u2019il subit du fait de la dissolution du mariage, si cet \u00e9poux n\u2019a lui m\u00eame form\u00e9 aucune demande en divorce \u00e0 titre reconventionnel (en r\u00e9ponse \u00e0 la demande principale).<\/p>\n<p><strong><em>L\u2019avis de Ma\u00eetre Nicolas Bonnet\u00a0:<\/em><\/strong> <em>cette formule est utile lorsqu\u2019un des \u00e9poux souhaite divorcer mais pas l\u2019autre, et que le premier ne veut, ou ne peut, pas \u00e9tablir de faute de son conjoint.<\/em><\/p>\n<p>&nbsp;<\/p>\n<h4>Le divorce pour faute<\/h4>\n<p>Un des \u00e9poux peut demander le divorce pour faute si\u00a0son\u00a0conjoint a commis une violation grave ou renouvel\u00e9e des devoirs et obligations li\u00e9s au mariage, rendant intol\u00e9rable le maintien de la vie commune.<br \/>\nLes faits, qui doivent \u00eatre prouv\u00e9s par l\u2019\u00e9poux demandeur, sont laiss\u00e9s \u00e0 l&rsquo;appr\u00e9ciation souveraine du juge\u00a0; il peut s\u2019agir de violences sur le conjoint ou les enfants, d\u2019adult\u00e8re, de d\u00e9loyaut\u00e9, d\u2019injures graves, de comportements humiliants.<br \/>\nLe juge peut prononcer le divorce soit aux torts exclusifs de l\u2019un, soit aux torts partag\u00e9s si cela lui est demand\u00e9 et s\u2019il constate des fautes imputables aux deux.<\/p>\n<p>Le juge peut en outre accorder des <strong>dommages-int\u00e9r\u00eats <\/strong>\u00e0 l\u2019\u00e9poux demandeur en r\u00e9paration des cons\u00e9quences d&rsquo;une particuli\u00e8re gravit\u00e9 qu&rsquo;il subit du fait de la dissolution du mariage, lorsque le divorce est prononc\u00e9 aux torts exclusifs du d\u00e9fendeur.<\/p>\n<p><strong><em>L\u2019avis de Ma\u00eetre Nicolas Bonnet\u00a0:<\/em><\/strong> <em>\u00e0 manier avec prudence, car ce que l\u2019on peut \u00eatre amen\u00e9 \u00e0 r\u00e9v\u00e9ler \u00e0 titre de grief pourra, outre d\u2019\u00eatre d\u00e9sagr\u00e9able pour l\u2019un ou pour l\u2019autre (ou les deux si l\u2019\u00e9poux d\u00e9fendeur ressentira riposte en invoquant ses propres griefs), contribuer \u00e0 alt\u00e9rer les rapports post\u00e9rieurs entre les ex-\u00e9poux, ce qui sera dommageable pour les enfants.<br \/>\nEn outre, en raison du travail que demande g\u00e9n\u00e9ralement ce type de proc\u00e9dure, la note d\u2019honoraires de l\u2019avocat peut s\u2019alourdir sensiblement.<\/em><\/p>\n","protected":false},"excerpt":{"rendered":"<p>Il s\u2019agit\u00a0: &#8211; du divorce par acceptation du principe de la rupture du mariage, &#8211; du divorce pour alt\u00e9ration d\u00e9finitive du lien conjugal, &#8211; du divorce pour faute. Ces divorces suivent la m\u00eame proc\u00e9dure, mais se distinguent par leur cause. &nbsp; Proc\u00e9dure commune En ex\u00e9cution de la loi de r\u00e9forme de la justice du 23 [&hellip;]<\/p>\n","protected":false},"author":4,"featured_media":1562,"parent":0,"menu_order":2,"comment_status":"closed","ping_status":"open","template":"","meta":{"_et_pb_use_builder":"","_et_pb_old_content":"","_et_gb_content_width":"","footnotes":""},"yoast_head":"<!-- This site is optimized with the Yoast SEO plugin v22.3 - https:\/\/yoast.com\/wordpress\/plugins\/seo\/ -->\n<title>Les autres cas de divorce - Nicolas Bonnet - Avocat Lyon et Villeurbanne, divorce, droit m\u00e9dical, travail, litiges de la consommation...<\/title>\n<meta name=\"robots\" content=\"index, follow, max-snippet:-1, max-image-preview:large, max-video-preview:-1\" \/>\n<link rel=\"canonical\" href=\"https:\/\/www.avocat-bonnet.fr\/lyon-villeurbanne\/avocat-cas-divorces-lyon-villeurbanne\/\" \/>\n<meta property=\"og:locale\" content=\"fr_FR\" \/>\n<meta property=\"og:type\" content=\"article\" \/>\n<meta property=\"og:title\" content=\"Les autres cas de divorce - Nicolas Bonnet - Avocat Lyon et Villeurbanne, divorce, droit m\u00e9dical, travail, litiges de la consommation...\" \/>\n<meta property=\"og:description\" content=\"Il s\u2019agit\u00a0: &#8211; du divorce par acceptation du principe de la rupture du mariage, &#8211; du divorce pour alt\u00e9ration d\u00e9finitive du lien conjugal, &#8211; du divorce pour faute. Ces divorces suivent la m\u00eame proc\u00e9dure, mais se distinguent par leur cause. &nbsp; Proc\u00e9dure commune En ex\u00e9cution de la loi de r\u00e9forme de la justice du 23 [&hellip;]\" \/>\n<meta property=\"og:url\" content=\"https:\/\/www.avocat-bonnet.fr\/lyon-villeurbanne\/avocat-cas-divorces-lyon-villeurbanne\/\" \/>\n<meta property=\"og:site_name\" content=\"Nicolas Bonnet - Avocat Lyon et Villeurbanne, divorce, droit m\u00e9dical, travail, litiges de la consommation...\" \/>\n<meta property=\"article:modified_time\" content=\"2020-12-08T18:00:50+00:00\" \/>\n<meta property=\"og:image\" content=\"https:\/\/www.avocat-bonnet.fr\/lyon-villeurbanne\/wp-content\/uploads\/2018\/06\/Defaut-image.jpg\" \/>\n\t<meta property=\"og:image:width\" content=\"300\" \/>\n\t<meta property=\"og:image:height\" content=\"200\" \/>\n\t<meta property=\"og:image:type\" content=\"image\/jpeg\" \/>\n<meta name=\"twitter:card\" content=\"summary_large_image\" \/>\n<meta name=\"twitter:label1\" content=\"Dur\u00e9e de lecture estim\u00e9e\" \/>\n\t<meta name=\"twitter:data1\" content=\"6 minutes\" \/>\n<script type=\"application\/ld+json\" class=\"yoast-schema-graph\">{\"@context\":\"https:\/\/schema.org\",\"@graph\":[{\"@type\":\"WebPage\",\"@id\":\"https:\/\/www.avocat-bonnet.fr\/lyon-villeurbanne\/avocat-cas-divorces-lyon-villeurbanne\/\",\"url\":\"https:\/\/www.avocat-bonnet.fr\/lyon-villeurbanne\/avocat-cas-divorces-lyon-villeurbanne\/\",\"name\":\"Les autres cas de divorce - Nicolas Bonnet - Avocat Lyon et Villeurbanne, divorce, droit m\u00e9dical, travail, litiges de la consommation...\",\"isPartOf\":{\"@id\":\"https:\/\/www.avocat-bonnet.fr\/lyon-villeurbanne\/#website\"},\"primaryImageOfPage\":{\"@id\":\"https:\/\/www.avocat-bonnet.fr\/lyon-villeurbanne\/avocat-cas-divorces-lyon-villeurbanne\/#primaryimage\"},\"image\":{\"@id\":\"https:\/\/www.avocat-bonnet.fr\/lyon-villeurbanne\/avocat-cas-divorces-lyon-villeurbanne\/#primaryimage\"},\"thumbnailUrl\":\"https:\/\/www.avocat-bonnet.fr\/lyon-villeurbanne\/wp-content\/uploads\/2018\/06\/Defaut-image.jpg\",\"datePublished\":\"2012-11-14T20:09:46+00:00\",\"dateModified\":\"2020-12-08T18:00:50+00:00\",\"breadcrumb\":{\"@id\":\"https:\/\/www.avocat-bonnet.fr\/lyon-villeurbanne\/avocat-cas-divorces-lyon-villeurbanne\/#breadcrumb\"},\"inLanguage\":\"fr-FR\",\"potentialAction\":[{\"@type\":\"ReadAction\",\"target\":[\"https:\/\/www.avocat-bonnet.fr\/lyon-villeurbanne\/avocat-cas-divorces-lyon-villeurbanne\/\"]}]},{\"@type\":\"ImageObject\",\"inLanguage\":\"fr-FR\",\"@id\":\"https:\/\/www.avocat-bonnet.fr\/lyon-villeurbanne\/avocat-cas-divorces-lyon-villeurbanne\/#primaryimage\",\"url\":\"https:\/\/www.avocat-bonnet.fr\/lyon-villeurbanne\/wp-content\/uploads\/2018\/06\/Defaut-image.jpg\",\"contentUrl\":\"https:\/\/www.avocat-bonnet.fr\/lyon-villeurbanne\/wp-content\/uploads\/2018\/06\/Defaut-image.jpg\",\"width\":300,\"height\":200},{\"@type\":\"BreadcrumbList\",\"@id\":\"https:\/\/www.avocat-bonnet.fr\/lyon-villeurbanne\/avocat-cas-divorces-lyon-villeurbanne\/#breadcrumb\",\"itemListElement\":[{\"@type\":\"ListItem\",\"position\":1,\"name\":\"Accueil\",\"item\":\"https:\/\/www.avocat-bonnet.fr\/lyon-villeurbanne\/\"},{\"@type\":\"ListItem\",\"position\":2,\"name\":\"Les autres cas de divorce\"}]},{\"@type\":\"WebSite\",\"@id\":\"https:\/\/www.avocat-bonnet.fr\/lyon-villeurbanne\/#website\",\"url\":\"https:\/\/www.avocat-bonnet.fr\/lyon-villeurbanne\/\",\"name\":\"Nicolas Bonnet - Avocat Lyon et Villeurbanne, divorce, droit m\u00e9dical, travail, litiges de la consommation...\",\"description\":\"Un cabinet d&#039;avocat d\u00e9di\u00e9 au droit des particuliers, commer\u00e7ants et petites entreprises...\",\"publisher\":{\"@id\":\"https:\/\/www.avocat-bonnet.fr\/lyon-villeurbanne\/#\/schema\/person\/53ccc962871a33e31889adc918b8794d\"},\"potentialAction\":[{\"@type\":\"SearchAction\",\"target\":{\"@type\":\"EntryPoint\",\"urlTemplate\":\"https:\/\/www.avocat-bonnet.fr\/lyon-villeurbanne\/?s={search_term_string}\"},\"query-input\":\"required name=search_term_string\"}],\"inLanguage\":\"fr-FR\"},{\"@type\":[\"Person\",\"Organization\"],\"@id\":\"https:\/\/www.avocat-bonnet.fr\/lyon-villeurbanne\/#\/schema\/person\/53ccc962871a33e31889adc918b8794d\",\"name\":\"Nicolas Bonnet\",\"logo\":{\"@id\":\"https:\/\/www.avocat-bonnet.fr\/lyon-villeurbanne\/#\/schema\/person\/image\/\"}}]}<\/script>\n<!-- \/ Yoast SEO plugin. -->","yoast_head_json":{"title":"Les autres cas de divorce - Nicolas Bonnet - Avocat Lyon et Villeurbanne, divorce, droit m\u00e9dical, travail, litiges de la consommation...","robots":{"index":"index","follow":"follow","max-snippet":"max-snippet:-1","max-image-preview":"max-image-preview:large","max-video-preview":"max-video-preview:-1"},"canonical":"https:\/\/www.avocat-bonnet.fr\/lyon-villeurbanne\/avocat-cas-divorces-lyon-villeurbanne\/","og_locale":"fr_FR","og_type":"article","og_title":"Les autres cas de divorce - Nicolas Bonnet - Avocat Lyon et Villeurbanne, divorce, droit m\u00e9dical, travail, litiges de la consommation...","og_description":"Il s\u2019agit\u00a0: &#8211; du divorce par acceptation du principe de la rupture du mariage, &#8211; du divorce pour alt\u00e9ration d\u00e9finitive du lien conjugal, &#8211; du divorce pour faute. Ces divorces suivent la m\u00eame proc\u00e9dure, mais se distinguent par leur cause. &nbsp; Proc\u00e9dure commune En ex\u00e9cution de la loi de r\u00e9forme de la justice du 23 [&hellip;]","og_url":"https:\/\/www.avocat-bonnet.fr\/lyon-villeurbanne\/avocat-cas-divorces-lyon-villeurbanne\/","og_site_name":"Nicolas Bonnet - Avocat Lyon et Villeurbanne, divorce, droit m\u00e9dical, travail, litiges de la consommation...","article_modified_time":"2020-12-08T18:00:50+00:00","og_image":[{"width":300,"height":200,"url":"https:\/\/www.avocat-bonnet.fr\/lyon-villeurbanne\/wp-content\/uploads\/2018\/06\/Defaut-image.jpg","type":"image\/jpeg"}],"twitter_card":"summary_large_image","twitter_misc":{"Dur\u00e9e de lecture estim\u00e9e":"6 minutes"},"schema":{"@context":"https:\/\/schema.org","@graph":[{"@type":"WebPage","@id":"https:\/\/www.avocat-bonnet.fr\/lyon-villeurbanne\/avocat-cas-divorces-lyon-villeurbanne\/","url":"https:\/\/www.avocat-bonnet.fr\/lyon-villeurbanne\/avocat-cas-divorces-lyon-villeurbanne\/","name":"Les autres cas de divorce - Nicolas Bonnet - Avocat Lyon et Villeurbanne, divorce, droit m\u00e9dical, travail, litiges de la consommation...","isPartOf":{"@id":"https:\/\/www.avocat-bonnet.fr\/lyon-villeurbanne\/#website"},"primaryImageOfPage":{"@id":"https:\/\/www.avocat-bonnet.fr\/lyon-villeurbanne\/avocat-cas-divorces-lyon-villeurbanne\/#primaryimage"},"image":{"@id":"https:\/\/www.avocat-bonnet.fr\/lyon-villeurbanne\/avocat-cas-divorces-lyon-villeurbanne\/#primaryimage"},"thumbnailUrl":"https:\/\/www.avocat-bonnet.fr\/lyon-villeurbanne\/wp-content\/uploads\/2018\/06\/Defaut-image.jpg","datePublished":"2012-11-14T20:09:46+00:00","dateModified":"2020-12-08T18:00:50+00:00","breadcrumb":{"@id":"https:\/\/www.avocat-bonnet.fr\/lyon-villeurbanne\/avocat-cas-divorces-lyon-villeurbanne\/#breadcrumb"},"inLanguage":"fr-FR","potentialAction":[{"@type":"ReadAction","target":["https:\/\/www.avocat-bonnet.fr\/lyon-villeurbanne\/avocat-cas-divorces-lyon-villeurbanne\/"]}]},{"@type":"ImageObject","inLanguage":"fr-FR","@id":"https:\/\/www.avocat-bonnet.fr\/lyon-villeurbanne\/avocat-cas-divorces-lyon-villeurbanne\/#primaryimage","url":"https:\/\/www.avocat-bonnet.fr\/lyon-villeurbanne\/wp-content\/uploads\/2018\/06\/Defaut-image.jpg","contentUrl":"https:\/\/www.avocat-bonnet.fr\/lyon-villeurbanne\/wp-content\/uploads\/2018\/06\/Defaut-image.jpg","width":300,"height":200},{"@type":"BreadcrumbList","@id":"https:\/\/www.avocat-bonnet.fr\/lyon-villeurbanne\/avocat-cas-divorces-lyon-villeurbanne\/#breadcrumb","itemListElement":[{"@type":"ListItem","position":1,"name":"Accueil","item":"https:\/\/www.avocat-bonnet.fr\/lyon-villeurbanne\/"},{"@type":"ListItem","position":2,"name":"Les autres cas de divorce"}]},{"@type":"WebSite","@id":"https:\/\/www.avocat-bonnet.fr\/lyon-villeurbanne\/#website","url":"https:\/\/www.avocat-bonnet.fr\/lyon-villeurbanne\/","name":"Nicolas Bonnet - Avocat Lyon et Villeurbanne, divorce, droit m\u00e9dical, travail, litiges de la consommation...","description":"Un cabinet d&#039;avocat d\u00e9di\u00e9 au droit des particuliers, commer\u00e7ants et petites entreprises...","publisher":{"@id":"https:\/\/www.avocat-bonnet.fr\/lyon-villeurbanne\/#\/schema\/person\/53ccc962871a33e31889adc918b8794d"},"potentialAction":[{"@type":"SearchAction","target":{"@type":"EntryPoint","urlTemplate":"https:\/\/www.avocat-bonnet.fr\/lyon-villeurbanne\/?s={search_term_string}"},"query-input":"required name=search_term_string"}],"inLanguage":"fr-FR"},{"@type":["Person","Organization"],"@id":"https:\/\/www.avocat-bonnet.fr\/lyon-villeurbanne\/#\/schema\/person\/53ccc962871a33e31889adc918b8794d","name":"Nicolas Bonnet","logo":{"@id":"https:\/\/www.avocat-bonnet.fr\/lyon-villeurbanne\/#\/schema\/person\/image\/"}}]}},"_links":{"self":[{"href":"https:\/\/www.avocat-bonnet.fr\/lyon-villeurbanne\/wp-json\/wp\/v2\/pages\/491"}],"collection":[{"href":"https:\/\/www.avocat-bonnet.fr\/lyon-villeurbanne\/wp-json\/wp\/v2\/pages"}],"about":[{"href":"https:\/\/www.avocat-bonnet.fr\/lyon-villeurbanne\/wp-json\/wp\/v2\/types\/page"}],"author":[{"embeddable":true,"href":"https:\/\/www.avocat-bonnet.fr\/lyon-villeurbanne\/wp-json\/wp\/v2\/users\/4"}],"replies":[{"embeddable":true,"href":"https:\/\/www.avocat-bonnet.fr\/lyon-villeurbanne\/wp-json\/wp\/v2\/comments?post=491"}],"version-history":[{"count":2,"href":"https:\/\/www.avocat-bonnet.fr\/lyon-villeurbanne\/wp-json\/wp\/v2\/pages\/491\/revisions"}],"predecessor-version":[{"id":3555,"href":"https:\/\/www.avocat-bonnet.fr\/lyon-villeurbanne\/wp-json\/wp\/v2\/pages\/491\/revisions\/3555"}],"wp:featuredmedia":[{"embeddable":true,"href":"https:\/\/www.avocat-bonnet.fr\/lyon-villeurbanne\/wp-json\/wp\/v2\/media\/1562"}],"wp:attachment":[{"href":"https:\/\/www.avocat-bonnet.fr\/lyon-villeurbanne\/wp-json\/wp\/v2\/media?parent=491"}],"curies":[{"name":"wp","href":"https:\/\/api.w.org\/{rel}","templated":true}]}}