{"id":1854,"date":"2018-08-31T16:49:47","date_gmt":"2018-08-31T14:49:47","guid":{"rendered":"https:\/\/www.avocat-bonnet.fr\/lyon-villeurbanne\/?page_id=1854"},"modified":"2018-08-31T16:49:47","modified_gmt":"2018-08-31T14:49:47","slug":"la-prestation-compensatoire","status":"publish","type":"page","link":"https:\/\/www.avocat-bonnet.fr\/lyon-villeurbanne\/la-prestation-compensatoire\/","title":{"rendered":"La prestation compensatoire"},"content":{"rendered":"<p>Le montant de la prestation compensatoire est fix\u00e9, dans le divorce par consentement mutuel par les \u00e9poux eux-m\u00eames, ou par le juge dans les autres cas de divorces.<\/p>\n<p>Le montant de la prestation compensatoire est fix\u00e9 en fonction des besoins de l\u2019\u00e9poux b\u00e9n\u00e9ficiaire et des ressources de l\u2019autre, en tenant compte de la situation actuelle et de l\u2019\u00e9volution de celle-ci dans un avenir pr\u00e9visible.<\/p>\n<p>Le juge prend en consid\u00e9ration notamment : la dur\u00e9e du mariage, l\u2019\u00e2ge et l\u2018\u00e9tat de sant\u00e9 des \u00e9poux, leur qualification et leur situation professionnelle, les cons\u00e9quences des choix professionnels que l\u2019un a pu faire pendant la vie commune soit pour l\u2019\u00e9ducation des enfants et du temps qu\u2019il faudra encore y consacrer, soit pour favoriser la carri\u00e8re du conjoint au d\u00e9triment de la sienne, le patrimoine estim\u00e9 ou pr\u00e9visible des \u00e9poux, leurs droits existants et pr\u00e9visibles, leurs situations respectives en mati\u00e8re de pension de retraite.<\/p>\n<p>La prestation compensatoire prend la forme d\u2019un capital forfaitaire, ou de l\u2019attribution de la propri\u00e9t\u00e9, ou de l\u2019usufruit ou du droit d\u2019occupation temporaire ou viager d\u2019un bien.<\/p>\n<p>Lorsque l\u2019\u00e9poux d\u00e9biteur n\u2019est pas en mesure verser le capital, il peut \u00eatre autoris\u00e9 \u00e0 le d\u00e9livrer par des versements p\u00e9riodiques, dans la limite de huit ann\u00e9es.<\/p>\n<p>A titre exceptionnel, lorsque l\u2019\u00e2ge ou l\u2019\u00e9tat de sant\u00e9 du b\u00e9n\u00e9ficiaire ne lui permettent pas de subvenir \u00e0 ses besoins, la prestation compensatoire peut prendre la forme d\u2019une rente viag\u00e8re index\u00e9e.<\/p>\n<p>La prestation compensatoire a un caract\u00e8re forfaitaire et d\u00e9finitif : elle ne peut \u00eatre modifi\u00e9e que dans des situations restrictivement pr\u00e9vues par le Code civil.<\/p>\n<p>Les h\u00e9ritiers acceptants de la succession du d\u00e9biteur de la prestation compensatoire sont tenus, lorsqu\u2019il s\u2019agit de versements p\u00e9riodiques ou d\u2019une rente, d\u2019en poursuivre le paiement, ainsi que le nouveau conjoint du d\u00e9biteur s\u2019il est commun en biens avec lui.<\/p>\n","protected":false},"excerpt":{"rendered":"<p>Le montant de la prestation compensatoire est fix\u00e9, dans le divorce par consentement mutuel par les \u00e9poux eux-m\u00eames, ou par le juge dans les autres cas de divorces. Le montant de la prestation compensatoire est fix\u00e9 en fonction des besoins de l\u2019\u00e9poux b\u00e9n\u00e9ficiaire et des ressources de l\u2019autre, en tenant compte de la situation actuelle [&hellip;]<\/p>\n","protected":false},"author":2,"featured_media":1800,"parent":0,"menu_order":0,"comment_status":"closed","ping_status":"closed","template":"","meta":{"_et_pb_use_builder":"","_et_pb_old_content":"","_et_gb_content_width":"","footnotes":""},"yoast_head":"<!-- This site is optimized with the Yoast SEO plugin v22.3 - https:\/\/yoast.com\/wordpress\/plugins\/seo\/ -->\n<title>La prestation compensatoire - Nicolas Bonnet - Avocat Lyon et Villeurbanne, divorce, droit m\u00e9dical, travail, litiges de la consommation...<\/title>\n<meta name=\"robots\" content=\"index, follow, max-snippet:-1, max-image-preview:large, max-video-preview:-1\" \/>\n<link rel=\"canonical\" href=\"https:\/\/www.avocat-bonnet.fr\/lyon-villeurbanne\/la-prestation-compensatoire\/\" \/>\n<meta property=\"og:locale\" content=\"fr_FR\" \/>\n<meta property=\"og:type\" content=\"article\" \/>\n<meta property=\"og:title\" content=\"La prestation compensatoire - Nicolas Bonnet - Avocat Lyon et Villeurbanne, divorce, droit m\u00e9dical, travail, litiges de la consommation...\" \/>\n<meta property=\"og:description\" content=\"Le montant de la prestation compensatoire est fix\u00e9, dans le divorce par consentement mutuel par les \u00e9poux eux-m\u00eames, ou par le juge dans les autres cas de divorces. Le montant de la prestation compensatoire est fix\u00e9 en fonction des besoins de l\u2019\u00e9poux b\u00e9n\u00e9ficiaire et des ressources de l\u2019autre, en tenant compte de la situation actuelle [&hellip;]\" \/>\n<meta property=\"og:url\" content=\"https:\/\/www.avocat-bonnet.fr\/lyon-villeurbanne\/la-prestation-compensatoire\/\" \/>\n<meta property=\"og:site_name\" content=\"Nicolas Bonnet - Avocat Lyon et Villeurbanne, divorce, droit m\u00e9dical, travail, litiges de la consommation...\" \/>\n<meta property=\"og:image\" content=\"https:\/\/www.avocat-bonnet.fr\/lyon-villeurbanne\/wp-content\/uploads\/2018\/08\/hand-83079_640.jpg\" \/>\n\t<meta property=\"og:image:width\" content=\"640\" \/>\n\t<meta property=\"og:image:height\" content=\"424\" \/>\n\t<meta property=\"og:image:type\" content=\"image\/jpeg\" \/>\n<meta name=\"twitter:card\" content=\"summary_large_image\" \/>\n<meta name=\"twitter:label1\" content=\"Dur\u00e9e de lecture estim\u00e9e\" \/>\n\t<meta name=\"twitter:data1\" content=\"2 minutes\" \/>\n<script type=\"application\/ld+json\" class=\"yoast-schema-graph\">{\"@context\":\"https:\/\/schema.org\",\"@graph\":[{\"@type\":\"WebPage\",\"@id\":\"https:\/\/www.avocat-bonnet.fr\/lyon-villeurbanne\/la-prestation-compensatoire\/\",\"url\":\"https:\/\/www.avocat-bonnet.fr\/lyon-villeurbanne\/la-prestation-compensatoire\/\",\"name\":\"La prestation compensatoire - Nicolas Bonnet - Avocat Lyon et Villeurbanne, divorce, droit m\u00e9dical, travail, litiges de la consommation...\",\"isPartOf\":{\"@id\":\"https:\/\/www.avocat-bonnet.fr\/lyon-villeurbanne\/#website\"},\"primaryImageOfPage\":{\"@id\":\"https:\/\/www.avocat-bonnet.fr\/lyon-villeurbanne\/la-prestation-compensatoire\/#primaryimage\"},\"image\":{\"@id\":\"https:\/\/www.avocat-bonnet.fr\/lyon-villeurbanne\/la-prestation-compensatoire\/#primaryimage\"},\"thumbnailUrl\":\"https:\/\/www.avocat-bonnet.fr\/lyon-villeurbanne\/wp-content\/uploads\/2018\/08\/hand-83079_640.jpg\",\"datePublished\":\"2018-08-31T14:49:47+00:00\",\"dateModified\":\"2018-08-31T14:49:47+00:00\",\"breadcrumb\":{\"@id\":\"https:\/\/www.avocat-bonnet.fr\/lyon-villeurbanne\/la-prestation-compensatoire\/#breadcrumb\"},\"inLanguage\":\"fr-FR\",\"potentialAction\":[{\"@type\":\"ReadAction\",\"target\":[\"https:\/\/www.avocat-bonnet.fr\/lyon-villeurbanne\/la-prestation-compensatoire\/\"]}]},{\"@type\":\"ImageObject\",\"inLanguage\":\"fr-FR\",\"@id\":\"https:\/\/www.avocat-bonnet.fr\/lyon-villeurbanne\/la-prestation-compensatoire\/#primaryimage\",\"url\":\"https:\/\/www.avocat-bonnet.fr\/lyon-villeurbanne\/wp-content\/uploads\/2018\/08\/hand-83079_640.jpg\",\"contentUrl\":\"https:\/\/www.avocat-bonnet.fr\/lyon-villeurbanne\/wp-content\/uploads\/2018\/08\/hand-83079_640.jpg\",\"width\":640,\"height\":424},{\"@type\":\"BreadcrumbList\",\"@id\":\"https:\/\/www.avocat-bonnet.fr\/lyon-villeurbanne\/la-prestation-compensatoire\/#breadcrumb\",\"itemListElement\":[{\"@type\":\"ListItem\",\"position\":1,\"name\":\"Accueil\",\"item\":\"https:\/\/www.avocat-bonnet.fr\/lyon-villeurbanne\/\"},{\"@type\":\"ListItem\",\"position\":2,\"name\":\"La prestation compensatoire\"}]},{\"@type\":\"WebSite\",\"@id\":\"https:\/\/www.avocat-bonnet.fr\/lyon-villeurbanne\/#website\",\"url\":\"https:\/\/www.avocat-bonnet.fr\/lyon-villeurbanne\/\",\"name\":\"Nicolas Bonnet - Avocat Lyon et Villeurbanne, divorce, droit m\u00e9dical, travail, litiges de la consommation...\",\"description\":\"Un cabinet d&#039;avocat d\u00e9di\u00e9 au droit des particuliers, commer\u00e7ants et petites entreprises...\",\"publisher\":{\"@id\":\"https:\/\/www.avocat-bonnet.fr\/lyon-villeurbanne\/#\/schema\/person\/53ccc962871a33e31889adc918b8794d\"},\"potentialAction\":[{\"@type\":\"SearchAction\",\"target\":{\"@type\":\"EntryPoint\",\"urlTemplate\":\"https:\/\/www.avocat-bonnet.fr\/lyon-villeurbanne\/?s={search_term_string}\"},\"query-input\":\"required name=search_term_string\"}],\"inLanguage\":\"fr-FR\"},{\"@type\":[\"Person\",\"Organization\"],\"@id\":\"https:\/\/www.avocat-bonnet.fr\/lyon-villeurbanne\/#\/schema\/person\/53ccc962871a33e31889adc918b8794d\",\"name\":\"Nicolas Bonnet\",\"logo\":{\"@id\":\"https:\/\/www.avocat-bonnet.fr\/lyon-villeurbanne\/#\/schema\/person\/image\/\"}}]}<\/script>\n<!-- \/ Yoast SEO plugin. -->","yoast_head_json":{"title":"La prestation compensatoire - Nicolas Bonnet - Avocat Lyon et Villeurbanne, divorce, droit m\u00e9dical, travail, litiges de la consommation...","robots":{"index":"index","follow":"follow","max-snippet":"max-snippet:-1","max-image-preview":"max-image-preview:large","max-video-preview":"max-video-preview:-1"},"canonical":"https:\/\/www.avocat-bonnet.fr\/lyon-villeurbanne\/la-prestation-compensatoire\/","og_locale":"fr_FR","og_type":"article","og_title":"La prestation compensatoire - Nicolas Bonnet - Avocat Lyon et Villeurbanne, divorce, droit m\u00e9dical, travail, litiges de la consommation...","og_description":"Le montant de la prestation compensatoire est fix\u00e9, dans le divorce par consentement mutuel par les \u00e9poux eux-m\u00eames, ou par le juge dans les autres cas de divorces. Le montant de la prestation compensatoire est fix\u00e9 en fonction des besoins de l\u2019\u00e9poux b\u00e9n\u00e9ficiaire et des ressources de l\u2019autre, en tenant compte de la situation actuelle [&hellip;]","og_url":"https:\/\/www.avocat-bonnet.fr\/lyon-villeurbanne\/la-prestation-compensatoire\/","og_site_name":"Nicolas Bonnet - Avocat Lyon et Villeurbanne, divorce, droit m\u00e9dical, travail, litiges de la consommation...","og_image":[{"width":640,"height":424,"url":"https:\/\/www.avocat-bonnet.fr\/lyon-villeurbanne\/wp-content\/uploads\/2018\/08\/hand-83079_640.jpg","type":"image\/jpeg"}],"twitter_card":"summary_large_image","twitter_misc":{"Dur\u00e9e de lecture estim\u00e9e":"2 minutes"},"schema":{"@context":"https:\/\/schema.org","@graph":[{"@type":"WebPage","@id":"https:\/\/www.avocat-bonnet.fr\/lyon-villeurbanne\/la-prestation-compensatoire\/","url":"https:\/\/www.avocat-bonnet.fr\/lyon-villeurbanne\/la-prestation-compensatoire\/","name":"La prestation compensatoire - Nicolas Bonnet - Avocat Lyon et Villeurbanne, divorce, droit m\u00e9dical, travail, litiges de la consommation...","isPartOf":{"@id":"https:\/\/www.avocat-bonnet.fr\/lyon-villeurbanne\/#website"},"primaryImageOfPage":{"@id":"https:\/\/www.avocat-bonnet.fr\/lyon-villeurbanne\/la-prestation-compensatoire\/#primaryimage"},"image":{"@id":"https:\/\/www.avocat-bonnet.fr\/lyon-villeurbanne\/la-prestation-compensatoire\/#primaryimage"},"thumbnailUrl":"https:\/\/www.avocat-bonnet.fr\/lyon-villeurbanne\/wp-content\/uploads\/2018\/08\/hand-83079_640.jpg","datePublished":"2018-08-31T14:49:47+00:00","dateModified":"2018-08-31T14:49:47+00:00","breadcrumb":{"@id":"https:\/\/www.avocat-bonnet.fr\/lyon-villeurbanne\/la-prestation-compensatoire\/#breadcrumb"},"inLanguage":"fr-FR","potentialAction":[{"@type":"ReadAction","target":["https:\/\/www.avocat-bonnet.fr\/lyon-villeurbanne\/la-prestation-compensatoire\/"]}]},{"@type":"ImageObject","inLanguage":"fr-FR","@id":"https:\/\/www.avocat-bonnet.fr\/lyon-villeurbanne\/la-prestation-compensatoire\/#primaryimage","url":"https:\/\/www.avocat-bonnet.fr\/lyon-villeurbanne\/wp-content\/uploads\/2018\/08\/hand-83079_640.jpg","contentUrl":"https:\/\/www.avocat-bonnet.fr\/lyon-villeurbanne\/wp-content\/uploads\/2018\/08\/hand-83079_640.jpg","width":640,"height":424},{"@type":"BreadcrumbList","@id":"https:\/\/www.avocat-bonnet.fr\/lyon-villeurbanne\/la-prestation-compensatoire\/#breadcrumb","itemListElement":[{"@type":"ListItem","position":1,"name":"Accueil","item":"https:\/\/www.avocat-bonnet.fr\/lyon-villeurbanne\/"},{"@type":"ListItem","position":2,"name":"La prestation compensatoire"}]},{"@type":"WebSite","@id":"https:\/\/www.avocat-bonnet.fr\/lyon-villeurbanne\/#website","url":"https:\/\/www.avocat-bonnet.fr\/lyon-villeurbanne\/","name":"Nicolas Bonnet - Avocat Lyon et Villeurbanne, divorce, droit m\u00e9dical, travail, litiges de la consommation...","description":"Un cabinet d&#039;avocat d\u00e9di\u00e9 au droit des particuliers, commer\u00e7ants et petites entreprises...","publisher":{"@id":"https:\/\/www.avocat-bonnet.fr\/lyon-villeurbanne\/#\/schema\/person\/53ccc962871a33e31889adc918b8794d"},"potentialAction":[{"@type":"SearchAction","target":{"@type":"EntryPoint","urlTemplate":"https:\/\/www.avocat-bonnet.fr\/lyon-villeurbanne\/?s={search_term_string}"},"query-input":"required name=search_term_string"}],"inLanguage":"fr-FR"},{"@type":["Person","Organization"],"@id":"https:\/\/www.avocat-bonnet.fr\/lyon-villeurbanne\/#\/schema\/person\/53ccc962871a33e31889adc918b8794d","name":"Nicolas Bonnet","logo":{"@id":"https:\/\/www.avocat-bonnet.fr\/lyon-villeurbanne\/#\/schema\/person\/image\/"}}]}},"_links":{"self":[{"href":"https:\/\/www.avocat-bonnet.fr\/lyon-villeurbanne\/wp-json\/wp\/v2\/pages\/1854"}],"collection":[{"href":"https:\/\/www.avocat-bonnet.fr\/lyon-villeurbanne\/wp-json\/wp\/v2\/pages"}],"about":[{"href":"https:\/\/www.avocat-bonnet.fr\/lyon-villeurbanne\/wp-json\/wp\/v2\/types\/page"}],"author":[{"embeddable":true,"href":"https:\/\/www.avocat-bonnet.fr\/lyon-villeurbanne\/wp-json\/wp\/v2\/users\/2"}],"replies":[{"embeddable":true,"href":"https:\/\/www.avocat-bonnet.fr\/lyon-villeurbanne\/wp-json\/wp\/v2\/comments?post=1854"}],"version-history":[{"count":0,"href":"https:\/\/www.avocat-bonnet.fr\/lyon-villeurbanne\/wp-json\/wp\/v2\/pages\/1854\/revisions"}],"wp:featuredmedia":[{"embeddable":true,"href":"https:\/\/www.avocat-bonnet.fr\/lyon-villeurbanne\/wp-json\/wp\/v2\/media\/1800"}],"wp:attachment":[{"href":"https:\/\/www.avocat-bonnet.fr\/lyon-villeurbanne\/wp-json\/wp\/v2\/media?parent=1854"}],"curies":[{"name":"wp","href":"https:\/\/api.w.org\/{rel}","templated":true}]}}