{"id":178,"date":"2012-10-08T09:37:10","date_gmt":"2012-10-08T08:37:10","guid":{"rendered":"http:\/\/www.avocat-bonnet.fr\/lesite\/?page_id=178"},"modified":"2012-10-08T09:37:10","modified_gmt":"2012-10-08T08:37:10","slug":"principes-dintervention","status":"publish","type":"page","link":"https:\/\/www.avocat-bonnet.fr\/lyon-villeurbanne\/principes-dintervention\/","title":{"rendered":"Principes d&rsquo;intervention"},"content":{"rendered":"<p>Ancien conseiller juridique dans une association nationale de consommateurs implant\u00e9e \u00e0 Lyon, plus tard juge de proximit\u00e9, Ma\u00eetre Nicolas Bonnet, avocat inscrit au barreau de Lyon, est depuis plus de 20 ans <strong>un praticien exp\u00e9riment\u00e9<\/strong> du droit et des contentieux des particuliers, principalement dans les domaines de la famille (<a title=\"les autres cas de divorce\" href=\"http:\/\/www.avocat-bonnet.fr\/lesite\/les-autres-cas-de-divorces\/ \">divorces<\/a>, s\u00e9parations, r\u00e9visions de pensions alimentaires pour enfants, modifications des modalit\u00e9s de garde, successions, adoptions, actions relatives \u00e0 la paternit\u00e9), de l&rsquo;immobilier (loyers, copropri\u00e9t\u00e9, construction, servitudes, troubles du voisinage), du travail (<a title=\"la contestation du licenciement\" href=\"http:\/\/www.avocat-bonnet.fr\/lesite\/la-contestation-du-licenciement\/\">licenciement<\/a>, <a title=\"la rupture conventionnelle\" href=\"http:\/\/www.avocat-bonnet.fr\/lesite\/la-rupture-conventionnelle\/\">ruptures conventionnelles<\/a>, arri\u00e9r\u00e9s de salaires), de la consommation (assurances, vente \u00e0 distance, cr\u00e9dit,&#8230;) et, plus r\u00e9cemment, du <a title=\"la responsabilit\u00e9 m\u00e9dicale\" href=\"http:\/\/www.avocat-bonnet.fr\/lesite\/le-droit-medical\/\">droit m\u00e9dical <\/a>(responsabilit\u00e9 m\u00e9dicale, r\u00e9paration des pr\u00e9judices corporels,&#8230;).<\/p>\n<p>Ses m\u00e9thodes de travail sont fond\u00e9es sur la <strong>qualit\u00e9 d&rsquo;\u00e9coute du client <\/strong>pour \u00e9tablir une relation de confiance mutuelle, la <strong>rigueur du raisonnement juridique <\/strong>pour plaider efficace et la <strong>pugnacit\u00e9 <\/strong>tout au long de son intervention pour vous assurer les meilleures chances d&rsquo;un bon r\u00e9sultat.<\/p>\n<p>Quand cela est possible et sans que cela pr\u00e9judicie aux int\u00e9r\u00eats de son client, Ma\u00eetre Nicolas Bonnet pr\u00e9f\u00e8re <strong>rechercher un accord n\u00e9goci\u00e9 avec l&rsquo;adversaire <\/strong>(employeur, conjoint, propri\u00e9taire ou locataire, m\u00e9decin, \u00e9tablissement de sant\u00e9&#8230;), plut\u00f4t que l&rsquo;engagement ou la poursuite d&rsquo;une proc\u00e9dure longue et co\u00fbteuse ; l&rsquo;acte d&rsquo;avocat en est un outil.<\/p>\n<p>Plus largement, il pr\u00e9conise<strong> la pr\u00e9vention des litiges par une consultation au cabinet,<\/strong> que ce soit avant de prendre une d\u00e9cision importante (succession, donation, adoption, contrat,&#8230;), de mani\u00e8re \u00e0 d\u00e9cider en ayant connaissance des cons\u00e9quences possibles de ses choix, ou d\u00e8s qu&rsquo;appara\u00eet une situation potentiellement conflictuelle, afin d&rsquo;une part de prendre les dispositions qui peuvent am\u00e9liorer les donn\u00e9es de la situation (lettre recommand\u00e9e avec AR, constat d&rsquo;huissier, \u00e9tablissement de devis,&#8230;) et d&rsquo;autre part d&rsquo;\u00e9laborer la meilleure strat\u00e9gie.<\/p>\n","protected":false},"excerpt":{"rendered":"<p>Ancien conseiller juridique dans une association nationale de consommateurs implant\u00e9e \u00e0 Lyon, plus tard juge de proximit\u00e9, Ma\u00eetre Nicolas Bonnet, avocat inscrit au barreau de Lyon, est depuis plus de 20 ans un praticien exp\u00e9riment\u00e9 du droit et des contentieux des particuliers, principalement dans les domaines de la famille (divorces, s\u00e9parations, r\u00e9visions de pensions alimentaires [&hellip;]<\/p>\n","protected":false},"author":4,"featured_media":229,"parent":0,"menu_order":3,"comment_status":"closed","ping_status":"open","template":"","meta":{"_et_pb_use_builder":"","_et_pb_old_content":"","_et_gb_content_width":"","footnotes":""},"yoast_head":"<!-- This site is optimized with the Yoast SEO plugin v22.3 - https:\/\/yoast.com\/wordpress\/plugins\/seo\/ -->\n<title>Principes d&#039;intervention - Nicolas Bonnet - Avocat Lyon et Villeurbanne, divorce, droit m\u00e9dical, travail, litiges de la consommation...<\/title>\n<meta name=\"robots\" content=\"index, follow, max-snippet:-1, max-image-preview:large, max-video-preview:-1\" \/>\n<link rel=\"canonical\" href=\"https:\/\/www.avocat-bonnet.fr\/lyon-villeurbanne\/principes-dintervention\/\" \/>\n<meta property=\"og:locale\" content=\"fr_FR\" \/>\n<meta property=\"og:type\" content=\"article\" \/>\n<meta property=\"og:title\" content=\"Principes d&#039;intervention - Nicolas Bonnet - Avocat Lyon et Villeurbanne, divorce, droit m\u00e9dical, travail, litiges de la consommation...\" \/>\n<meta property=\"og:description\" content=\"Ancien conseiller juridique dans une association nationale de consommateurs implant\u00e9e \u00e0 Lyon, plus tard juge de proximit\u00e9, Ma\u00eetre Nicolas Bonnet, avocat inscrit au barreau de Lyon, est depuis plus de 20 ans un praticien exp\u00e9riment\u00e9 du droit et des contentieux des particuliers, principalement dans les domaines de la famille (divorces, s\u00e9parations, r\u00e9visions de pensions alimentaires [&hellip;]\" \/>\n<meta property=\"og:url\" content=\"https:\/\/www.avocat-bonnet.fr\/lyon-villeurbanne\/principes-dintervention\/\" \/>\n<meta property=\"og:site_name\" content=\"Nicolas Bonnet - Avocat Lyon et Villeurbanne, divorce, droit m\u00e9dical, travail, litiges de la consommation...\" \/>\n<meta property=\"og:image\" content=\"https:\/\/www.avocat-bonnet.fr\/lyon-villeurbanne\/wp-content\/uploads\/2012\/10\/portrait2-IMGP7634.jpg\" \/>\n\t<meta property=\"og:image:width\" content=\"1200\" \/>\n\t<meta property=\"og:image:height\" content=\"800\" \/>\n\t<meta property=\"og:image:type\" content=\"image\/jpeg\" \/>\n<meta name=\"twitter:card\" content=\"summary_large_image\" \/>\n<meta name=\"twitter:label1\" content=\"Dur\u00e9e de lecture estim\u00e9e\" \/>\n\t<meta name=\"twitter:data1\" content=\"2 minutes\" \/>\n<script type=\"application\/ld+json\" class=\"yoast-schema-graph\">{\"@context\":\"https:\/\/schema.org\",\"@graph\":[{\"@type\":\"WebPage\",\"@id\":\"https:\/\/www.avocat-bonnet.fr\/lyon-villeurbanne\/principes-dintervention\/\",\"url\":\"https:\/\/www.avocat-bonnet.fr\/lyon-villeurbanne\/principes-dintervention\/\",\"name\":\"Principes d'intervention - Nicolas Bonnet - Avocat Lyon et Villeurbanne, divorce, droit m\u00e9dical, travail, litiges de la consommation...\",\"isPartOf\":{\"@id\":\"https:\/\/www.avocat-bonnet.fr\/lyon-villeurbanne\/#website\"},\"primaryImageOfPage\":{\"@id\":\"https:\/\/www.avocat-bonnet.fr\/lyon-villeurbanne\/principes-dintervention\/#primaryimage\"},\"image\":{\"@id\":\"https:\/\/www.avocat-bonnet.fr\/lyon-villeurbanne\/principes-dintervention\/#primaryimage\"},\"thumbnailUrl\":\"https:\/\/www.avocat-bonnet.fr\/lyon-villeurbanne\/wp-content\/uploads\/2012\/10\/portrait2-IMGP7634.jpg\",\"datePublished\":\"2012-10-08T08:37:10+00:00\",\"dateModified\":\"2012-10-08T08:37:10+00:00\",\"breadcrumb\":{\"@id\":\"https:\/\/www.avocat-bonnet.fr\/lyon-villeurbanne\/principes-dintervention\/#breadcrumb\"},\"inLanguage\":\"fr-FR\",\"potentialAction\":[{\"@type\":\"ReadAction\",\"target\":[\"https:\/\/www.avocat-bonnet.fr\/lyon-villeurbanne\/principes-dintervention\/\"]}]},{\"@type\":\"ImageObject\",\"inLanguage\":\"fr-FR\",\"@id\":\"https:\/\/www.avocat-bonnet.fr\/lyon-villeurbanne\/principes-dintervention\/#primaryimage\",\"url\":\"https:\/\/www.avocat-bonnet.fr\/lyon-villeurbanne\/wp-content\/uploads\/2012\/10\/portrait2-IMGP7634.jpg\",\"contentUrl\":\"https:\/\/www.avocat-bonnet.fr\/lyon-villeurbanne\/wp-content\/uploads\/2012\/10\/portrait2-IMGP7634.jpg\",\"width\":1200,\"height\":800,\"caption\":\"maitre Bonnet dans son cabinet de Lyon-Gerland\"},{\"@type\":\"BreadcrumbList\",\"@id\":\"https:\/\/www.avocat-bonnet.fr\/lyon-villeurbanne\/principes-dintervention\/#breadcrumb\",\"itemListElement\":[{\"@type\":\"ListItem\",\"position\":1,\"name\":\"Accueil\",\"item\":\"https:\/\/www.avocat-bonnet.fr\/lyon-villeurbanne\/\"},{\"@type\":\"ListItem\",\"position\":2,\"name\":\"Principes d&rsquo;intervention\"}]},{\"@type\":\"WebSite\",\"@id\":\"https:\/\/www.avocat-bonnet.fr\/lyon-villeurbanne\/#website\",\"url\":\"https:\/\/www.avocat-bonnet.fr\/lyon-villeurbanne\/\",\"name\":\"Nicolas Bonnet - Avocat Lyon et Villeurbanne, divorce, droit m\u00e9dical, travail, litiges de la consommation...\",\"description\":\"Un cabinet d&#039;avocat d\u00e9di\u00e9 au droit des particuliers, commer\u00e7ants et petites entreprises...\",\"publisher\":{\"@id\":\"https:\/\/www.avocat-bonnet.fr\/lyon-villeurbanne\/#\/schema\/person\/53ccc962871a33e31889adc918b8794d\"},\"potentialAction\":[{\"@type\":\"SearchAction\",\"target\":{\"@type\":\"EntryPoint\",\"urlTemplate\":\"https:\/\/www.avocat-bonnet.fr\/lyon-villeurbanne\/?s={search_term_string}\"},\"query-input\":\"required name=search_term_string\"}],\"inLanguage\":\"fr-FR\"},{\"@type\":[\"Person\",\"Organization\"],\"@id\":\"https:\/\/www.avocat-bonnet.fr\/lyon-villeurbanne\/#\/schema\/person\/53ccc962871a33e31889adc918b8794d\",\"name\":\"Nicolas Bonnet\",\"logo\":{\"@id\":\"https:\/\/www.avocat-bonnet.fr\/lyon-villeurbanne\/#\/schema\/person\/image\/\"}}]}<\/script>\n<!-- \/ Yoast SEO plugin. -->","yoast_head_json":{"title":"Principes d'intervention - Nicolas Bonnet - Avocat Lyon et Villeurbanne, divorce, droit m\u00e9dical, travail, litiges de la consommation...","robots":{"index":"index","follow":"follow","max-snippet":"max-snippet:-1","max-image-preview":"max-image-preview:large","max-video-preview":"max-video-preview:-1"},"canonical":"https:\/\/www.avocat-bonnet.fr\/lyon-villeurbanne\/principes-dintervention\/","og_locale":"fr_FR","og_type":"article","og_title":"Principes d'intervention - Nicolas Bonnet - Avocat Lyon et Villeurbanne, divorce, droit m\u00e9dical, travail, litiges de la consommation...","og_description":"Ancien conseiller juridique dans une association nationale de consommateurs implant\u00e9e \u00e0 Lyon, plus tard juge de proximit\u00e9, Ma\u00eetre Nicolas Bonnet, avocat inscrit au barreau de Lyon, est depuis plus de 20 ans un praticien exp\u00e9riment\u00e9 du droit et des contentieux des particuliers, principalement dans les domaines de la famille (divorces, s\u00e9parations, r\u00e9visions de pensions alimentaires [&hellip;]","og_url":"https:\/\/www.avocat-bonnet.fr\/lyon-villeurbanne\/principes-dintervention\/","og_site_name":"Nicolas Bonnet - Avocat Lyon et Villeurbanne, divorce, droit m\u00e9dical, travail, litiges de la consommation...","og_image":[{"width":1200,"height":800,"url":"https:\/\/www.avocat-bonnet.fr\/lyon-villeurbanne\/wp-content\/uploads\/2012\/10\/portrait2-IMGP7634.jpg","type":"image\/jpeg"}],"twitter_card":"summary_large_image","twitter_misc":{"Dur\u00e9e de lecture estim\u00e9e":"2 minutes"},"schema":{"@context":"https:\/\/schema.org","@graph":[{"@type":"WebPage","@id":"https:\/\/www.avocat-bonnet.fr\/lyon-villeurbanne\/principes-dintervention\/","url":"https:\/\/www.avocat-bonnet.fr\/lyon-villeurbanne\/principes-dintervention\/","name":"Principes d'intervention - Nicolas Bonnet - Avocat Lyon et Villeurbanne, divorce, droit m\u00e9dical, travail, litiges de la consommation...","isPartOf":{"@id":"https:\/\/www.avocat-bonnet.fr\/lyon-villeurbanne\/#website"},"primaryImageOfPage":{"@id":"https:\/\/www.avocat-bonnet.fr\/lyon-villeurbanne\/principes-dintervention\/#primaryimage"},"image":{"@id":"https:\/\/www.avocat-bonnet.fr\/lyon-villeurbanne\/principes-dintervention\/#primaryimage"},"thumbnailUrl":"https:\/\/www.avocat-bonnet.fr\/lyon-villeurbanne\/wp-content\/uploads\/2012\/10\/portrait2-IMGP7634.jpg","datePublished":"2012-10-08T08:37:10+00:00","dateModified":"2012-10-08T08:37:10+00:00","breadcrumb":{"@id":"https:\/\/www.avocat-bonnet.fr\/lyon-villeurbanne\/principes-dintervention\/#breadcrumb"},"inLanguage":"fr-FR","potentialAction":[{"@type":"ReadAction","target":["https:\/\/www.avocat-bonnet.fr\/lyon-villeurbanne\/principes-dintervention\/"]}]},{"@type":"ImageObject","inLanguage":"fr-FR","@id":"https:\/\/www.avocat-bonnet.fr\/lyon-villeurbanne\/principes-dintervention\/#primaryimage","url":"https:\/\/www.avocat-bonnet.fr\/lyon-villeurbanne\/wp-content\/uploads\/2012\/10\/portrait2-IMGP7634.jpg","contentUrl":"https:\/\/www.avocat-bonnet.fr\/lyon-villeurbanne\/wp-content\/uploads\/2012\/10\/portrait2-IMGP7634.jpg","width":1200,"height":800,"caption":"maitre Bonnet dans son cabinet de Lyon-Gerland"},{"@type":"BreadcrumbList","@id":"https:\/\/www.avocat-bonnet.fr\/lyon-villeurbanne\/principes-dintervention\/#breadcrumb","itemListElement":[{"@type":"ListItem","position":1,"name":"Accueil","item":"https:\/\/www.avocat-bonnet.fr\/lyon-villeurbanne\/"},{"@type":"ListItem","position":2,"name":"Principes d&rsquo;intervention"}]},{"@type":"WebSite","@id":"https:\/\/www.avocat-bonnet.fr\/lyon-villeurbanne\/#website","url":"https:\/\/www.avocat-bonnet.fr\/lyon-villeurbanne\/","name":"Nicolas Bonnet - Avocat Lyon et Villeurbanne, divorce, droit m\u00e9dical, travail, litiges de la consommation...","description":"Un cabinet d&#039;avocat d\u00e9di\u00e9 au droit des particuliers, commer\u00e7ants et petites entreprises...","publisher":{"@id":"https:\/\/www.avocat-bonnet.fr\/lyon-villeurbanne\/#\/schema\/person\/53ccc962871a33e31889adc918b8794d"},"potentialAction":[{"@type":"SearchAction","target":{"@type":"EntryPoint","urlTemplate":"https:\/\/www.avocat-bonnet.fr\/lyon-villeurbanne\/?s={search_term_string}"},"query-input":"required name=search_term_string"}],"inLanguage":"fr-FR"},{"@type":["Person","Organization"],"@id":"https:\/\/www.avocat-bonnet.fr\/lyon-villeurbanne\/#\/schema\/person\/53ccc962871a33e31889adc918b8794d","name":"Nicolas Bonnet","logo":{"@id":"https:\/\/www.avocat-bonnet.fr\/lyon-villeurbanne\/#\/schema\/person\/image\/"}}]}},"_links":{"self":[{"href":"https:\/\/www.avocat-bonnet.fr\/lyon-villeurbanne\/wp-json\/wp\/v2\/pages\/178"}],"collection":[{"href":"https:\/\/www.avocat-bonnet.fr\/lyon-villeurbanne\/wp-json\/wp\/v2\/pages"}],"about":[{"href":"https:\/\/www.avocat-bonnet.fr\/lyon-villeurbanne\/wp-json\/wp\/v2\/types\/page"}],"author":[{"embeddable":true,"href":"https:\/\/www.avocat-bonnet.fr\/lyon-villeurbanne\/wp-json\/wp\/v2\/users\/4"}],"replies":[{"embeddable":true,"href":"https:\/\/www.avocat-bonnet.fr\/lyon-villeurbanne\/wp-json\/wp\/v2\/comments?post=178"}],"version-history":[{"count":0,"href":"https:\/\/www.avocat-bonnet.fr\/lyon-villeurbanne\/wp-json\/wp\/v2\/pages\/178\/revisions"}],"wp:featuredmedia":[{"embeddable":true,"href":"https:\/\/www.avocat-bonnet.fr\/lyon-villeurbanne\/wp-json\/wp\/v2\/media\/229"}],"wp:attachment":[{"href":"https:\/\/www.avocat-bonnet.fr\/lyon-villeurbanne\/wp-json\/wp\/v2\/media?parent=178"}],"curies":[{"name":"wp","href":"https:\/\/api.w.org\/{rel}","templated":true}]}}