{"id":1759,"date":"2018-06-28T17:09:54","date_gmt":"2018-06-28T15:09:54","guid":{"rendered":"http:\/\/www.avocat-bonnet.fr\/lyon-villeurbanne\/?page_id=1759"},"modified":"2018-09-26T19:18:39","modified_gmt":"2018-09-26T17:18:39","slug":"cabinet-avocat-travail-immobilier-consommation","status":"publish","type":"page","link":"https:\/\/www.avocat-bonnet.fr\/lyon-villeurbanne\/cabinet-avocat-travail-immobilier-consommation\/","title":{"rendered":"Un cabinet d&rsquo;avocat d\u00e9di\u00e9 aux droits du travail, de la consommation ou de l&rsquo;immobilier"},"content":{"rendered":"<h1><strong>Les affaires prud&rsquo;homales (licenciement, arri\u00e9r\u00e9s de salaire&#8230;)<br \/>\n<\/strong><\/h1>\n<p>&#8211; <a href=\"http:\/\/www.avocat-bonnet.fr\/lesite\/la-contestatio\u2026u-licenciement\/ \">contestations de licenciement<br \/>\n<\/a>&#8211; <a href=\"http:\/\/www.avocat-bonnet.fr\/lesite\/la-rupture-conventionnelle\/\">ruptures conventionnelles<\/a>,<br \/>\n&#8211; demandes de paiement d&rsquo;arri\u00e9r\u00e9 de salaire&#8230;<\/p>\n<h1><strong>Les affaires immobili\u00e8res (loyers, caution, expulsion, copropri\u00e9t\u00e9, construction&#8230;)<br \/>\n<\/strong><\/h1>\n<h3>\u2022 Loyers<\/h3>\n<p>\u2013 actions en r\u00e9solution de bail,<br \/>\n\u2013 r\u00e9cup\u00e9ration de caution ;<\/p>\n<h3>\u2022 Copropri\u00e9t\u00e9<\/h3>\n<h3>\u2022 Construction<\/h3>\n<p>\u2013 garantie de parfait ach\u00e8vement, garantie biennale, garantie d\u00e9cennale,<br \/>\n\u2013 vices cach\u00e9s, r\u00e9ception des travaux ;<\/p>\n<h3>\u2022 Troubles du voisinage, servitudes<\/h3>\n<p>&nbsp;<\/p>\n<h1><strong>Le droit de la consommation (assurance, litige internet, vente \u00e0 domicile, cr\u00e9dit&#8230;)<br \/>\n<\/strong><\/h1>\n<h3>\u2022 assurances<\/h3>\n<h3>\u2022\u00a0ventes \u00e0 distance :<\/h3>\n<p>\u2013 vente par correspondance,<br \/>\n\u2013 vente sur Internet,<br \/>\n\u2013 vente \u00e0 domicile.<\/p>\n<h3>\u2022\u00a0cr\u00e9dit<\/h3>\n","protected":false},"excerpt":{"rendered":"<p>Les affaires prud&rsquo;homales (licenciement, arri\u00e9r\u00e9s de salaire&#8230;) &#8211; contestations de licenciement &#8211; ruptures conventionnelles, &#8211; demandes de paiement d&rsquo;arri\u00e9r\u00e9 de salaire&#8230; Les affaires immobili\u00e8res (loyers, caution, expulsion, copropri\u00e9t\u00e9, construction&#8230;) \u2022 Loyers \u2013 actions en r\u00e9solution de bail, \u2013 r\u00e9cup\u00e9ration de caution ; \u2022 Copropri\u00e9t\u00e9 \u2022 Construction \u2013 garantie de parfait ach\u00e8vement, garantie biennale, garantie d\u00e9cennale, [&hellip;]<\/p>\n","protected":false},"author":2,"featured_media":227,"parent":0,"menu_order":1,"comment_status":"closed","ping_status":"closed","template":"","meta":{"_et_pb_use_builder":"","_et_pb_old_content":"","_et_gb_content_width":"","footnotes":""},"yoast_head":"<!-- This site is optimized with the Yoast SEO plugin v22.3 - https:\/\/yoast.com\/wordpress\/plugins\/seo\/ -->\n<title>Un cabinet d&#039;avocat d\u00e9di\u00e9 aux droits des particuliers (Lyon et Villeurbanne). Divorce, s\u00e9paration, filiation, licenciement, immobilier...<\/title>\n<meta name=\"description\" content=\"Prud&#039;hommes, affaires immobili\u00e8res, construction, copropri\u00e9t\u00e9, consommation, assurance, vente \u00e0 distance, internet et eboutique...\" \/>\n<meta name=\"robots\" content=\"index, follow, max-snippet:-1, max-image-preview:large, max-video-preview:-1\" \/>\n<link rel=\"canonical\" href=\"https:\/\/www.avocat-bonnet.fr\/lyon-villeurbanne\/cabinet-avocat-travail-immobilier-consommation\/\" \/>\n<meta property=\"og:locale\" content=\"fr_FR\" \/>\n<meta property=\"og:type\" content=\"article\" \/>\n<meta property=\"og:title\" content=\"Un cabinet d&#039;avocat d\u00e9di\u00e9 aux droits des particuliers (Lyon et Villeurbanne). Divorce, s\u00e9paration, filiation, licenciement, immobilier...\" \/>\n<meta property=\"og:description\" content=\"Prud&#039;hommes, affaires immobili\u00e8res, construction, copropri\u00e9t\u00e9, consommation, assurance, vente \u00e0 distance, internet et eboutique...\" \/>\n<meta property=\"og:url\" content=\"https:\/\/www.avocat-bonnet.fr\/lyon-villeurbanne\/cabinet-avocat-travail-immobilier-consommation\/\" \/>\n<meta property=\"og:site_name\" content=\"Nicolas Bonnet - Avocat Lyon et Villeurbanne, divorce, droit m\u00e9dical, travail, litiges de la consommation...\" \/>\n<meta property=\"article:modified_time\" content=\"2018-09-26T17:18:39+00:00\" \/>\n<meta property=\"og:image\" content=\"https:\/\/www.avocat-bonnet.fr\/lyon-villeurbanne\/wp-content\/uploads\/2012\/10\/codes-IMGP7646.jpg\" \/>\n\t<meta property=\"og:image:width\" content=\"1200\" \/>\n\t<meta property=\"og:image:height\" content=\"797\" \/>\n\t<meta property=\"og:image:type\" content=\"image\/jpeg\" \/>\n<meta name=\"twitter:card\" content=\"summary_large_image\" \/>\n<script type=\"application\/ld+json\" class=\"yoast-schema-graph\">{\"@context\":\"https:\/\/schema.org\",\"@graph\":[{\"@type\":\"WebPage\",\"@id\":\"https:\/\/www.avocat-bonnet.fr\/lyon-villeurbanne\/cabinet-avocat-travail-immobilier-consommation\/\",\"url\":\"https:\/\/www.avocat-bonnet.fr\/lyon-villeurbanne\/cabinet-avocat-travail-immobilier-consommation\/\",\"name\":\"Un cabinet d'avocat d\u00e9di\u00e9 aux droits des particuliers (Lyon et Villeurbanne). Divorce, s\u00e9paration, filiation, licenciement, immobilier...\",\"isPartOf\":{\"@id\":\"https:\/\/www.avocat-bonnet.fr\/lyon-villeurbanne\/#website\"},\"primaryImageOfPage\":{\"@id\":\"https:\/\/www.avocat-bonnet.fr\/lyon-villeurbanne\/cabinet-avocat-travail-immobilier-consommation\/#primaryimage\"},\"image\":{\"@id\":\"https:\/\/www.avocat-bonnet.fr\/lyon-villeurbanne\/cabinet-avocat-travail-immobilier-consommation\/#primaryimage\"},\"thumbnailUrl\":\"https:\/\/www.avocat-bonnet.fr\/lyon-villeurbanne\/wp-content\/uploads\/2012\/10\/codes-IMGP7646.jpg\",\"datePublished\":\"2018-06-28T15:09:54+00:00\",\"dateModified\":\"2018-09-26T17:18:39+00:00\",\"description\":\"Prud'hommes, affaires immobili\u00e8res, construction, copropri\u00e9t\u00e9, consommation, assurance, vente \u00e0 distance, internet et eboutique...\",\"breadcrumb\":{\"@id\":\"https:\/\/www.avocat-bonnet.fr\/lyon-villeurbanne\/cabinet-avocat-travail-immobilier-consommation\/#breadcrumb\"},\"inLanguage\":\"fr-FR\",\"potentialAction\":[{\"@type\":\"ReadAction\",\"target\":[\"https:\/\/www.avocat-bonnet.fr\/lyon-villeurbanne\/cabinet-avocat-travail-immobilier-consommation\/\"]}]},{\"@type\":\"ImageObject\",\"inLanguage\":\"fr-FR\",\"@id\":\"https:\/\/www.avocat-bonnet.fr\/lyon-villeurbanne\/cabinet-avocat-travail-immobilier-consommation\/#primaryimage\",\"url\":\"https:\/\/www.avocat-bonnet.fr\/lyon-villeurbanne\/wp-content\/uploads\/2012\/10\/codes-IMGP7646.jpg\",\"contentUrl\":\"https:\/\/www.avocat-bonnet.fr\/lyon-villeurbanne\/wp-content\/uploads\/2012\/10\/codes-IMGP7646.jpg\",\"width\":1200,\"height\":797,\"caption\":\"code civil, code p\u00e9nal\"},{\"@type\":\"BreadcrumbList\",\"@id\":\"https:\/\/www.avocat-bonnet.fr\/lyon-villeurbanne\/cabinet-avocat-travail-immobilier-consommation\/#breadcrumb\",\"itemListElement\":[{\"@type\":\"ListItem\",\"position\":1,\"name\":\"Accueil\",\"item\":\"https:\/\/www.avocat-bonnet.fr\/lyon-villeurbanne\/\"},{\"@type\":\"ListItem\",\"position\":2,\"name\":\"Un cabinet d&rsquo;avocat d\u00e9di\u00e9 aux droits du travail, de la consommation ou de l&rsquo;immobilier\"}]},{\"@type\":\"WebSite\",\"@id\":\"https:\/\/www.avocat-bonnet.fr\/lyon-villeurbanne\/#website\",\"url\":\"https:\/\/www.avocat-bonnet.fr\/lyon-villeurbanne\/\",\"name\":\"Nicolas Bonnet - Avocat Lyon et Villeurbanne, divorce, droit m\u00e9dical, travail, litiges de la consommation...\",\"description\":\"Un cabinet d&#039;avocat d\u00e9di\u00e9 au droit des particuliers, commer\u00e7ants et petites entreprises...\",\"publisher\":{\"@id\":\"https:\/\/www.avocat-bonnet.fr\/lyon-villeurbanne\/#\/schema\/person\/53ccc962871a33e31889adc918b8794d\"},\"potentialAction\":[{\"@type\":\"SearchAction\",\"target\":{\"@type\":\"EntryPoint\",\"urlTemplate\":\"https:\/\/www.avocat-bonnet.fr\/lyon-villeurbanne\/?s={search_term_string}\"},\"query-input\":\"required name=search_term_string\"}],\"inLanguage\":\"fr-FR\"},{\"@type\":[\"Person\",\"Organization\"],\"@id\":\"https:\/\/www.avocat-bonnet.fr\/lyon-villeurbanne\/#\/schema\/person\/53ccc962871a33e31889adc918b8794d\",\"name\":\"Nicolas Bonnet\",\"logo\":{\"@id\":\"https:\/\/www.avocat-bonnet.fr\/lyon-villeurbanne\/#\/schema\/person\/image\/\"}}]}<\/script>\n<!-- \/ Yoast SEO plugin. -->","yoast_head_json":{"title":"Un cabinet d'avocat d\u00e9di\u00e9 aux droits des particuliers (Lyon et Villeurbanne). Divorce, s\u00e9paration, filiation, licenciement, immobilier...","description":"Prud'hommes, affaires immobili\u00e8res, construction, copropri\u00e9t\u00e9, consommation, assurance, vente \u00e0 distance, internet et eboutique...","robots":{"index":"index","follow":"follow","max-snippet":"max-snippet:-1","max-image-preview":"max-image-preview:large","max-video-preview":"max-video-preview:-1"},"canonical":"https:\/\/www.avocat-bonnet.fr\/lyon-villeurbanne\/cabinet-avocat-travail-immobilier-consommation\/","og_locale":"fr_FR","og_type":"article","og_title":"Un cabinet d'avocat d\u00e9di\u00e9 aux droits des particuliers (Lyon et Villeurbanne). Divorce, s\u00e9paration, filiation, licenciement, immobilier...","og_description":"Prud'hommes, affaires immobili\u00e8res, construction, copropri\u00e9t\u00e9, consommation, assurance, vente \u00e0 distance, internet et eboutique...","og_url":"https:\/\/www.avocat-bonnet.fr\/lyon-villeurbanne\/cabinet-avocat-travail-immobilier-consommation\/","og_site_name":"Nicolas Bonnet - Avocat Lyon et Villeurbanne, divorce, droit m\u00e9dical, travail, litiges de la consommation...","article_modified_time":"2018-09-26T17:18:39+00:00","og_image":[{"width":1200,"height":797,"url":"https:\/\/www.avocat-bonnet.fr\/lyon-villeurbanne\/wp-content\/uploads\/2012\/10\/codes-IMGP7646.jpg","type":"image\/jpeg"}],"twitter_card":"summary_large_image","schema":{"@context":"https:\/\/schema.org","@graph":[{"@type":"WebPage","@id":"https:\/\/www.avocat-bonnet.fr\/lyon-villeurbanne\/cabinet-avocat-travail-immobilier-consommation\/","url":"https:\/\/www.avocat-bonnet.fr\/lyon-villeurbanne\/cabinet-avocat-travail-immobilier-consommation\/","name":"Un cabinet d'avocat d\u00e9di\u00e9 aux droits des particuliers (Lyon et Villeurbanne). Divorce, s\u00e9paration, filiation, licenciement, immobilier...","isPartOf":{"@id":"https:\/\/www.avocat-bonnet.fr\/lyon-villeurbanne\/#website"},"primaryImageOfPage":{"@id":"https:\/\/www.avocat-bonnet.fr\/lyon-villeurbanne\/cabinet-avocat-travail-immobilier-consommation\/#primaryimage"},"image":{"@id":"https:\/\/www.avocat-bonnet.fr\/lyon-villeurbanne\/cabinet-avocat-travail-immobilier-consommation\/#primaryimage"},"thumbnailUrl":"https:\/\/www.avocat-bonnet.fr\/lyon-villeurbanne\/wp-content\/uploads\/2012\/10\/codes-IMGP7646.jpg","datePublished":"2018-06-28T15:09:54+00:00","dateModified":"2018-09-26T17:18:39+00:00","description":"Prud'hommes, affaires immobili\u00e8res, construction, copropri\u00e9t\u00e9, consommation, assurance, vente \u00e0 distance, internet et eboutique...","breadcrumb":{"@id":"https:\/\/www.avocat-bonnet.fr\/lyon-villeurbanne\/cabinet-avocat-travail-immobilier-consommation\/#breadcrumb"},"inLanguage":"fr-FR","potentialAction":[{"@type":"ReadAction","target":["https:\/\/www.avocat-bonnet.fr\/lyon-villeurbanne\/cabinet-avocat-travail-immobilier-consommation\/"]}]},{"@type":"ImageObject","inLanguage":"fr-FR","@id":"https:\/\/www.avocat-bonnet.fr\/lyon-villeurbanne\/cabinet-avocat-travail-immobilier-consommation\/#primaryimage","url":"https:\/\/www.avocat-bonnet.fr\/lyon-villeurbanne\/wp-content\/uploads\/2012\/10\/codes-IMGP7646.jpg","contentUrl":"https:\/\/www.avocat-bonnet.fr\/lyon-villeurbanne\/wp-content\/uploads\/2012\/10\/codes-IMGP7646.jpg","width":1200,"height":797,"caption":"code civil, code p\u00e9nal"},{"@type":"BreadcrumbList","@id":"https:\/\/www.avocat-bonnet.fr\/lyon-villeurbanne\/cabinet-avocat-travail-immobilier-consommation\/#breadcrumb","itemListElement":[{"@type":"ListItem","position":1,"name":"Accueil","item":"https:\/\/www.avocat-bonnet.fr\/lyon-villeurbanne\/"},{"@type":"ListItem","position":2,"name":"Un cabinet d&rsquo;avocat d\u00e9di\u00e9 aux droits du travail, de la consommation ou de l&rsquo;immobilier"}]},{"@type":"WebSite","@id":"https:\/\/www.avocat-bonnet.fr\/lyon-villeurbanne\/#website","url":"https:\/\/www.avocat-bonnet.fr\/lyon-villeurbanne\/","name":"Nicolas Bonnet - Avocat Lyon et Villeurbanne, divorce, droit m\u00e9dical, travail, litiges de la consommation...","description":"Un cabinet d&#039;avocat d\u00e9di\u00e9 au droit des particuliers, commer\u00e7ants et petites entreprises...","publisher":{"@id":"https:\/\/www.avocat-bonnet.fr\/lyon-villeurbanne\/#\/schema\/person\/53ccc962871a33e31889adc918b8794d"},"potentialAction":[{"@type":"SearchAction","target":{"@type":"EntryPoint","urlTemplate":"https:\/\/www.avocat-bonnet.fr\/lyon-villeurbanne\/?s={search_term_string}"},"query-input":"required name=search_term_string"}],"inLanguage":"fr-FR"},{"@type":["Person","Organization"],"@id":"https:\/\/www.avocat-bonnet.fr\/lyon-villeurbanne\/#\/schema\/person\/53ccc962871a33e31889adc918b8794d","name":"Nicolas Bonnet","logo":{"@id":"https:\/\/www.avocat-bonnet.fr\/lyon-villeurbanne\/#\/schema\/person\/image\/"}}]}},"_links":{"self":[{"href":"https:\/\/www.avocat-bonnet.fr\/lyon-villeurbanne\/wp-json\/wp\/v2\/pages\/1759"}],"collection":[{"href":"https:\/\/www.avocat-bonnet.fr\/lyon-villeurbanne\/wp-json\/wp\/v2\/pages"}],"about":[{"href":"https:\/\/www.avocat-bonnet.fr\/lyon-villeurbanne\/wp-json\/wp\/v2\/types\/page"}],"author":[{"embeddable":true,"href":"https:\/\/www.avocat-bonnet.fr\/lyon-villeurbanne\/wp-json\/wp\/v2\/users\/2"}],"replies":[{"embeddable":true,"href":"https:\/\/www.avocat-bonnet.fr\/lyon-villeurbanne\/wp-json\/wp\/v2\/comments?post=1759"}],"version-history":[{"count":0,"href":"https:\/\/www.avocat-bonnet.fr\/lyon-villeurbanne\/wp-json\/wp\/v2\/pages\/1759\/revisions"}],"wp:featuredmedia":[{"embeddable":true,"href":"https:\/\/www.avocat-bonnet.fr\/lyon-villeurbanne\/wp-json\/wp\/v2\/media\/227"}],"wp:attachment":[{"href":"https:\/\/www.avocat-bonnet.fr\/lyon-villeurbanne\/wp-json\/wp\/v2\/media?parent=1759"}],"curies":[{"name":"wp","href":"https:\/\/api.w.org\/{rel}","templated":true}]}}