{"id":102,"date":"2012-09-21T15:03:26","date_gmt":"2012-09-21T14:03:26","guid":{"rendered":"http:\/\/cluster015.ovh.net\/~avocatbo\/lesite\/?page_id=102"},"modified":"2022-02-01T09:48:29","modified_gmt":"2022-02-01T08:48:29","slug":"liens-utiles","status":"publish","type":"page","link":"https:\/\/www.avocat-bonnet.fr\/lyon-villeurbanne\/liens-utiles\/","title":{"rendered":"Liens (vraiment) utiles"},"content":{"rendered":"<p><strong><a href=\"http:\/\/www.avocat-bonnet.fr\/lyon-villeurbanne\/wp-content\/uploads\/2012\/09\/touche-justice.jpg\"><img decoding=\"async\" class=\"alignnone size-full wp-image-481\" title=\"touche_justice\" src=\"http:\/\/www.avocat-bonnet.fr\/lyon-villeurbanne\/wp-content\/uploads\/2012\/09\/touche-justice.jpg\" alt=\"\" width=\"235\" height=\"125\" \/><\/a> <\/strong><\/p>\n<div class=\"boxes\">\n<div class=\"box two first\">\n<h5>Se renseigner sur internet<\/h5>\n<ul>\n<li>Sur tout le droit applicable en France : <a href=\"http:\/\/www.legifrance.gouv.fr\">www.legifrance.gouv.fr<\/a><\/li>\n<li>Sur la justice \u00e0 Lyon :<a title=\"Justice \u00e0 Lyon\" href=\"http:\/\/www.ca-lyon.justice.fr\" target=\"_blank\" rel=\"noopener noreferrer\"> www.ca-lyon.justice.fr<\/a><\/li>\n<li>Sur l&rsquo;aide juridictionnelle : <a href=\"http:\/\/www.service-public.fr\/particuliers\/vosdroits\/F18074\"><cite class=\"_Rm\">www.service-public.fr\/particuliers\/vosdroits\/F18074<\/cite><\/a><\/li>\n<li>Sur le barreau de Lyon : <a href=\"http:\/\/www.barreaulyon.com\" target=\"_blank\" rel=\"noopener noreferrer\">www.barreaulyon.com<\/a><\/li>\n<li>Sur les administrations : <a href=\"http:\/\/www.service-public.fr\" target=\"_blank\" rel=\"noopener noreferrer\">www.service-public.fr<\/a><\/li>\n<li>Sur les retraites : <a href=\"http:\/\/www.info-retraite.fr\" target=\"_blank\" rel=\"noopener\">www.info-retraite.fr<\/a><\/li>\n<\/ul>\n<h5>Sites outils :<\/h5>\n<ul>\n<li>Calculer l&rsquo;indexation d&rsquo;une pension alimentaire : <a title=\"Calculer l'indexation d'une pension alimentaire\" href=\"http:\/\/www.service-public.fr\/calcul-pension\/index.html\">www.service-public.fr\/calcul-pension\/index.html<\/a><\/li>\n<li>Convertir la valeur compar\u00e9e de la monnaie fran\u00e7aise \u00e0 diff\u00e9rentes \u00e9poques (depuis 1901) : <a href=\"http:\/\/www.insee.fr\/fr\/themes\/calcul-pouvoir-achat.asp\">http:\/\/www.insee.fr\/fr\/themes\/calcul-pouvoir-achat.asp<\/a><\/li>\n<li>d\u00e9poser une demande de titre de s\u00e9jour en ligne :\u00a0<em><a href=\"https:\/\/elinkeu.clickdimensions.com\/c\/7\/eyJhaSI6MjE4OTU2NDgsImUiOiJtYWl0cmVib25uZXRAZnJlZS5mciIsInJpIjoiY29udGFjdC1lYzdhZGEyNjU3Y2RlOTExYThhNTAwMGQzYWI0YjljYi1hMDgxNGQ5YmIxZTA0OTBjYTE4M2YxNTVkYzJiMDE5NiIsInJxIjoicDEtYjIyMDI4LWE2NTNjMDY5NmU1ODRmMDU5NWIzMDhkZGYxNDkyZWRlIiwicGgiOm51bGwsIm0iOmZhbHNlLCJ1aSI6IjIiLCJ1biI6IiIsInUiOiJodHRwczovL2FkbWluaXN0cmF0aW9uLWV0cmFuZ2Vycy1lbi1mcmFuY2UuaW50ZXJpZXVyLmdvdXYuZnIvcGFydGljdWxpZXJzLz9fY2xkZWU9YldGcGRISmxZbTl1Ym1WMFFHWnlaV1V1Wm5JJTNkJnJlY2lwaWVudGlkPWNvbnRhY3QtZWM3YWRhMjY1N2NkZTkxMWE4YTUwMDBkM2FiNGI5Y2ItYTA4MTRkOWJiMWUwNDkwY2ExODNmMTU1ZGMyYjAxOTYmZXNpZD04M2Q0ZGYzMy0xYzgwLWVjMTEtOGQyMS0wMDBkM2E2NTk2NTkjL3Nlam91ci9kb2N1bWVudC12b3lhZ2UifQ\/6abTzcWBz1BW-RNFfVEQzw\">https:\/\/administration-etrangers-en-france.interieur.gouv.fr\/particuliers\/#\/sejour\/document-voyage<\/a><\/em><\/li>\n<li>d\u00e9poser un dossier de demande de naturalisation en ligne :\u00a0<a href=\"https:\/\/elinkeu.clickdimensions.com\/c\/7\/eyJhaSI6MjE4OTU2NDgsImUiOiJtYWl0cmVib25uZXRAZnJlZS5mciIsInJpIjoiY29udGFjdC1lYzdhZGEyNjU3Y2RlOTExYThhNTAwMGQzYWI0YjljYi1hMDgxNGQ5YmIxZTA0OTBjYTE4M2YxNTVkYzJiMDE5NiIsInJxIjoicDEtYjIyMDI4LWE2NTNjMDY5NmU1ODRmMDU5NWIzMDhkZGYxNDkyZWRlIiwicGgiOm51bGwsIm0iOmZhbHNlLCJ1aSI6IjAiLCJ1biI6IiIsInUiOiJodHRwczovL2FkbWluaXN0cmF0aW9uLWV0cmFuZ2Vycy1lbi1mcmFuY2UuaW50ZXJpZXVyLmdvdXYuZnIvcGFydGljdWxpZXJzLz9fY2xkZWU9YldGcGRISmxZbTl1Ym1WMFFHWnlaV1V1Wm5JJTNkJnJlY2lwaWVudGlkPWNvbnRhY3QtZWM3YWRhMjY1N2NkZTkxMWE4YTUwMDBkM2FiNGI5Y2ItYTA4MTRkOWJiMWUwNDkwY2ExODNmMTU1ZGMyYjAxOTYmZXNpZD04M2Q0ZGYzMy0xYzgwLWVjMTEtOGQyMS0wMDBkM2E2NTk2NTkjLyJ9\/oNLdIOcQZa8CD3-2YFoUsQ\">https:\/\/administration-etrangers-en-france.interieur.gouv.fr\/particuliers\/#\/<\/a><\/li>\n<\/ul>\n<\/div>\n<div class=\"box two last\">\n<h5>Se procurer des documents officiels<\/h5>\n<ul>\n<li>Un acte d&rsquo;\u00e9tat civil quand on est fran\u00e7ais n\u00e9 en France : <a href=\"http:\/\/mdel.mon.service-public.fr\/acte-etat-civil.html\"><cite class=\"_Rm\">mdel.mon.service-public.fr\/acte-etat-civil.html<\/cite><\/a><\/li>\n<li>Un acte d&rsquo;\u00e9tat civil quand on est \u00e9tranger en France ou fran\u00e7ais n\u00e9 \u00e0 l&rsquo;\u00e9tranger : <a href=\"http:\/\/www.diplomatie.gouv.fr\" target=\"_blank\" rel=\"noopener noreferrer\">www.diplomatie.gouv.fr<\/a><\/li>\n<li>Un formulaire administratif :<a href=\"http:\/\/www.service-public.fr\/particuliers\/vosdroits\/services-en-ligne-et-formulaires\"> www.service-public.fr\/particuliers\/vosdroits\/services-en-ligne-et-formulaires<\/a><\/li>\n<li>Un extrait B3 de son casier judiciaire\u00a0 : <a href=\"http:\/\/www.cjn.justice.gouv.fr\" target=\"_blank\" rel=\"noopener noreferrer\">www.cjn.justice.gouv.fr<\/a><\/li>\n<li>Un timbre fiscal d\u00e9mat\u00e9rialis\u00e9 pour \u00eatre partie en appel : <a title=\"timbres fiscaux\" href=\"http:\/\/www.timbre.justice.gouv.fr\" target=\"_blank\" rel=\"noopener noreferrer\">www.timbre.justice.gouv.fr<\/a><\/li>\n<li>Un formulaire de demande d&rsquo;aide juridictionnelle : <a href=\"http:\/\/www.service-public.fr\/particuliers\/vosdroits\/R1444\">www.service-public.fr\/particuliers\/vosdroits\/R1444<\/a><\/li>\n<\/ul>\n<\/div>\n<\/div>\n<p>&nbsp;<\/p>\n","protected":false},"excerpt":{"rendered":"<p>Se renseigner sur internet Sur tout le droit applicable en France : www.legifrance.gouv.fr Sur la justice \u00e0 Lyon : www.ca-lyon.justice.fr Sur l&rsquo;aide juridictionnelle : www.service-public.fr\/particuliers\/vosdroits\/F18074 Sur le barreau de Lyon : www.barreaulyon.com Sur les administrations : www.service-public.fr Sur les retraites : www.info-retraite.fr Sites outils : Calculer l&rsquo;indexation d&rsquo;une pension alimentaire : www.service-public.fr\/calcul-pension\/index.html Convertir la valeur [&hellip;]<\/p>\n","protected":false},"author":4,"featured_media":1562,"parent":0,"menu_order":10,"comment_status":"closed","ping_status":"closed","template":"","meta":{"_et_pb_use_builder":"off","_et_pb_old_content":"","_et_gb_content_width":"","footnotes":""},"yoast_head":"<!-- This site is optimized with the Yoast SEO plugin v22.3 - https:\/\/yoast.com\/wordpress\/plugins\/seo\/ -->\n<title>Liens (vraiment) utiles - Nicolas Bonnet - Avocat Lyon et Villeurbanne, divorce, droit m\u00e9dical, travail, litiges de la consommation...<\/title>\n<meta name=\"robots\" content=\"index, follow, max-snippet:-1, max-image-preview:large, max-video-preview:-1\" \/>\n<link rel=\"canonical\" href=\"https:\/\/www.avocat-bonnet.fr\/lyon-villeurbanne\/liens-utiles\/\" \/>\n<meta property=\"og:locale\" content=\"fr_FR\" \/>\n<meta property=\"og:type\" content=\"article\" \/>\n<meta property=\"og:title\" content=\"Liens (vraiment) utiles - Nicolas Bonnet - Avocat Lyon et Villeurbanne, divorce, droit m\u00e9dical, travail, litiges de la consommation...\" \/>\n<meta property=\"og:description\" content=\"Se renseigner sur internet Sur tout le droit applicable en France : www.legifrance.gouv.fr Sur la justice \u00e0 Lyon : www.ca-lyon.justice.fr Sur l&rsquo;aide juridictionnelle : www.service-public.fr\/particuliers\/vosdroits\/F18074 Sur le barreau de Lyon : www.barreaulyon.com Sur les administrations : www.service-public.fr Sur les retraites : www.info-retraite.fr Sites outils : Calculer l&rsquo;indexation d&rsquo;une pension alimentaire : www.service-public.fr\/calcul-pension\/index.html Convertir la valeur [&hellip;]\" \/>\n<meta property=\"og:url\" content=\"https:\/\/www.avocat-bonnet.fr\/lyon-villeurbanne\/liens-utiles\/\" \/>\n<meta property=\"og:site_name\" content=\"Nicolas Bonnet - Avocat Lyon et Villeurbanne, divorce, droit m\u00e9dical, travail, litiges de la consommation...\" \/>\n<meta property=\"article:modified_time\" content=\"2022-02-01T08:48:29+00:00\" \/>\n<meta property=\"og:image\" content=\"https:\/\/www.avocat-bonnet.fr\/lyon-villeurbanne\/wp-content\/uploads\/2018\/06\/Defaut-image.jpg\" \/>\n\t<meta property=\"og:image:width\" content=\"300\" \/>\n\t<meta property=\"og:image:height\" content=\"200\" \/>\n\t<meta property=\"og:image:type\" content=\"image\/jpeg\" \/>\n<meta name=\"twitter:card\" content=\"summary_large_image\" \/>\n<meta name=\"twitter:label1\" content=\"Dur\u00e9e de lecture estim\u00e9e\" \/>\n\t<meta name=\"twitter:data1\" content=\"1 minute\" \/>\n<script type=\"application\/ld+json\" class=\"yoast-schema-graph\">{\"@context\":\"https:\/\/schema.org\",\"@graph\":[{\"@type\":\"WebPage\",\"@id\":\"https:\/\/www.avocat-bonnet.fr\/lyon-villeurbanne\/liens-utiles\/\",\"url\":\"https:\/\/www.avocat-bonnet.fr\/lyon-villeurbanne\/liens-utiles\/\",\"name\":\"Liens (vraiment) utiles - Nicolas Bonnet - Avocat Lyon et Villeurbanne, divorce, droit m\u00e9dical, travail, litiges de la consommation...\",\"isPartOf\":{\"@id\":\"https:\/\/www.avocat-bonnet.fr\/lyon-villeurbanne\/#website\"},\"primaryImageOfPage\":{\"@id\":\"https:\/\/www.avocat-bonnet.fr\/lyon-villeurbanne\/liens-utiles\/#primaryimage\"},\"image\":{\"@id\":\"https:\/\/www.avocat-bonnet.fr\/lyon-villeurbanne\/liens-utiles\/#primaryimage\"},\"thumbnailUrl\":\"https:\/\/www.avocat-bonnet.fr\/lyon-villeurbanne\/wp-content\/uploads\/2018\/06\/Defaut-image.jpg\",\"datePublished\":\"2012-09-21T14:03:26+00:00\",\"dateModified\":\"2022-02-01T08:48:29+00:00\",\"breadcrumb\":{\"@id\":\"https:\/\/www.avocat-bonnet.fr\/lyon-villeurbanne\/liens-utiles\/#breadcrumb\"},\"inLanguage\":\"fr-FR\",\"potentialAction\":[{\"@type\":\"ReadAction\",\"target\":[\"https:\/\/www.avocat-bonnet.fr\/lyon-villeurbanne\/liens-utiles\/\"]}]},{\"@type\":\"ImageObject\",\"inLanguage\":\"fr-FR\",\"@id\":\"https:\/\/www.avocat-bonnet.fr\/lyon-villeurbanne\/liens-utiles\/#primaryimage\",\"url\":\"https:\/\/www.avocat-bonnet.fr\/lyon-villeurbanne\/wp-content\/uploads\/2018\/06\/Defaut-image.jpg\",\"contentUrl\":\"https:\/\/www.avocat-bonnet.fr\/lyon-villeurbanne\/wp-content\/uploads\/2018\/06\/Defaut-image.jpg\",\"width\":300,\"height\":200},{\"@type\":\"BreadcrumbList\",\"@id\":\"https:\/\/www.avocat-bonnet.fr\/lyon-villeurbanne\/liens-utiles\/#breadcrumb\",\"itemListElement\":[{\"@type\":\"ListItem\",\"position\":1,\"name\":\"Accueil\",\"item\":\"https:\/\/www.avocat-bonnet.fr\/lyon-villeurbanne\/\"},{\"@type\":\"ListItem\",\"position\":2,\"name\":\"Liens (vraiment) utiles\"}]},{\"@type\":\"WebSite\",\"@id\":\"https:\/\/www.avocat-bonnet.fr\/lyon-villeurbanne\/#website\",\"url\":\"https:\/\/www.avocat-bonnet.fr\/lyon-villeurbanne\/\",\"name\":\"Nicolas Bonnet - Avocat Lyon et Villeurbanne, divorce, droit m\u00e9dical, travail, litiges de la consommation...\",\"description\":\"Un cabinet d&#039;avocat d\u00e9di\u00e9 au droit des particuliers, commer\u00e7ants et petites entreprises...\",\"publisher\":{\"@id\":\"https:\/\/www.avocat-bonnet.fr\/lyon-villeurbanne\/#\/schema\/person\/53ccc962871a33e31889adc918b8794d\"},\"potentialAction\":[{\"@type\":\"SearchAction\",\"target\":{\"@type\":\"EntryPoint\",\"urlTemplate\":\"https:\/\/www.avocat-bonnet.fr\/lyon-villeurbanne\/?s={search_term_string}\"},\"query-input\":\"required name=search_term_string\"}],\"inLanguage\":\"fr-FR\"},{\"@type\":[\"Person\",\"Organization\"],\"@id\":\"https:\/\/www.avocat-bonnet.fr\/lyon-villeurbanne\/#\/schema\/person\/53ccc962871a33e31889adc918b8794d\",\"name\":\"Nicolas Bonnet\",\"logo\":{\"@id\":\"https:\/\/www.avocat-bonnet.fr\/lyon-villeurbanne\/#\/schema\/person\/image\/\"}}]}<\/script>\n<!-- \/ Yoast SEO plugin. -->","yoast_head_json":{"title":"Liens (vraiment) utiles - Nicolas Bonnet - Avocat Lyon et Villeurbanne, divorce, droit m\u00e9dical, travail, litiges de la consommation...","robots":{"index":"index","follow":"follow","max-snippet":"max-snippet:-1","max-image-preview":"max-image-preview:large","max-video-preview":"max-video-preview:-1"},"canonical":"https:\/\/www.avocat-bonnet.fr\/lyon-villeurbanne\/liens-utiles\/","og_locale":"fr_FR","og_type":"article","og_title":"Liens (vraiment) utiles - Nicolas Bonnet - Avocat Lyon et Villeurbanne, divorce, droit m\u00e9dical, travail, litiges de la consommation...","og_description":"Se renseigner sur internet Sur tout le droit applicable en France : www.legifrance.gouv.fr Sur la justice \u00e0 Lyon : www.ca-lyon.justice.fr Sur l&rsquo;aide juridictionnelle : www.service-public.fr\/particuliers\/vosdroits\/F18074 Sur le barreau de Lyon : www.barreaulyon.com Sur les administrations : www.service-public.fr Sur les retraites : www.info-retraite.fr Sites outils : Calculer l&rsquo;indexation d&rsquo;une pension alimentaire : www.service-public.fr\/calcul-pension\/index.html Convertir la valeur [&hellip;]","og_url":"https:\/\/www.avocat-bonnet.fr\/lyon-villeurbanne\/liens-utiles\/","og_site_name":"Nicolas Bonnet - Avocat Lyon et Villeurbanne, divorce, droit m\u00e9dical, travail, litiges de la consommation...","article_modified_time":"2022-02-01T08:48:29+00:00","og_image":[{"width":300,"height":200,"url":"https:\/\/www.avocat-bonnet.fr\/lyon-villeurbanne\/wp-content\/uploads\/2018\/06\/Defaut-image.jpg","type":"image\/jpeg"}],"twitter_card":"summary_large_image","twitter_misc":{"Dur\u00e9e de lecture estim\u00e9e":"1 minute"},"schema":{"@context":"https:\/\/schema.org","@graph":[{"@type":"WebPage","@id":"https:\/\/www.avocat-bonnet.fr\/lyon-villeurbanne\/liens-utiles\/","url":"https:\/\/www.avocat-bonnet.fr\/lyon-villeurbanne\/liens-utiles\/","name":"Liens (vraiment) utiles - Nicolas Bonnet - Avocat Lyon et Villeurbanne, divorce, droit m\u00e9dical, travail, litiges de la consommation...","isPartOf":{"@id":"https:\/\/www.avocat-bonnet.fr\/lyon-villeurbanne\/#website"},"primaryImageOfPage":{"@id":"https:\/\/www.avocat-bonnet.fr\/lyon-villeurbanne\/liens-utiles\/#primaryimage"},"image":{"@id":"https:\/\/www.avocat-bonnet.fr\/lyon-villeurbanne\/liens-utiles\/#primaryimage"},"thumbnailUrl":"https:\/\/www.avocat-bonnet.fr\/lyon-villeurbanne\/wp-content\/uploads\/2018\/06\/Defaut-image.jpg","datePublished":"2012-09-21T14:03:26+00:00","dateModified":"2022-02-01T08:48:29+00:00","breadcrumb":{"@id":"https:\/\/www.avocat-bonnet.fr\/lyon-villeurbanne\/liens-utiles\/#breadcrumb"},"inLanguage":"fr-FR","potentialAction":[{"@type":"ReadAction","target":["https:\/\/www.avocat-bonnet.fr\/lyon-villeurbanne\/liens-utiles\/"]}]},{"@type":"ImageObject","inLanguage":"fr-FR","@id":"https:\/\/www.avocat-bonnet.fr\/lyon-villeurbanne\/liens-utiles\/#primaryimage","url":"https:\/\/www.avocat-bonnet.fr\/lyon-villeurbanne\/wp-content\/uploads\/2018\/06\/Defaut-image.jpg","contentUrl":"https:\/\/www.avocat-bonnet.fr\/lyon-villeurbanne\/wp-content\/uploads\/2018\/06\/Defaut-image.jpg","width":300,"height":200},{"@type":"BreadcrumbList","@id":"https:\/\/www.avocat-bonnet.fr\/lyon-villeurbanne\/liens-utiles\/#breadcrumb","itemListElement":[{"@type":"ListItem","position":1,"name":"Accueil","item":"https:\/\/www.avocat-bonnet.fr\/lyon-villeurbanne\/"},{"@type":"ListItem","position":2,"name":"Liens (vraiment) utiles"}]},{"@type":"WebSite","@id":"https:\/\/www.avocat-bonnet.fr\/lyon-villeurbanne\/#website","url":"https:\/\/www.avocat-bonnet.fr\/lyon-villeurbanne\/","name":"Nicolas Bonnet - Avocat Lyon et Villeurbanne, divorce, droit m\u00e9dical, travail, litiges de la consommation...","description":"Un cabinet d&#039;avocat d\u00e9di\u00e9 au droit des particuliers, commer\u00e7ants et petites entreprises...","publisher":{"@id":"https:\/\/www.avocat-bonnet.fr\/lyon-villeurbanne\/#\/schema\/person\/53ccc962871a33e31889adc918b8794d"},"potentialAction":[{"@type":"SearchAction","target":{"@type":"EntryPoint","urlTemplate":"https:\/\/www.avocat-bonnet.fr\/lyon-villeurbanne\/?s={search_term_string}"},"query-input":"required name=search_term_string"}],"inLanguage":"fr-FR"},{"@type":["Person","Organization"],"@id":"https:\/\/www.avocat-bonnet.fr\/lyon-villeurbanne\/#\/schema\/person\/53ccc962871a33e31889adc918b8794d","name":"Nicolas Bonnet","logo":{"@id":"https:\/\/www.avocat-bonnet.fr\/lyon-villeurbanne\/#\/schema\/person\/image\/"}}]}},"_links":{"self":[{"href":"https:\/\/www.avocat-bonnet.fr\/lyon-villeurbanne\/wp-json\/wp\/v2\/pages\/102"}],"collection":[{"href":"https:\/\/www.avocat-bonnet.fr\/lyon-villeurbanne\/wp-json\/wp\/v2\/pages"}],"about":[{"href":"https:\/\/www.avocat-bonnet.fr\/lyon-villeurbanne\/wp-json\/wp\/v2\/types\/page"}],"author":[{"embeddable":true,"href":"https:\/\/www.avocat-bonnet.fr\/lyon-villeurbanne\/wp-json\/wp\/v2\/users\/4"}],"replies":[{"embeddable":true,"href":"https:\/\/www.avocat-bonnet.fr\/lyon-villeurbanne\/wp-json\/wp\/v2\/comments?post=102"}],"version-history":[{"count":6,"href":"https:\/\/www.avocat-bonnet.fr\/lyon-villeurbanne\/wp-json\/wp\/v2\/pages\/102\/revisions"}],"predecessor-version":[{"id":3830,"href":"https:\/\/www.avocat-bonnet.fr\/lyon-villeurbanne\/wp-json\/wp\/v2\/pages\/102\/revisions\/3830"}],"wp:featuredmedia":[{"embeddable":true,"href":"https:\/\/www.avocat-bonnet.fr\/lyon-villeurbanne\/wp-json\/wp\/v2\/media\/1562"}],"wp:attachment":[{"href":"https:\/\/www.avocat-bonnet.fr\/lyon-villeurbanne\/wp-json\/wp\/v2\/media?parent=102"}],"curies":[{"name":"wp","href":"https:\/\/api.w.org\/{rel}","templated":true}]}}